{"id":5466,"date":"2023-01-31T19:49:22","date_gmt":"2023-01-31T19:49:22","guid":{"rendered":"https:\/\/synca-13730204208.futehost.ca\/?post_type=product&#038;p=5466"},"modified":"2023-08-30T09:43:01","modified_gmt":"2023-08-30T13:43:01","slug":"brillance-20-depliants-pour-patient","status":"publish","type":"product","link":"https:\/\/www.synca.com\/fr-ca\/produit\/brillance-20-depliants-pour-patient\/","title":{"rendered":"Brillance 20 d\u00e9pliants pour patient"},"content":{"rendered":"<p><strong>Les d\u00e9pliants sont offerts en fran\u00e7ais et en anglais<\/strong><\/p>\n<p>Quantit\u00e9: 25<\/p>\n","protected":false},"excerpt":{"rendered":"<p>Brillance 20 d\u00e9pliants pour patient<\/p>\n","protected":false},"featured_media":6336,"comment_status":"open","ping_status":"closed","template":"","meta":{"_acf_changed":false},"product_brand":[],"product_cat":[175],"product_tag":[],"marques-de-produit":[],"class_list":{"0":"post-5466","1":"product","2":"type-product","3":"status-publish","4":"has-post-thumbnail","6":"product_cat-brillance-20","8":"first","9":"instock","10":"taxable","11":"shipping-taxable","12":"purchasable","13":"product-type-simple"},"acf":[],"_links":{"self":[{"href":"https:\/\/www.synca.com\/fr-ca\/wp-json\/wp\/v2\/product\/5466","targetHints":{"allow":["GET"]}}],"collection":[{"href":"https:\/\/www.synca.com\/fr-ca\/wp-json\/wp\/v2\/product"}],"about":[{"href":"https:\/\/www.synca.com\/fr-ca\/wp-json\/wp\/v2\/types\/product"}],"replies":[{"embeddable":true,"href":"https:\/\/www.synca.com\/fr-ca\/wp-json\/wp\/v2\/comments?post=5466"}],"version-history":[{"count":1,"href":"https:\/\/www.synca.com\/fr-ca\/wp-json\/wp\/v2\/product\/5466\/revisions"}],"predecessor-version":[{"id":14938,"href":"https:\/\/www.synca.com\/fr-ca\/wp-json\/wp\/v2\/product\/5466\/revisions\/14938"}],"wp:featuredmedia":[{"embeddable":true,"href":"https:\/\/www.synca.com\/fr-ca\/wp-json\/wp\/v2\/media\/6336"}],"wp:attachment":[{"href":"https:\/\/www.synca.com\/fr-ca\/wp-json\/wp\/v2\/media?parent=5466"}],"wp:term":[{"taxonomy":"product_brand","embeddable":true,"href":"https:\/\/www.synca.com\/fr-ca\/wp-json\/wp\/v2\/product_brand?post=5466"},{"taxonomy":"product_cat","embeddable":true,"href":"https:\/\/www.synca.com\/fr-ca\/wp-json\/wp\/v2\/product_cat?post=5466"},{"taxonomy":"product_tag","embeddable":true,"href":"https:\/\/www.synca.com\/fr-ca\/wp-json\/wp\/v2\/product_tag?post=5466"},{"taxonomy":"marques-de-produit","embeddable":true,"href":"https:\/\/www.synca.com\/fr-ca\/wp-json\/wp\/v2\/marques-de-produit?post=5466"}],"curies":[{"name":"wp","href":"https:\/\/api.w.org\/{rel}","templated":true}]}}