{"id":5192,"date":"2023-01-31T16:50:20","date_gmt":"2023-01-31T16:50:20","guid":{"rendered":"https:\/\/synca-13730204208.futehost.ca\/?post_type=product&#038;p=5192"},"modified":"2025-10-07T10:09:46","modified_gmt":"2025-10-07T14:09:46","slug":"fiber-force-cst-pilliers-de-supports-temporaires","status":"publish","type":"product","link":"https:\/\/www.synca.com\/fr-ca\/produit\/fiber-force-cst-pilliers-de-supports-temporaires\/","title":{"rendered":"FiBER FORCE CST pilliers de supports temporaires"},"content":{"rendered":"<p>10 &#8211; pilliers de support temporaire FiBER FORCE\u00ae CST\u00ae<\/p>\n<p><strong><em>Utilisation:<\/em><\/strong><br \/>\nLes piliers de support CST\u00ae sont utilis\u00e9s (deux par arche) pour cr\u00e9er un point d&rsquo;ancrage o\u00f9 commencer l&rsquo;application des fibres hybrides compressibles CST\u00ae tout en maintenant la tension sur celles-ci. Ils servent \u00e9galement \u00e0 d\u00e9marquer la position distale maximale de la proth\u00e8se. Les piliers de support CST\u00ae sont enti\u00e8rement fabriqu\u00e9s en fibres de verre \u00abE\u00bb (au m\u00eame titre que les fibres hybrides compressibles CST\u00ae) et compatibles avec tous les mat\u00e9riaux utilis\u00e9s dans le cadre de la technique CST\u00ae.<\/p>\n","protected":false},"excerpt":{"rendered":"<p>FiBER FORCE CST pilliers de supports temporaires<\/p>\n","protected":false},"featured_media":5193,"comment_status":"open","ping_status":"closed","template":"","meta":{"_acf_changed":false},"product_brand":[],"product_cat":[170],"product_tag":[],"marques-de-produit":[],"class_list":{"0":"post-5192","1":"product","2":"type-product","3":"status-publish","4":"has-post-thumbnail","6":"product_cat-cst","8":"first","9":"instock","10":"taxable","11":"shipping-taxable","12":"purchasable","13":"product-type-simple"},"acf":[],"_links":{"self":[{"href":"https:\/\/www.synca.com\/fr-ca\/wp-json\/wp\/v2\/product\/5192","targetHints":{"allow":["GET"]}}],"collection":[{"href":"https:\/\/www.synca.com\/fr-ca\/wp-json\/wp\/v2\/product"}],"about":[{"href":"https:\/\/www.synca.com\/fr-ca\/wp-json\/wp\/v2\/types\/product"}],"replies":[{"embeddable":true,"href":"https:\/\/www.synca.com\/fr-ca\/wp-json\/wp\/v2\/comments?post=5192"}],"version-history":[{"count":2,"href":"https:\/\/www.synca.com\/fr-ca\/wp-json\/wp\/v2\/product\/5192\/revisions"}],"predecessor-version":[{"id":17491,"href":"https:\/\/www.synca.com\/fr-ca\/wp-json\/wp\/v2\/product\/5192\/revisions\/17491"}],"wp:featuredmedia":[{"embeddable":true,"href":"https:\/\/www.synca.com\/fr-ca\/wp-json\/wp\/v2\/media\/5193"}],"wp:attachment":[{"href":"https:\/\/www.synca.com\/fr-ca\/wp-json\/wp\/v2\/media?parent=5192"}],"wp:term":[{"taxonomy":"product_brand","embeddable":true,"href":"https:\/\/www.synca.com\/fr-ca\/wp-json\/wp\/v2\/product_brand?post=5192"},{"taxonomy":"product_cat","embeddable":true,"href":"https:\/\/www.synca.com\/fr-ca\/wp-json\/wp\/v2\/product_cat?post=5192"},{"taxonomy":"product_tag","embeddable":true,"href":"https:\/\/www.synca.com\/fr-ca\/wp-json\/wp\/v2\/product_tag?post=5192"},{"taxonomy":"marques-de-produit","embeddable":true,"href":"https:\/\/www.synca.com\/fr-ca\/wp-json\/wp\/v2\/marques-de-produit?post=5192"}],"curies":[{"name":"wp","href":"https:\/\/api.w.org\/{rel}","templated":true}]}}