{"id":5187,"date":"2023-01-31T16:45:34","date_gmt":"2023-01-31T21:45:34","guid":{"rendered":"https:\/\/synca-13730204208.futehost.ca\/?post_type=product&#038;p=5187"},"modified":"2025-10-07T10:07:55","modified_gmt":"2025-10-07T14:07:55","slug":"fiber-force-cst-fibres-hybrides-compressibles-14-prix-de-quantite","status":"publish","type":"product","link":"https:\/\/www.synca.com\/fr-ca\/produit\/fiber-force-cst-fibres-hybrides-compressibles-14-prix-de-quantite\/","title":{"rendered":"FiBER FORCE CST fibres hybrides compressibles 1:4 (prix de quantit\u00e9)"},"content":{"rendered":"<p>1 &#8211; 11.75\u201d (300mm) FiBER FORCE\u00ae CST\u00ae fibres hybrides compressibles roses (1:4)<\/p>\n<p><strong><em>Utilisation:<\/em><\/strong><br \/>\nLe diam\u00e8tre des fibres hybrides compressibles CST\u00ae 1:4 est inf\u00e9rieur \u00e0 celui des fibres hybrides compressibles 1:6 pour permettre la cr\u00e9ation des c\u00e2bles de comportement ou verticaux de l&rsquo;armature CST\u00ae. Une trousse contient suffisamment de mat\u00e9riau pour compl\u00e9ter tous les \u00abc\u00e2blages\u00bb requis dans la majorit\u00e9 des cas de 4 \u00e0 6 implants.<\/p>\n","protected":false},"excerpt":{"rendered":"<p>FiBER FORCE CST fibres hybrides compressibles 1:4 (prix de quantit\u00e9)<\/p>\n","protected":false},"featured_media":6650,"comment_status":"open","ping_status":"closed","template":"","meta":{"_acf_changed":false},"product_brand":[],"product_cat":[170],"product_tag":[],"marques-de-produit":[],"class_list":{"0":"post-5187","1":"product","2":"type-product","3":"status-publish","4":"has-post-thumbnail","6":"product_cat-cst","8":"first","9":"instock","10":"taxable","11":"shipping-taxable","12":"purchasable","13":"product-type-simple"},"acf":[],"_links":{"self":[{"href":"https:\/\/www.synca.com\/fr-ca\/wp-json\/wp\/v2\/product\/5187","targetHints":{"allow":["GET"]}}],"collection":[{"href":"https:\/\/www.synca.com\/fr-ca\/wp-json\/wp\/v2\/product"}],"about":[{"href":"https:\/\/www.synca.com\/fr-ca\/wp-json\/wp\/v2\/types\/product"}],"replies":[{"embeddable":true,"href":"https:\/\/www.synca.com\/fr-ca\/wp-json\/wp\/v2\/comments?post=5187"}],"version-history":[{"count":2,"href":"https:\/\/www.synca.com\/fr-ca\/wp-json\/wp\/v2\/product\/5187\/revisions"}],"predecessor-version":[{"id":17490,"href":"https:\/\/www.synca.com\/fr-ca\/wp-json\/wp\/v2\/product\/5187\/revisions\/17490"}],"wp:featuredmedia":[{"embeddable":true,"href":"https:\/\/www.synca.com\/fr-ca\/wp-json\/wp\/v2\/media\/6650"}],"wp:attachment":[{"href":"https:\/\/www.synca.com\/fr-ca\/wp-json\/wp\/v2\/media?parent=5187"}],"wp:term":[{"taxonomy":"product_brand","embeddable":true,"href":"https:\/\/www.synca.com\/fr-ca\/wp-json\/wp\/v2\/product_brand?post=5187"},{"taxonomy":"product_cat","embeddable":true,"href":"https:\/\/www.synca.com\/fr-ca\/wp-json\/wp\/v2\/product_cat?post=5187"},{"taxonomy":"product_tag","embeddable":true,"href":"https:\/\/www.synca.com\/fr-ca\/wp-json\/wp\/v2\/product_tag?post=5187"},{"taxonomy":"marques-de-produit","embeddable":true,"href":"https:\/\/www.synca.com\/fr-ca\/wp-json\/wp\/v2\/marques-de-produit?post=5187"}],"curies":[{"name":"wp","href":"https:\/\/api.w.org\/{rel}","templated":true}]}}