{"id":5109,"date":"2023-01-31T15:47:40","date_gmt":"2023-01-31T15:47:40","guid":{"rendered":"https:\/\/synca-13730204208.futehost.ca\/?post_type=product&#038;p=5109"},"modified":"2023-10-05T10:49:12","modified_gmt":"2023-10-05T14:49:12","slug":"fiber-force-espaceur-en-cire-rose","status":"publish","type":"product","link":"https:\/\/www.synca.com\/fr-ca\/produit\/fiber-force-espaceur-en-cire-rose\/","title":{"rendered":"FiBER FORCE espaceur en cire (rose)"},"content":{"rendered":"<p><strong>Contient<\/strong><strong>:<\/strong><br \/>\napprox: 100 feuilles (1 bls)<\/p>\n<p><strong>Utilisations:<\/strong><br \/>\nL&rsquo;espaceur en cire rose est utilis\u00e9 dans le cadre du processus de fabrication de la grille. Il poss\u00e8de une jauge de 26 ou une \u00e9paisseur de 0,5mm et est id\u00e9al pour cr\u00e9er l&rsquo;espace requis pour l&rsquo;acrylique, durant le processus.<\/p>\n","protected":false},"excerpt":{"rendered":"<p>FiBER FORCE espaceur en cire (rose)<\/p>\n","protected":false},"featured_media":6663,"comment_status":"open","ping_status":"closed","template":"","meta":{"_acf_changed":false},"product_brand":[],"product_cat":[169],"product_tag":[],"marques-de-produit":[],"class_list":{"0":"post-5109","1":"product","2":"type-product","3":"status-publish","4":"has-post-thumbnail","6":"product_cat-fiber-force","8":"first","9":"instock","10":"taxable","11":"shipping-taxable","12":"purchasable","13":"product-type-simple"},"acf":[],"_links":{"self":[{"href":"https:\/\/www.synca.com\/fr-ca\/wp-json\/wp\/v2\/product\/5109","targetHints":{"allow":["GET"]}}],"collection":[{"href":"https:\/\/www.synca.com\/fr-ca\/wp-json\/wp\/v2\/product"}],"about":[{"href":"https:\/\/www.synca.com\/fr-ca\/wp-json\/wp\/v2\/types\/product"}],"replies":[{"embeddable":true,"href":"https:\/\/www.synca.com\/fr-ca\/wp-json\/wp\/v2\/comments?post=5109"}],"version-history":[{"count":2,"href":"https:\/\/www.synca.com\/fr-ca\/wp-json\/wp\/v2\/product\/5109\/revisions"}],"predecessor-version":[{"id":17158,"href":"https:\/\/www.synca.com\/fr-ca\/wp-json\/wp\/v2\/product\/5109\/revisions\/17158"}],"wp:featuredmedia":[{"embeddable":true,"href":"https:\/\/www.synca.com\/fr-ca\/wp-json\/wp\/v2\/media\/6663"}],"wp:attachment":[{"href":"https:\/\/www.synca.com\/fr-ca\/wp-json\/wp\/v2\/media?parent=5109"}],"wp:term":[{"taxonomy":"product_brand","embeddable":true,"href":"https:\/\/www.synca.com\/fr-ca\/wp-json\/wp\/v2\/product_brand?post=5109"},{"taxonomy":"product_cat","embeddable":true,"href":"https:\/\/www.synca.com\/fr-ca\/wp-json\/wp\/v2\/product_cat?post=5109"},{"taxonomy":"product_tag","embeddable":true,"href":"https:\/\/www.synca.com\/fr-ca\/wp-json\/wp\/v2\/product_tag?post=5109"},{"taxonomy":"marques-de-produit","embeddable":true,"href":"https:\/\/www.synca.com\/fr-ca\/wp-json\/wp\/v2\/marques-de-produit?post=5109"}],"curies":[{"name":"wp","href":"https:\/\/api.w.org\/{rel}","templated":true}]}}