{"id":5101,"date":"2023-01-31T15:46:06","date_gmt":"2023-01-31T15:46:06","guid":{"rendered":"https:\/\/synca-13730204208.futehost.ca\/?post_type=product&#038;p=5101"},"modified":"2025-10-07T10:22:28","modified_gmt":"2025-10-07T14:22:28","slug":"ez-vac-2","status":"publish","type":"product","link":"https:\/\/www.synca.com\/fr-ca\/produit\/ez-vac-2\/","title":{"rendered":"EZ VAC"},"content":{"rendered":"<p><em>INCLUS<br \/>\navec l&rsquo;achat de la trousse de d\u00e9part pour proth\u00e8ses<\/em><\/p>\n<p><strong>Contient<\/strong><strong>:<\/strong><br \/>\n1 &#8211; appareil EZ VAC, 3 &#8211; membranes en silicone<\/p>\n<p><strong>Utilisations:<\/strong><br \/>\nLe EZ VAC est un dispositif de moulage sous vide unique et simple \u00e0 utiliser, sp\u00e9cialement con\u00e7u pour la grille FiBER FORCE\u00ae. Il permet au technicien de cr\u00e9er des renforcements parfaitement ajust\u00e9s &#8211; \u00e0 tout coup. \u00c0 l&rsquo;aide d&rsquo;une pompe \u00e0 vide, une membrane de silicone recouvre la grille non photopolym\u00e9ris\u00e9e afin de l&rsquo;adapter pr\u00e9cis\u00e9ment au mod\u00e8le. Le EZ VAC est ensuite ins\u00e9r\u00e9 dans une unit\u00e9 de photopolym\u00e9risation, puis la grille est rapidement polym\u00e9ris\u00e9e dans sa forme finale.<\/p>\n<p><em><strong>Notes:<\/strong><br \/>\n<\/em><em>Le EZ VAC est requis pour former la grille de nouvelles proth\u00e8ses seulement et non pour r\u00e9parer des proth\u00e8ses.<\/em><\/p>\n","protected":false},"excerpt":{"rendered":"<p>EZ VAC<\/p>\n","protected":false},"featured_media":6671,"comment_status":"open","ping_status":"closed","template":"","meta":{"_acf_changed":false},"product_brand":[],"product_cat":[169],"product_tag":[],"marques-de-produit":[],"class_list":{"0":"post-5101","1":"product","2":"type-product","3":"status-publish","4":"has-post-thumbnail","6":"product_cat-fiber-force","8":"first","9":"instock","10":"taxable","11":"shipping-taxable","12":"purchasable","13":"product-type-simple"},"acf":[],"_links":{"self":[{"href":"https:\/\/www.synca.com\/fr-ca\/wp-json\/wp\/v2\/product\/5101","targetHints":{"allow":["GET"]}}],"collection":[{"href":"https:\/\/www.synca.com\/fr-ca\/wp-json\/wp\/v2\/product"}],"about":[{"href":"https:\/\/www.synca.com\/fr-ca\/wp-json\/wp\/v2\/types\/product"}],"replies":[{"embeddable":true,"href":"https:\/\/www.synca.com\/fr-ca\/wp-json\/wp\/v2\/comments?post=5101"}],"version-history":[{"count":2,"href":"https:\/\/www.synca.com\/fr-ca\/wp-json\/wp\/v2\/product\/5101\/revisions"}],"predecessor-version":[{"id":17487,"href":"https:\/\/www.synca.com\/fr-ca\/wp-json\/wp\/v2\/product\/5101\/revisions\/17487"}],"wp:featuredmedia":[{"embeddable":true,"href":"https:\/\/www.synca.com\/fr-ca\/wp-json\/wp\/v2\/media\/6671"}],"wp:attachment":[{"href":"https:\/\/www.synca.com\/fr-ca\/wp-json\/wp\/v2\/media?parent=5101"}],"wp:term":[{"taxonomy":"product_brand","embeddable":true,"href":"https:\/\/www.synca.com\/fr-ca\/wp-json\/wp\/v2\/product_brand?post=5101"},{"taxonomy":"product_cat","embeddable":true,"href":"https:\/\/www.synca.com\/fr-ca\/wp-json\/wp\/v2\/product_cat?post=5101"},{"taxonomy":"product_tag","embeddable":true,"href":"https:\/\/www.synca.com\/fr-ca\/wp-json\/wp\/v2\/product_tag?post=5101"},{"taxonomy":"marques-de-produit","embeddable":true,"href":"https:\/\/www.synca.com\/fr-ca\/wp-json\/wp\/v2\/marques-de-produit?post=5101"}],"curies":[{"name":"wp","href":"https:\/\/api.w.org\/{rel}","templated":true}]}}