{"id":5093,"date":"2023-01-31T15:44:29","date_gmt":"2023-01-31T20:44:29","guid":{"rendered":"https:\/\/synca-13730204208.futehost.ca\/?post_type=product&#038;p=5093"},"modified":"2025-10-07T10:19:07","modified_gmt":"2025-10-07T14:19:07","slug":"fiber-force-fibres-ud-rose-prix-de-quantite","status":"publish","type":"product","link":"https:\/\/www.synca.com\/fr-ca\/produit\/fiber-force-fibres-ud-rose-prix-de-quantite\/","title":{"rendered":"FiBER FORCE fibres UD (rose &#8211; prix de quantit\u00e9)"},"content":{"rendered":"<p><strong>Contient:<\/strong><br \/>\n2 grilles rectangulaires 53mm x 80mm<br \/>\n(pr\u00e9impr\u00e9gn\u00e9es de r\u00e9sine rose photopolym\u00e9risable)<\/p>\n<p><strong>Utilisations<\/strong><strong>:<\/strong><br \/>\nNouvelles proth\u00e8ses compl\u00e8tes; proth\u00e8ses sur implants; r\u00e9parations de proth\u00e8ses<\/p>\n<p><em><strong>Notes:<\/strong><br \/>\n<\/em><em>Les fibres UD sont les plus r\u00e9sistantes de tous les mat\u00e9riaux torsad\u00e9s (UD, tresse, ruban), mais un peu plus difficiles \u00e0 plier et \u00e0 placer dans certaines formes, comme une boucle. Elles sont recommand\u00e9es lorsqu&rsquo;un maximum de r\u00e9sistance et de renforcement est requis. Elles sont faciles \u00e0 diviser, en longueur, \u00e0 l&rsquo;aide d&rsquo;une lame, pour obtenir des sections plus \u00e9troites.<\/em><\/p>\n","protected":false},"excerpt":{"rendered":"<p>FiBER FORCE fibres UD (rose &#8211; prix de quantit\u00e9)<\/p>\n","protected":false},"featured_media":6679,"comment_status":"open","ping_status":"closed","template":"","meta":{"_acf_changed":false},"product_brand":[],"product_cat":[169],"product_tag":[],"marques-de-produit":[],"class_list":{"0":"post-5093","1":"product","2":"type-product","3":"status-publish","4":"has-post-thumbnail","6":"product_cat-fiber-force","8":"first","9":"instock","10":"taxable","11":"shipping-taxable","12":"purchasable","13":"product-type-simple"},"acf":[],"_links":{"self":[{"href":"https:\/\/www.synca.com\/fr-ca\/wp-json\/wp\/v2\/product\/5093","targetHints":{"allow":["GET"]}}],"collection":[{"href":"https:\/\/www.synca.com\/fr-ca\/wp-json\/wp\/v2\/product"}],"about":[{"href":"https:\/\/www.synca.com\/fr-ca\/wp-json\/wp\/v2\/types\/product"}],"replies":[{"embeddable":true,"href":"https:\/\/www.synca.com\/fr-ca\/wp-json\/wp\/v2\/comments?post=5093"}],"version-history":[{"count":1,"href":"https:\/\/www.synca.com\/fr-ca\/wp-json\/wp\/v2\/product\/5093\/revisions"}],"predecessor-version":[{"id":14552,"href":"https:\/\/www.synca.com\/fr-ca\/wp-json\/wp\/v2\/product\/5093\/revisions\/14552"}],"wp:featuredmedia":[{"embeddable":true,"href":"https:\/\/www.synca.com\/fr-ca\/wp-json\/wp\/v2\/media\/6679"}],"wp:attachment":[{"href":"https:\/\/www.synca.com\/fr-ca\/wp-json\/wp\/v2\/media?parent=5093"}],"wp:term":[{"taxonomy":"product_brand","embeddable":true,"href":"https:\/\/www.synca.com\/fr-ca\/wp-json\/wp\/v2\/product_brand?post=5093"},{"taxonomy":"product_cat","embeddable":true,"href":"https:\/\/www.synca.com\/fr-ca\/wp-json\/wp\/v2\/product_cat?post=5093"},{"taxonomy":"product_tag","embeddable":true,"href":"https:\/\/www.synca.com\/fr-ca\/wp-json\/wp\/v2\/product_tag?post=5093"},{"taxonomy":"marques-de-produit","embeddable":true,"href":"https:\/\/www.synca.com\/fr-ca\/wp-json\/wp\/v2\/marques-de-produit?post=5093"}],"curies":[{"name":"wp","href":"https:\/\/api.w.org\/{rel}","templated":true}]}}