{"id":5086,"date":"2023-01-31T15:43:39","date_gmt":"2023-01-31T20:43:39","guid":{"rendered":"https:\/\/synca-13730204208.futehost.ca\/?post_type=product&#038;p=5086"},"modified":"2025-10-07T10:18:55","modified_gmt":"2025-10-07T14:18:55","slug":"fiber-force-tresses-1mm-rose-prix-de-quantite","status":"publish","type":"product","link":"https:\/\/www.synca.com\/fr-ca\/produit\/fiber-force-tresses-1mm-rose-prix-de-quantite\/","title":{"rendered":"FiBER FORCE tresses 1mm (rose &#8211; prix de quantit\u00e9)"},"content":{"rendered":"<p><strong>Contient:<\/strong><br \/>\n2 &#8211; 6\u201d (2 &#8211; 15cm) fibres en tresses<br \/>\n(1mm de diam\u00e8tre, pr\u00e9impr\u00e9gn\u00e9es de r\u00e9sine rose photopolym\u00e9risable)<\/p>\n<p><strong>Utilisations<\/strong><strong>:<\/strong><br \/>\nAjouts sur des proth\u00e8ses compl\u00e8tes et partielles; support additionnel pour les proth\u00e8ses sur implants; autres applications en laboratoire pour renforcer des proth\u00e8ses en acrylique lorsque l&rsquo;espace est limit\u00e9.<\/p>\n","protected":false},"excerpt":{"rendered":"<p>FiBER FORCE tresses 1mm (rose &#8211; prix de quantit\u00e9)<\/p>\n","protected":false},"featured_media":6650,"comment_status":"open","ping_status":"closed","template":"","meta":{"_acf_changed":false},"product_brand":[],"product_cat":[169],"product_tag":[],"marques-de-produit":[74],"class_list":{"0":"post-5086","1":"product","2":"type-product","3":"status-publish","4":"has-post-thumbnail","6":"product_cat-fiber-force","7":"marques-de-produit-synca","9":"first","10":"instock","11":"taxable","12":"shipping-taxable","13":"purchasable","14":"product-type-simple"},"acf":[],"_links":{"self":[{"href":"https:\/\/www.synca.com\/fr-ca\/wp-json\/wp\/v2\/product\/5086","targetHints":{"allow":["GET"]}}],"collection":[{"href":"https:\/\/www.synca.com\/fr-ca\/wp-json\/wp\/v2\/product"}],"about":[{"href":"https:\/\/www.synca.com\/fr-ca\/wp-json\/wp\/v2\/types\/product"}],"replies":[{"embeddable":true,"href":"https:\/\/www.synca.com\/fr-ca\/wp-json\/wp\/v2\/comments?post=5086"}],"version-history":[{"count":2,"href":"https:\/\/www.synca.com\/fr-ca\/wp-json\/wp\/v2\/product\/5086\/revisions"}],"predecessor-version":[{"id":17486,"href":"https:\/\/www.synca.com\/fr-ca\/wp-json\/wp\/v2\/product\/5086\/revisions\/17486"}],"wp:featuredmedia":[{"embeddable":true,"href":"https:\/\/www.synca.com\/fr-ca\/wp-json\/wp\/v2\/media\/6650"}],"wp:attachment":[{"href":"https:\/\/www.synca.com\/fr-ca\/wp-json\/wp\/v2\/media?parent=5086"}],"wp:term":[{"taxonomy":"product_brand","embeddable":true,"href":"https:\/\/www.synca.com\/fr-ca\/wp-json\/wp\/v2\/product_brand?post=5086"},{"taxonomy":"product_cat","embeddable":true,"href":"https:\/\/www.synca.com\/fr-ca\/wp-json\/wp\/v2\/product_cat?post=5086"},{"taxonomy":"product_tag","embeddable":true,"href":"https:\/\/www.synca.com\/fr-ca\/wp-json\/wp\/v2\/product_tag?post=5086"},{"taxonomy":"marques-de-produit","embeddable":true,"href":"https:\/\/www.synca.com\/fr-ca\/wp-json\/wp\/v2\/marques-de-produit?post=5086"}],"curies":[{"name":"wp","href":"https:\/\/api.w.org\/{rel}","templated":true}]}}