{"id":5085,"date":"2023-01-31T15:41:05","date_gmt":"2023-01-31T20:41:05","guid":{"rendered":"https:\/\/synca-13730204208.futehost.ca\/?post_type=product&#038;p=5085"},"modified":"2025-12-15T12:35:35","modified_gmt":"2025-12-15T17:35:35","slug":"fiber-force-tresses-2mm-blanc-prix-de-quantite","status":"publish","type":"product","link":"https:\/\/www.synca.com\/fr-ca\/produit\/fiber-force-tresses-2mm-blanc-prix-de-quantite\/","title":{"rendered":"FiBER FORCE tresses 2mm (blanc &#8211; prix de quantit\u00e9)"},"content":{"rendered":"<p><strong>Contient:<\/strong><br \/>\n2 &#8211; 6\u201d (2 &#8211; 15cm) fibres en tresses<br \/>\n(2mm de diam\u00e8tre, pr\u00e9impr\u00e9gn\u00e9es de r\u00e9sine transparente photopolym\u00e9risable)<\/p>\n<p><strong>Utilisations<\/strong><strong>:<\/strong><\/p>\n<ul>\n<li><span style=\"color: #ff0000;\">(PAS pour attelle post-orthodontique)<\/span><\/li>\n<li>Renforcements de restaurations temporaires \u00e0 longue port\u00e9e ou \u00e0 long terme<\/li>\n<li>Diverses applications en laboratoire<\/li>\n<li>Stabilisation ou renforcement<\/li>\n<\/ul>\n","protected":false},"excerpt":{"rendered":"<p>FiBER FORCE tresses 2mm (blanc &#8211; prix de quantit\u00e9)<\/p>\n","protected":false},"featured_media":6683,"comment_status":"open","ping_status":"closed","template":"","meta":{"_acf_changed":false},"product_brand":[],"product_cat":[169],"product_tag":[],"marques-de-produit":[74],"class_list":{"0":"post-5085","1":"product","2":"type-product","3":"status-publish","4":"has-post-thumbnail","6":"product_cat-fiber-force","7":"marques-de-produit-synca","9":"first","10":"instock","11":"taxable","12":"shipping-taxable","13":"purchasable","14":"product-type-simple"},"acf":[],"_links":{"self":[{"href":"https:\/\/www.synca.com\/fr-ca\/wp-json\/wp\/v2\/product\/5085","targetHints":{"allow":["GET"]}}],"collection":[{"href":"https:\/\/www.synca.com\/fr-ca\/wp-json\/wp\/v2\/product"}],"about":[{"href":"https:\/\/www.synca.com\/fr-ca\/wp-json\/wp\/v2\/types\/product"}],"replies":[{"embeddable":true,"href":"https:\/\/www.synca.com\/fr-ca\/wp-json\/wp\/v2\/comments?post=5085"}],"version-history":[{"count":6,"href":"https:\/\/www.synca.com\/fr-ca\/wp-json\/wp\/v2\/product\/5085\/revisions"}],"predecessor-version":[{"id":23348,"href":"https:\/\/www.synca.com\/fr-ca\/wp-json\/wp\/v2\/product\/5085\/revisions\/23348"}],"wp:featuredmedia":[{"embeddable":true,"href":"https:\/\/www.synca.com\/fr-ca\/wp-json\/wp\/v2\/media\/6683"}],"wp:attachment":[{"href":"https:\/\/www.synca.com\/fr-ca\/wp-json\/wp\/v2\/media?parent=5085"}],"wp:term":[{"taxonomy":"product_brand","embeddable":true,"href":"https:\/\/www.synca.com\/fr-ca\/wp-json\/wp\/v2\/product_brand?post=5085"},{"taxonomy":"product_cat","embeddable":true,"href":"https:\/\/www.synca.com\/fr-ca\/wp-json\/wp\/v2\/product_cat?post=5085"},{"taxonomy":"product_tag","embeddable":true,"href":"https:\/\/www.synca.com\/fr-ca\/wp-json\/wp\/v2\/product_tag?post=5085"},{"taxonomy":"marques-de-produit","embeddable":true,"href":"https:\/\/www.synca.com\/fr-ca\/wp-json\/wp\/v2\/marques-de-produit?post=5085"}],"curies":[{"name":"wp","href":"https:\/\/api.w.org\/{rel}","templated":true}]}}