{"id":5081,"date":"2023-01-31T15:39:30","date_gmt":"2023-01-31T20:39:30","guid":{"rendered":"https:\/\/synca-13730204208.futehost.ca\/?post_type=product&#038;p=5081"},"modified":"2025-10-07T10:18:30","modified_gmt":"2025-10-07T14:18:30","slug":"fiber-force-tresses-2mm-rose-prix-de-quantite","status":"publish","type":"product","link":"https:\/\/www.synca.com\/fr-ca\/produit\/fiber-force-tresses-2mm-rose-prix-de-quantite\/","title":{"rendered":"FiBER FORCE tresses 2mm (rose &#8211; prix de quantit\u00e9)"},"content":{"rendered":"<p><strong>Contient:<\/strong><br \/>\n2 &#8211; 6\u201d (2 &#8211; 15cm) fibres en tresses<br \/>\n(2mm de diam\u00e8tre, pr\u00e9impr\u00e9gn\u00e9es de r\u00e9sine rose photopolym\u00e9risable)<\/p>\n<p><strong>Utilisations<\/strong><strong>:<\/strong><br \/>\nR\u00e9parations de proth\u00e8ses; support additionnel pour les proth\u00e8ses sur implants; autres applications en laboratoire pour renforcer des proth\u00e8ses en acrylique<\/p>\n","protected":false},"excerpt":{"rendered":"<p>FiBER FORCE tresses 2mm (rose &#8211; prix de quantit\u00e9)<\/p>\n","protected":false},"featured_media":6655,"comment_status":"open","ping_status":"closed","template":"","meta":{"_acf_changed":false},"product_brand":[],"product_cat":[169],"product_tag":[],"marques-de-produit":[74],"class_list":{"0":"post-5081","1":"product","2":"type-product","3":"status-publish","4":"has-post-thumbnail","6":"product_cat-fiber-force","7":"marques-de-produit-synca","9":"first","10":"instock","11":"taxable","12":"shipping-taxable","13":"purchasable","14":"product-type-simple"},"acf":[],"_links":{"self":[{"href":"https:\/\/www.synca.com\/fr-ca\/wp-json\/wp\/v2\/product\/5081","targetHints":{"allow":["GET"]}}],"collection":[{"href":"https:\/\/www.synca.com\/fr-ca\/wp-json\/wp\/v2\/product"}],"about":[{"href":"https:\/\/www.synca.com\/fr-ca\/wp-json\/wp\/v2\/types\/product"}],"replies":[{"embeddable":true,"href":"https:\/\/www.synca.com\/fr-ca\/wp-json\/wp\/v2\/comments?post=5081"}],"version-history":[{"count":2,"href":"https:\/\/www.synca.com\/fr-ca\/wp-json\/wp\/v2\/product\/5081\/revisions"}],"predecessor-version":[{"id":17485,"href":"https:\/\/www.synca.com\/fr-ca\/wp-json\/wp\/v2\/product\/5081\/revisions\/17485"}],"wp:featuredmedia":[{"embeddable":true,"href":"https:\/\/www.synca.com\/fr-ca\/wp-json\/wp\/v2\/media\/6655"}],"wp:attachment":[{"href":"https:\/\/www.synca.com\/fr-ca\/wp-json\/wp\/v2\/media?parent=5081"}],"wp:term":[{"taxonomy":"product_brand","embeddable":true,"href":"https:\/\/www.synca.com\/fr-ca\/wp-json\/wp\/v2\/product_brand?post=5081"},{"taxonomy":"product_cat","embeddable":true,"href":"https:\/\/www.synca.com\/fr-ca\/wp-json\/wp\/v2\/product_cat?post=5081"},{"taxonomy":"product_tag","embeddable":true,"href":"https:\/\/www.synca.com\/fr-ca\/wp-json\/wp\/v2\/product_tag?post=5081"},{"taxonomy":"marques-de-produit","embeddable":true,"href":"https:\/\/www.synca.com\/fr-ca\/wp-json\/wp\/v2\/marques-de-produit?post=5081"}],"curies":[{"name":"wp","href":"https:\/\/api.w.org\/{rel}","templated":true}]}}