{"id":5073,"date":"2023-01-31T15:35:04","date_gmt":"2023-01-31T20:35:04","guid":{"rendered":"https:\/\/synca-13730204208.futehost.ca\/?post_type=product&#038;p=5073"},"modified":"2025-10-07T10:18:03","modified_gmt":"2025-10-07T14:18:03","slug":"fiber-force-grille-rose-prix-de-quantite","status":"publish","type":"product","link":"https:\/\/www.synca.com\/fr-ca\/produit\/fiber-force-grille-rose-prix-de-quantite\/","title":{"rendered":"FiBER FORCE grille (rose &#8211; prix de quantit\u00e9)"},"content":{"rendered":"<p><strong>Contient:<\/strong><br \/>\n2 grilles rectangulaires 53mm x 80mm<br \/>\n(pr\u00e9impr\u00e9gn\u00e9es de r\u00e9sine rose photopolym\u00e9risable)<\/p>\n<p><strong>Utilisations<\/strong><strong>:<\/strong><br \/>\nNouvelles proth\u00e8ses compl\u00e8tes; proth\u00e8ses sur implants; r\u00e9parations de proth\u00e8ses<\/p>\n<p><em><strong>Notes:<\/strong><br \/>\n<\/em><em>L&rsquo;int\u00e9gration de FiBER FORCE\u00ae dans de nouvelles proth\u00e8ses requiert le dispositif de moulage sous vide EZ VAC, vendu s\u00e9par\u00e9ment ou inclus dans l&rsquo;offre sp\u00e9ciale en ligne \u00e0 l&rsquo;achat d&rsquo;une trousse de d\u00e9part FiBER FORCE\u00ae.<\/em><\/p>\n","protected":false},"excerpt":{"rendered":"<p>FiBER FORCE grille (rose &#8211; prix de quantit\u00e9)<\/p>\n","protected":false},"featured_media":6692,"comment_status":"open","ping_status":"closed","template":"","meta":{"_acf_changed":false},"product_brand":[],"product_cat":[169],"product_tag":[],"marques-de-produit":[74],"class_list":{"0":"post-5073","1":"product","2":"type-product","3":"status-publish","4":"has-post-thumbnail","6":"product_cat-fiber-force","7":"marques-de-produit-synca","9":"first","10":"instock","11":"taxable","12":"shipping-taxable","13":"purchasable","14":"product-type-simple"},"acf":[],"_links":{"self":[{"href":"https:\/\/www.synca.com\/fr-ca\/wp-json\/wp\/v2\/product\/5073","targetHints":{"allow":["GET"]}}],"collection":[{"href":"https:\/\/www.synca.com\/fr-ca\/wp-json\/wp\/v2\/product"}],"about":[{"href":"https:\/\/www.synca.com\/fr-ca\/wp-json\/wp\/v2\/types\/product"}],"replies":[{"embeddable":true,"href":"https:\/\/www.synca.com\/fr-ca\/wp-json\/wp\/v2\/comments?post=5073"}],"version-history":[{"count":2,"href":"https:\/\/www.synca.com\/fr-ca\/wp-json\/wp\/v2\/product\/5073\/revisions"}],"predecessor-version":[{"id":14539,"href":"https:\/\/www.synca.com\/fr-ca\/wp-json\/wp\/v2\/product\/5073\/revisions\/14539"}],"wp:featuredmedia":[{"embeddable":true,"href":"https:\/\/www.synca.com\/fr-ca\/wp-json\/wp\/v2\/media\/6692"}],"wp:attachment":[{"href":"https:\/\/www.synca.com\/fr-ca\/wp-json\/wp\/v2\/media?parent=5073"}],"wp:term":[{"taxonomy":"product_brand","embeddable":true,"href":"https:\/\/www.synca.com\/fr-ca\/wp-json\/wp\/v2\/product_brand?post=5073"},{"taxonomy":"product_cat","embeddable":true,"href":"https:\/\/www.synca.com\/fr-ca\/wp-json\/wp\/v2\/product_cat?post=5073"},{"taxonomy":"product_tag","embeddable":true,"href":"https:\/\/www.synca.com\/fr-ca\/wp-json\/wp\/v2\/product_tag?post=5073"},{"taxonomy":"marques-de-produit","embeddable":true,"href":"https:\/\/www.synca.com\/fr-ca\/wp-json\/wp\/v2\/marques-de-produit?post=5073"}],"curies":[{"name":"wp","href":"https:\/\/api.w.org\/{rel}","templated":true}]}}