{"id":5069,"date":"2023-01-31T15:33:46","date_gmt":"2023-01-31T20:33:46","guid":{"rendered":"https:\/\/synca-13730204208.futehost.ca\/?post_type=product&#038;p=5069"},"modified":"2025-10-07T10:24:30","modified_gmt":"2025-10-07T14:24:30","slug":"fiber-force-trousse-de-depart-pour-protheses","status":"publish","type":"product","link":"https:\/\/www.synca.com\/fr-ca\/produit\/fiber-force-trousse-de-depart-pour-protheses\/","title":{"rendered":"FiBER FORCE trousse de d\u00e9part pour proth\u00e8ses"},"content":{"rendered":"<p>Inclut tout ce dont vous avez besoin pour int\u00e9grer FiBER\u2008FORCE\u00ae \u00e0 vos nouvelles proth\u00e8ses et r\u00e9parations.<\/p>\n<p>\u2022 2 &#8211; bo\u00eetes de FiBER FORCE\u00ae grilles (rose)<br \/>\n<em>\u00a0 Bo\u00eete de grille: 2 &#8211; 53mm x 80mm<br \/>\n<\/em>\u2022 1 &#8211; bo\u00eete de FIBER FORCE\u00ae tresses 2mm (rose)<br \/>\n<em>\u00a0 Bo\u00eete de tresses: 2 &#8211; 15cm<\/em><em><br \/>\n<\/em>\u2022 1 &#8211; seringue de r\u00e9sine rose FiBER FORCE\u00ae CST\u00ae Flow (3ml)<br \/>\n\u2022 100 &#8211; feuilles d\u2019espaceur en cire rose (0,5mm)<br \/>\n\u2022 50\u00a0&#8211; pamphlets pour patient<br \/>\n\u2022 1 &#8211; syst\u00e8me \u00e0 former sous vide EZ VAC<br \/>\n\u2022 Mode d\u2019emploi et cartable FiBER FORCE<\/p>\n","protected":false},"excerpt":{"rendered":"<p>FiBER FORCE trousse de d\u00e9part pour proth\u00e8ses<\/p>\n","protected":false},"featured_media":6696,"comment_status":"open","ping_status":"closed","template":"","meta":{"_acf_changed":false},"product_brand":[],"product_cat":[169],"product_tag":[],"marques-de-produit":[74],"class_list":{"0":"post-5069","1":"product","2":"type-product","3":"status-publish","4":"has-post-thumbnail","6":"product_cat-fiber-force","7":"marques-de-produit-synca","9":"first","10":"instock","11":"taxable","12":"shipping-taxable","13":"purchasable","14":"product-type-simple"},"acf":[],"_links":{"self":[{"href":"https:\/\/www.synca.com\/fr-ca\/wp-json\/wp\/v2\/product\/5069","targetHints":{"allow":["GET"]}}],"collection":[{"href":"https:\/\/www.synca.com\/fr-ca\/wp-json\/wp\/v2\/product"}],"about":[{"href":"https:\/\/www.synca.com\/fr-ca\/wp-json\/wp\/v2\/types\/product"}],"replies":[{"embeddable":true,"href":"https:\/\/www.synca.com\/fr-ca\/wp-json\/wp\/v2\/comments?post=5069"}],"version-history":[{"count":2,"href":"https:\/\/www.synca.com\/fr-ca\/wp-json\/wp\/v2\/product\/5069\/revisions"}],"predecessor-version":[{"id":17484,"href":"https:\/\/www.synca.com\/fr-ca\/wp-json\/wp\/v2\/product\/5069\/revisions\/17484"}],"wp:featuredmedia":[{"embeddable":true,"href":"https:\/\/www.synca.com\/fr-ca\/wp-json\/wp\/v2\/media\/6696"}],"wp:attachment":[{"href":"https:\/\/www.synca.com\/fr-ca\/wp-json\/wp\/v2\/media?parent=5069"}],"wp:term":[{"taxonomy":"product_brand","embeddable":true,"href":"https:\/\/www.synca.com\/fr-ca\/wp-json\/wp\/v2\/product_brand?post=5069"},{"taxonomy":"product_cat","embeddable":true,"href":"https:\/\/www.synca.com\/fr-ca\/wp-json\/wp\/v2\/product_cat?post=5069"},{"taxonomy":"product_tag","embeddable":true,"href":"https:\/\/www.synca.com\/fr-ca\/wp-json\/wp\/v2\/product_tag?post=5069"},{"taxonomy":"marques-de-produit","embeddable":true,"href":"https:\/\/www.synca.com\/fr-ca\/wp-json\/wp\/v2\/marques-de-produit?post=5069"}],"curies":[{"name":"wp","href":"https:\/\/api.w.org\/{rel}","templated":true}]}}