{"id":4204,"date":"2023-01-30T14:56:18","date_gmt":"2023-01-30T19:56:18","guid":{"rendered":"https:\/\/synca-13730204208.futehost.ca\/?post_type=product&#038;p=4204"},"modified":"2023-09-27T15:45:13","modified_gmt":"2023-09-27T19:45:13","slug":"ez-dam-pieces-buccales-adult-soft-prix-de-quantite","status":"publish","type":"product","link":"https:\/\/www.synca.com\/fr-ca\/produit\/ez-dam-pieces-buccales-adult-soft-prix-de-quantite\/","title":{"rendered":"EZ DAM pi\u00e8ces buccales &#8211; Adult Soft (prix de quantit\u00e9)"},"content":{"rendered":"<p>Quantit\u00e9: 25<\/p>\n","protected":false},"excerpt":{"rendered":"<p>EZ DAM pi\u00e8ces buccales &#8211; Adult Soft (prix de quantit\u00e9)<\/p>\n","protected":false},"featured_media":6725,"comment_status":"open","ping_status":"closed","template":"","meta":{"_acf_changed":false},"product_brand":[],"product_cat":[72],"product_tag":[],"marques-de-produit":[],"class_list":{"0":"post-4204","1":"product","2":"type-product","3":"status-publish","4":"has-post-thumbnail","6":"product_cat-ez-dam","8":"first","9":"instock","10":"taxable","11":"shipping-taxable","12":"purchasable","13":"product-type-simple"},"acf":[],"_links":{"self":[{"href":"https:\/\/www.synca.com\/fr-ca\/wp-json\/wp\/v2\/product\/4204","targetHints":{"allow":["GET"]}}],"collection":[{"href":"https:\/\/www.synca.com\/fr-ca\/wp-json\/wp\/v2\/product"}],"about":[{"href":"https:\/\/www.synca.com\/fr-ca\/wp-json\/wp\/v2\/types\/product"}],"replies":[{"embeddable":true,"href":"https:\/\/www.synca.com\/fr-ca\/wp-json\/wp\/v2\/comments?post=4204"}],"version-history":[{"count":1,"href":"https:\/\/www.synca.com\/fr-ca\/wp-json\/wp\/v2\/product\/4204\/revisions"}],"predecessor-version":[{"id":14294,"href":"https:\/\/www.synca.com\/fr-ca\/wp-json\/wp\/v2\/product\/4204\/revisions\/14294"}],"wp:featuredmedia":[{"embeddable":true,"href":"https:\/\/www.synca.com\/fr-ca\/wp-json\/wp\/v2\/media\/6725"}],"wp:attachment":[{"href":"https:\/\/www.synca.com\/fr-ca\/wp-json\/wp\/v2\/media?parent=4204"}],"wp:term":[{"taxonomy":"product_brand","embeddable":true,"href":"https:\/\/www.synca.com\/fr-ca\/wp-json\/wp\/v2\/product_brand?post=4204"},{"taxonomy":"product_cat","embeddable":true,"href":"https:\/\/www.synca.com\/fr-ca\/wp-json\/wp\/v2\/product_cat?post=4204"},{"taxonomy":"product_tag","embeddable":true,"href":"https:\/\/www.synca.com\/fr-ca\/wp-json\/wp\/v2\/product_tag?post=4204"},{"taxonomy":"marques-de-produit","embeddable":true,"href":"https:\/\/www.synca.com\/fr-ca\/wp-json\/wp\/v2\/marques-de-produit?post=4204"}],"curies":[{"name":"wp","href":"https:\/\/api.w.org\/{rel}","templated":true}]}}