{"id":3724,"date":"2023-01-27T01:43:57","date_gmt":"2023-01-27T01:43:57","guid":{"rendered":"https:\/\/synca-13730204208.futehost.ca\/?post_type=product&#038;p=3724"},"modified":"2025-08-18T10:46:35","modified_gmt":"2025-08-18T14:46:35","slug":"ena-heat-rechauffeur-a-composites","status":"publish","type":"product","link":"https:\/\/www.synca.com\/fr-ca\/produit\/ena-heat-rechauffeur-a-composites\/","title":{"rendered":"ENA HEAT r\u00e9chauffeur \u00e0 composites"},"content":{"rendered":"<p>Le r\u00e9chauffeur \u00e0 composites diminuera la viscosit\u00e9 du mat\u00e9riel, tout en am\u00e9liorant sa fluidit\u00e9 et son adaptabilit\u00e9. Celui-ci permettra \u00e9galement d\u2019augmenter le taux de conversion des composites photopolym\u00e9risables.<\/p>\n<p>Une nouvelle tendance est en train de voir le jour, alors que les cliniciens recourent de plus en plus \u00e0 un r\u00e9chauffeur \u00e0 composites pour ramollir ENA HRi afin qu\u2019ils puissent \u00eatre utilis\u00e9s comme ciment pour facettes en c\u00e9ramique ou en composite. ENA HRi poss\u00e8de des propri\u00e9t\u00e9s physiques sup\u00e9rieures et se r\u00e9tracte moins que les composites fluides. Il \u00e9limine aussi la n\u00e9cessit\u00e9 de se procurer des mat\u00e9riaux additionnels pour la cimentation de facettes.<\/p>\n","protected":false},"excerpt":{"rendered":"<p>ENA HEAT r\u00e9chauffeur \u00e0 composites<\/p>\n","protected":false},"featured_media":6371,"comment_status":"open","ping_status":"closed","template":"","meta":{"_acf_changed":false},"product_brand":[],"product_cat":[83,89,84],"product_tag":[],"marques-de-produit":[77],"class_list":{"0":"post-3724","1":"product","2":"type-product","3":"status-publish","4":"has-post-thumbnail","6":"product_cat-ena-hri","7":"product_cat-accessoires-micerium","8":"product_cat-ena-hri-bio-function","9":"marques-de-produit-micerium","11":"first","12":"instock","13":"taxable","14":"shipping-taxable","15":"purchasable","16":"product-type-simple"},"acf":[],"_links":{"self":[{"href":"https:\/\/www.synca.com\/fr-ca\/wp-json\/wp\/v2\/product\/3724","targetHints":{"allow":["GET"]}}],"collection":[{"href":"https:\/\/www.synca.com\/fr-ca\/wp-json\/wp\/v2\/product"}],"about":[{"href":"https:\/\/www.synca.com\/fr-ca\/wp-json\/wp\/v2\/types\/product"}],"replies":[{"embeddable":true,"href":"https:\/\/www.synca.com\/fr-ca\/wp-json\/wp\/v2\/comments?post=3724"}],"version-history":[{"count":2,"href":"https:\/\/www.synca.com\/fr-ca\/wp-json\/wp\/v2\/product\/3724\/revisions"}],"predecessor-version":[{"id":11866,"href":"https:\/\/www.synca.com\/fr-ca\/wp-json\/wp\/v2\/product\/3724\/revisions\/11866"}],"wp:featuredmedia":[{"embeddable":true,"href":"https:\/\/www.synca.com\/fr-ca\/wp-json\/wp\/v2\/media\/6371"}],"wp:attachment":[{"href":"https:\/\/www.synca.com\/fr-ca\/wp-json\/wp\/v2\/media?parent=3724"}],"wp:term":[{"taxonomy":"product_brand","embeddable":true,"href":"https:\/\/www.synca.com\/fr-ca\/wp-json\/wp\/v2\/product_brand?post=3724"},{"taxonomy":"product_cat","embeddable":true,"href":"https:\/\/www.synca.com\/fr-ca\/wp-json\/wp\/v2\/product_cat?post=3724"},{"taxonomy":"product_tag","embeddable":true,"href":"https:\/\/www.synca.com\/fr-ca\/wp-json\/wp\/v2\/product_tag?post=3724"},{"taxonomy":"marques-de-produit","embeddable":true,"href":"https:\/\/www.synca.com\/fr-ca\/wp-json\/wp\/v2\/marques-de-produit?post=3724"}],"curies":[{"name":"wp","href":"https:\/\/api.w.org\/{rel}","templated":true}]}}