{"id":3459,"date":"2023-01-26T14:46:04","date_gmt":"2023-01-26T14:46:04","guid":{"rendered":"https:\/\/synca-13730204208.futehost.ca\/?post_type=product&#038;p=3459"},"modified":"2025-08-18T10:29:24","modified_gmt":"2025-08-18T14:29:24","slug":"ena-hri-bio-function-recharge-enamel-prix-de-quantite","status":"publish","type":"product","link":"https:\/\/www.synca.com\/fr-ca\/produit\/ena-hri-bio-function-recharge-enamel-prix-de-quantite\/","title":{"rendered":"ENA HRi Bio Function recharge ENAMEL (prix de quantit\u00e9)"},"content":{"rendered":"<p><strong>Contient:<\/strong><br \/>\n1 &#8211; seringue de 5g Enamel OU 12 &#8211; tips de 0.3g Enamel<\/p>\n<p><strong>Teinte:<\/strong><\/p>\n<ul>\n<li>BF1 \u2013 valeur basse (fonc\u00e9e)<\/li>\n<li>BF2 \u2013 valeur moyenne (universelle adulte)<\/li>\n<li>BF3 \u2013 valeur \u00e9lev\u00e9 (dentition plus jeune ou plus brillante)<\/li>\n<\/ul>\n<p>Les teintes \u00e9mail achromatiques sont utilis\u00e9es pour remplacer l\u2019\u00e9mail existant avec la m\u00eame \u00e9paisseur que l\u2019\u00e9mail original (g\u00e9n\u00e9ralement 0,5 mm sur la surface labiale) ou pour la fermeture de diast\u00e8mes, de facettes, etc.<\/p>\n","protected":false},"excerpt":{"rendered":"<p>ENA HRi Bio Function recharge ENAMEL (prix de quantit\u00e9)<\/p>\n","protected":false},"featured_media":6403,"comment_status":"open","ping_status":"closed","template":"","meta":{"_acf_changed":false},"product_brand":[],"product_cat":[84],"product_tag":[],"marques-de-produit":[],"class_list":{"0":"post-3459","1":"product","2":"type-product","3":"status-publish","4":"has-post-thumbnail","6":"product_cat-ena-hri-bio-function","8":"first","9":"instock","10":"taxable","11":"shipping-taxable","12":"purchasable","13":"product-type-variable"},"acf":[],"_links":{"self":[{"href":"https:\/\/www.synca.com\/fr-ca\/wp-json\/wp\/v2\/product\/3459","targetHints":{"allow":["GET"]}}],"collection":[{"href":"https:\/\/www.synca.com\/fr-ca\/wp-json\/wp\/v2\/product"}],"about":[{"href":"https:\/\/www.synca.com\/fr-ca\/wp-json\/wp\/v2\/types\/product"}],"replies":[{"embeddable":true,"href":"https:\/\/www.synca.com\/fr-ca\/wp-json\/wp\/v2\/comments?post=3459"}],"version-history":[{"count":2,"href":"https:\/\/www.synca.com\/fr-ca\/wp-json\/wp\/v2\/product\/3459\/revisions"}],"predecessor-version":[{"id":11794,"href":"https:\/\/www.synca.com\/fr-ca\/wp-json\/wp\/v2\/product\/3459\/revisions\/11794"}],"wp:featuredmedia":[{"embeddable":true,"href":"https:\/\/www.synca.com\/fr-ca\/wp-json\/wp\/v2\/media\/6403"}],"wp:attachment":[{"href":"https:\/\/www.synca.com\/fr-ca\/wp-json\/wp\/v2\/media?parent=3459"}],"wp:term":[{"taxonomy":"product_brand","embeddable":true,"href":"https:\/\/www.synca.com\/fr-ca\/wp-json\/wp\/v2\/product_brand?post=3459"},{"taxonomy":"product_cat","embeddable":true,"href":"https:\/\/www.synca.com\/fr-ca\/wp-json\/wp\/v2\/product_cat?post=3459"},{"taxonomy":"product_tag","embeddable":true,"href":"https:\/\/www.synca.com\/fr-ca\/wp-json\/wp\/v2\/product_tag?post=3459"},{"taxonomy":"marques-de-produit","embeddable":true,"href":"https:\/\/www.synca.com\/fr-ca\/wp-json\/wp\/v2\/marques-de-produit?post=3459"}],"curies":[{"name":"wp","href":"https:\/\/api.w.org\/{rel}","templated":true}]}}