{"id":3454,"date":"2023-01-26T14:36:59","date_gmt":"2023-01-26T14:36:59","guid":{"rendered":"https:\/\/synca-13730204208.futehost.ca\/?post_type=product&#038;p=3454"},"modified":"2025-08-18T10:27:47","modified_gmt":"2025-08-18T14:27:47","slug":"ena-hri-bio-function-recharge-dentin-prix-de-quantite","status":"publish","type":"product","link":"https:\/\/www.synca.com\/fr-ca\/produit\/ena-hri-bio-function-recharge-dentin-prix-de-quantite\/","title":{"rendered":"ENA HRi Bio Function recharge DENTIN (prix de quantit\u00e9)"},"content":{"rendered":"<p><strong>Contient:<\/strong><br \/>\n1 &#8211; seringue de 5g Dentin OU 12 &#8211; tips de 0.3g Dentin<\/p>\n<p><strong>Teinte:<\/strong><br \/>\nBD0, BD0.5, BD1 (A1), BD2 (A2), BD3 (A3), BD3.5 (A3.5), BD4 (A4), BD5, BD6<\/p>\n<p>Les teintes dentine fluorescentes sont con\u00e7ues pour cr\u00e9er une masse dentinaire pour toutes les restaurations. Les teintes sont gradu\u00e9es par couleurs, allant de 0 (plus p\u00e2le) \u00e0 6 (plus fonc\u00e9e). Les restaurations plus larges b\u00e9n\u00e9ficient esth\u00e9tiquement d\u2019une reconstitution de teintes plus fonc\u00e9es \u00e0 plus p\u00e2les (utilisant 1, 2 ou 3 teintes dentines par restauration).<\/p>\n","protected":false},"excerpt":{"rendered":"<p>ENA HRi Bio Function recharge DENTIN (prix de quantit\u00e9)<\/p>\n","protected":false},"featured_media":6407,"comment_status":"open","ping_status":"closed","template":"","meta":{"_acf_changed":false},"product_brand":[],"product_cat":[84],"product_tag":[],"marques-de-produit":[],"class_list":{"0":"post-3454","1":"product","2":"type-product","3":"status-publish","4":"has-post-thumbnail","6":"product_cat-ena-hri-bio-function","8":"first","9":"instock","10":"taxable","11":"shipping-taxable","12":"purchasable","13":"product-type-variable"},"acf":[],"_links":{"self":[{"href":"https:\/\/www.synca.com\/fr-ca\/wp-json\/wp\/v2\/product\/3454","targetHints":{"allow":["GET"]}}],"collection":[{"href":"https:\/\/www.synca.com\/fr-ca\/wp-json\/wp\/v2\/product"}],"about":[{"href":"https:\/\/www.synca.com\/fr-ca\/wp-json\/wp\/v2\/types\/product"}],"replies":[{"embeddable":true,"href":"https:\/\/www.synca.com\/fr-ca\/wp-json\/wp\/v2\/comments?post=3454"}],"version-history":[{"count":4,"href":"https:\/\/www.synca.com\/fr-ca\/wp-json\/wp\/v2\/product\/3454\/revisions"}],"predecessor-version":[{"id":11769,"href":"https:\/\/www.synca.com\/fr-ca\/wp-json\/wp\/v2\/product\/3454\/revisions\/11769"}],"wp:featuredmedia":[{"embeddable":true,"href":"https:\/\/www.synca.com\/fr-ca\/wp-json\/wp\/v2\/media\/6407"}],"wp:attachment":[{"href":"https:\/\/www.synca.com\/fr-ca\/wp-json\/wp\/v2\/media?parent=3454"}],"wp:term":[{"taxonomy":"product_brand","embeddable":true,"href":"https:\/\/www.synca.com\/fr-ca\/wp-json\/wp\/v2\/product_brand?post=3454"},{"taxonomy":"product_cat","embeddable":true,"href":"https:\/\/www.synca.com\/fr-ca\/wp-json\/wp\/v2\/product_cat?post=3454"},{"taxonomy":"product_tag","embeddable":true,"href":"https:\/\/www.synca.com\/fr-ca\/wp-json\/wp\/v2\/product_tag?post=3454"},{"taxonomy":"marques-de-produit","embeddable":true,"href":"https:\/\/www.synca.com\/fr-ca\/wp-json\/wp\/v2\/marques-de-produit?post=3454"}],"curies":[{"name":"wp","href":"https:\/\/api.w.org\/{rel}","templated":true}]}}