{"id":3310,"date":"2023-01-26T02:35:16","date_gmt":"2023-01-26T02:35:16","guid":{"rendered":"https:\/\/synca-13730204208.futehost.ca\/?post_type=product&#038;p=3310"},"modified":"2025-08-18T10:41:36","modified_gmt":"2025-08-18T14:41:36","slug":"ena-hri-stain-en-seringue","status":"publish","type":"product","link":"https:\/\/www.synca.com\/fr-ca\/produit\/ena-hri-stain-en-seringue\/","title":{"rendered":"ENA HRi Stain en seringue"},"content":{"rendered":"<p><span style=\"color: #ff0000;\"><strong>NOTE:<\/strong>\u00a0Offert en commande sp\u00e9ciale seulement. La livraison sera de 2 semaines environ.<\/span><\/p>\n<p><strong>Contient:<br \/>\n<\/strong>Seringue de 2g<\/p>\n<p><strong>Teinte:<\/strong><br \/>\nWhite, Blue, Brown, Brown2 Dark, Orange, Yellow<\/p>\n<p><strong>Application:<\/strong><br \/>\nLa caract\u00e9risation affecte \u00e0 la fois la dentine et l\u2019\u00e9mail. Il en existe cinq types: deux dans la dentine (mamelons et bague) et trois dans l\u2019\u00e9mail (fissures dans des dents plus \u00e2g\u00e9es, marges dans des dents plus jeunes, taches).<\/p>\n<p>La caract\u00e9risation des teintes ENA HRi permet au clinicien de reproduire les caract\u00e9risations sp\u00e9cifiques de la dentition adjacente d\u2019un patient.<\/p>\n","protected":false},"excerpt":{"rendered":"<p>ENA HRi Stain en seringue<\/p>\n","protected":false},"featured_media":6420,"comment_status":"open","ping_status":"closed","template":"","meta":{"_acf_changed":false},"product_brand":[],"product_cat":[83,89],"product_tag":[],"marques-de-produit":[],"class_list":{"0":"post-3310","1":"product","2":"type-product","3":"status-publish","4":"has-post-thumbnail","6":"product_cat-ena-hri","7":"product_cat-accessoires-micerium","9":"first","10":"instock","11":"taxable","12":"shipping-taxable","13":"purchasable","14":"product-type-variable"},"acf":[],"_links":{"self":[{"href":"https:\/\/www.synca.com\/fr-ca\/wp-json\/wp\/v2\/product\/3310","targetHints":{"allow":["GET"]}}],"collection":[{"href":"https:\/\/www.synca.com\/fr-ca\/wp-json\/wp\/v2\/product"}],"about":[{"href":"https:\/\/www.synca.com\/fr-ca\/wp-json\/wp\/v2\/types\/product"}],"replies":[{"embeddable":true,"href":"https:\/\/www.synca.com\/fr-ca\/wp-json\/wp\/v2\/comments?post=3310"}],"version-history":[{"count":2,"href":"https:\/\/www.synca.com\/fr-ca\/wp-json\/wp\/v2\/product\/3310\/revisions"}],"predecessor-version":[{"id":11863,"href":"https:\/\/www.synca.com\/fr-ca\/wp-json\/wp\/v2\/product\/3310\/revisions\/11863"}],"wp:featuredmedia":[{"embeddable":true,"href":"https:\/\/www.synca.com\/fr-ca\/wp-json\/wp\/v2\/media\/6420"}],"wp:attachment":[{"href":"https:\/\/www.synca.com\/fr-ca\/wp-json\/wp\/v2\/media?parent=3310"}],"wp:term":[{"taxonomy":"product_brand","embeddable":true,"href":"https:\/\/www.synca.com\/fr-ca\/wp-json\/wp\/v2\/product_brand?post=3310"},{"taxonomy":"product_cat","embeddable":true,"href":"https:\/\/www.synca.com\/fr-ca\/wp-json\/wp\/v2\/product_cat?post=3310"},{"taxonomy":"product_tag","embeddable":true,"href":"https:\/\/www.synca.com\/fr-ca\/wp-json\/wp\/v2\/product_tag?post=3310"},{"taxonomy":"marques-de-produit","embeddable":true,"href":"https:\/\/www.synca.com\/fr-ca\/wp-json\/wp\/v2\/marques-de-produit?post=3310"}],"curies":[{"name":"wp","href":"https:\/\/api.w.org\/{rel}","templated":true}]}}