{"id":3306,"date":"2023-01-26T02:30:17","date_gmt":"2023-01-26T02:30:17","guid":{"rendered":"https:\/\/synca-13730204208.futehost.ca\/?post_type=product&#038;p=3306"},"modified":"2025-08-18T10:40:05","modified_gmt":"2025-08-18T14:40:05","slug":"ena-hri-recharge-opalescent-en-seringue","status":"publish","type":"product","link":"https:\/\/www.synca.com\/fr-ca\/produit\/ena-hri-recharge-opalescent-en-seringue\/","title":{"rendered":"ENA HRi recharge OPALESCENT en seringue"},"content":{"rendered":"<p><strong>Contient:<br \/>\n<\/strong>1 &#8211; seringue de 4.5g Opalescent<\/p>\n<p><strong>Teinte:<\/strong><br \/>\nOA (Amber), OBN (Natural Blue)<\/p>\n<p>\u00c9galement r\u00e9serv\u00e9es pour la troisi\u00e8me incisive et pour les endroits o\u00f9 se trouve l\u2019\u00e9mail libre, ces teintes bleues et ambr\u00e9es cr\u00e9ent et pr\u00e9sentent diff\u00e9rentes teintes reproduites \u00e0 l\u2019aide des teintes opalescentes d\u2019ENA HRi\u00ae.<\/p>\n","protected":false},"excerpt":{"rendered":"<p>ENA HRi recharge OPALESCENT en seringue<\/p>\n","protected":false},"featured_media":6424,"comment_status":"open","ping_status":"closed","template":"","meta":{"_acf_changed":false},"product_brand":[],"product_cat":[83],"product_tag":[],"marques-de-produit":[],"class_list":{"0":"post-3306","1":"product","2":"type-product","3":"status-publish","4":"has-post-thumbnail","6":"product_cat-ena-hri","8":"first","9":"instock","10":"taxable","11":"shipping-taxable","12":"purchasable","13":"product-type-variable"},"acf":[],"_links":{"self":[{"href":"https:\/\/www.synca.com\/fr-ca\/wp-json\/wp\/v2\/product\/3306","targetHints":{"allow":["GET"]}}],"collection":[{"href":"https:\/\/www.synca.com\/fr-ca\/wp-json\/wp\/v2\/product"}],"about":[{"href":"https:\/\/www.synca.com\/fr-ca\/wp-json\/wp\/v2\/types\/product"}],"replies":[{"embeddable":true,"href":"https:\/\/www.synca.com\/fr-ca\/wp-json\/wp\/v2\/comments?post=3306"}],"version-history":[{"count":3,"href":"https:\/\/www.synca.com\/fr-ca\/wp-json\/wp\/v2\/product\/3306\/revisions"}],"predecessor-version":[{"id":21190,"href":"https:\/\/www.synca.com\/fr-ca\/wp-json\/wp\/v2\/product\/3306\/revisions\/21190"}],"wp:featuredmedia":[{"embeddable":true,"href":"https:\/\/www.synca.com\/fr-ca\/wp-json\/wp\/v2\/media\/6424"}],"wp:attachment":[{"href":"https:\/\/www.synca.com\/fr-ca\/wp-json\/wp\/v2\/media?parent=3306"}],"wp:term":[{"taxonomy":"product_brand","embeddable":true,"href":"https:\/\/www.synca.com\/fr-ca\/wp-json\/wp\/v2\/product_brand?post=3306"},{"taxonomy":"product_cat","embeddable":true,"href":"https:\/\/www.synca.com\/fr-ca\/wp-json\/wp\/v2\/product_cat?post=3306"},{"taxonomy":"product_tag","embeddable":true,"href":"https:\/\/www.synca.com\/fr-ca\/wp-json\/wp\/v2\/product_tag?post=3306"},{"taxonomy":"marques-de-produit","embeddable":true,"href":"https:\/\/www.synca.com\/fr-ca\/wp-json\/wp\/v2\/marques-de-produit?post=3306"}],"curies":[{"name":"wp","href":"https:\/\/api.w.org\/{rel}","templated":true}]}}