{"id":3305,"date":"2023-01-26T02:27:09","date_gmt":"2023-01-26T02:27:09","guid":{"rendered":"https:\/\/synca-13730204208.futehost.ca\/?post_type=product&#038;p=3305"},"modified":"2025-08-18T10:38:14","modified_gmt":"2025-08-18T14:38:14","slug":"ena-hri-recharge-intensive-en-seringue","status":"publish","type":"product","link":"https:\/\/www.synca.com\/fr-ca\/produit\/ena-hri-recharge-intensive-en-seringue\/","title":{"rendered":"ENA HRi recharge INTENSIVE en seringue"},"content":{"rendered":"<p><strong>Contient:<br \/>\n<\/strong>1 &#8211; seringue de 5g Intensive<\/p>\n<p><strong>Teinte:<\/strong><br \/>\nIM (Intensive Milky), IWS (Intensive White Spot)<\/p>\n<p>Les teintes intensives sont plus fr\u00e9quemment utilis\u00e9es chez de jeunes patients et repr\u00e9sentent des zones d\u2019\u00e9mail hypomin\u00e9ralis\u00e9es d\u2019apparence blanche. Cela peut \u00eatre: des points, de petits nuages, des flocons de neige ou des bagues horizontales. Ils peuvent \u00eatre pr\u00e9produits avec les teintes intensives d\u2019ENA HRi\u00ae.<\/p>\n","protected":false},"excerpt":{"rendered":"<p>ENA HRi recharge INTENSIVE en seringue<\/p>\n","protected":false},"featured_media":6424,"comment_status":"open","ping_status":"closed","template":"","meta":{"_acf_changed":false},"product_brand":[],"product_cat":[83],"product_tag":[],"marques-de-produit":[],"class_list":{"0":"post-3305","1":"product","2":"type-product","3":"status-publish","4":"has-post-thumbnail","6":"product_cat-ena-hri","8":"first","9":"instock","10":"taxable","11":"shipping-taxable","12":"purchasable","13":"product-type-variable"},"acf":[],"_links":{"self":[{"href":"https:\/\/www.synca.com\/fr-ca\/wp-json\/wp\/v2\/product\/3305","targetHints":{"allow":["GET"]}}],"collection":[{"href":"https:\/\/www.synca.com\/fr-ca\/wp-json\/wp\/v2\/product"}],"about":[{"href":"https:\/\/www.synca.com\/fr-ca\/wp-json\/wp\/v2\/types\/product"}],"replies":[{"embeddable":true,"href":"https:\/\/www.synca.com\/fr-ca\/wp-json\/wp\/v2\/comments?post=3305"}],"version-history":[{"count":2,"href":"https:\/\/www.synca.com\/fr-ca\/wp-json\/wp\/v2\/product\/3305\/revisions"}],"predecessor-version":[{"id":17570,"href":"https:\/\/www.synca.com\/fr-ca\/wp-json\/wp\/v2\/product\/3305\/revisions\/17570"}],"wp:featuredmedia":[{"embeddable":true,"href":"https:\/\/www.synca.com\/fr-ca\/wp-json\/wp\/v2\/media\/6424"}],"wp:attachment":[{"href":"https:\/\/www.synca.com\/fr-ca\/wp-json\/wp\/v2\/media?parent=3305"}],"wp:term":[{"taxonomy":"product_brand","embeddable":true,"href":"https:\/\/www.synca.com\/fr-ca\/wp-json\/wp\/v2\/product_brand?post=3305"},{"taxonomy":"product_cat","embeddable":true,"href":"https:\/\/www.synca.com\/fr-ca\/wp-json\/wp\/v2\/product_cat?post=3305"},{"taxonomy":"product_tag","embeddable":true,"href":"https:\/\/www.synca.com\/fr-ca\/wp-json\/wp\/v2\/product_tag?post=3305"},{"taxonomy":"marques-de-produit","embeddable":true,"href":"https:\/\/www.synca.com\/fr-ca\/wp-json\/wp\/v2\/marques-de-produit?post=3305"}],"curies":[{"name":"wp","href":"https:\/\/api.w.org\/{rel}","templated":true}]}}