{"id":3008,"date":"2023-01-25T18:10:25","date_gmt":"2023-01-25T18:10:25","guid":{"rendered":"https:\/\/synca-13730204208.futehost.ca\/?post_type=product&#038;p=3008"},"modified":"2025-11-28T11:26:39","modified_gmt":"2025-11-28T16:26:39","slug":"soutien-pour-la-tete-icore","status":"publish","type":"product","link":"https:\/\/www.synca.com\/fr-ca\/produit\/soutien-pour-la-tete-icore\/","title":{"rendered":"Soutien pour la t\u00eate ICORE"},"content":{"rendered":"<p>Ce soutien pour la t\u00eate en mousse visco\u00e9lastique mince dot\u00e9 de la technologie ICORE Support est id\u00e9al pour les chaises dentaires \u00e0 double articulation. Il poss\u00e8de une \u00e9paisseur de seulement 3,5 pouces, procure un positionnement de la t\u00eate ad\u00e9quat pour augmenter le confort du patient et permet aux dentistes de demeurer dans une position verticale \u00e9quilibr\u00e9e. De plus, il comprend 2 tiges de soutien qui s\u2019ajustent dans la zone cervicale selon le mod\u00e8le de votre chaise dentaire et ses possibilit\u00e9s de r\u00e9glage. Le soutien pour la t\u00eate ICORE inclut une housse antimicrobienne et une sangle ajustable robuste pour le fixer sur votre chaise dentaire.<\/p>\n","protected":false},"excerpt":{"rendered":"<p>Soutien pour la t\u00eate ICORE<\/p>\n","protected":false},"featured_media":6457,"comment_status":"open","ping_status":"closed","template":"","meta":{"_acf_changed":false},"product_brand":[],"product_cat":[51],"product_tag":[],"marques-de-produit":[],"class_list":{"0":"post-3008","1":"product","2":"type-product","3":"status-publish","4":"has-post-thumbnail","6":"product_cat-accessoires-examvision","8":"first","9":"instock","10":"taxable","11":"shipping-taxable","12":"purchasable","13":"product-type-variable"},"acf":[],"_links":{"self":[{"href":"https:\/\/www.synca.com\/fr-ca\/wp-json\/wp\/v2\/product\/3008","targetHints":{"allow":["GET"]}}],"collection":[{"href":"https:\/\/www.synca.com\/fr-ca\/wp-json\/wp\/v2\/product"}],"about":[{"href":"https:\/\/www.synca.com\/fr-ca\/wp-json\/wp\/v2\/types\/product"}],"replies":[{"embeddable":true,"href":"https:\/\/www.synca.com\/fr-ca\/wp-json\/wp\/v2\/comments?post=3008"}],"version-history":[{"count":3,"href":"https:\/\/www.synca.com\/fr-ca\/wp-json\/wp\/v2\/product\/3008\/revisions"}],"predecessor-version":[{"id":16222,"href":"https:\/\/www.synca.com\/fr-ca\/wp-json\/wp\/v2\/product\/3008\/revisions\/16222"}],"wp:featuredmedia":[{"embeddable":true,"href":"https:\/\/www.synca.com\/fr-ca\/wp-json\/wp\/v2\/media\/6457"}],"wp:attachment":[{"href":"https:\/\/www.synca.com\/fr-ca\/wp-json\/wp\/v2\/media?parent=3008"}],"wp:term":[{"taxonomy":"product_brand","embeddable":true,"href":"https:\/\/www.synca.com\/fr-ca\/wp-json\/wp\/v2\/product_brand?post=3008"},{"taxonomy":"product_cat","embeddable":true,"href":"https:\/\/www.synca.com\/fr-ca\/wp-json\/wp\/v2\/product_cat?post=3008"},{"taxonomy":"product_tag","embeddable":true,"href":"https:\/\/www.synca.com\/fr-ca\/wp-json\/wp\/v2\/product_tag?post=3008"},{"taxonomy":"marques-de-produit","embeddable":true,"href":"https:\/\/www.synca.com\/fr-ca\/wp-json\/wp\/v2\/marques-de-produit?post=3008"}],"curies":[{"name":"wp","href":"https:\/\/api.w.org\/{rel}","templated":true}]}}