{"id":3000,"date":"2023-01-25T18:03:27","date_gmt":"2023-01-25T18:03:27","guid":{"rendered":"https:\/\/synca-13730204208.futehost.ca\/?post_type=product&#038;p=3000"},"modified":"2025-08-19T15:39:02","modified_gmt":"2025-08-19T19:39:02","slug":"embouts-pour-tige-pour-icon-ou-carbon-v1","status":"publish","type":"product","link":"https:\/\/www.synca.com\/fr-ca\/produit\/embouts-pour-tige-pour-icon-ou-carbon-v1\/","title":{"rendered":"Embouts pour tige pour Icon ou Carbon v1"},"content":{"rendered":"<p><strong>NOTE: Pour \u00e9viter les frais d\u2019exp\u00e9dition pour cet item (sera envoy\u00e9 par la poste), svp t\u00e9l\u00e9phoner au 1-800-667-9622 poste 1<\/strong><\/p>\n<p>Seulement offert pour les montures \u00abIcon\u00bb et \u00abCarbon v1\u00bb<br \/>\n(Noir)<br \/>\nQuantit\u00e9: 2<\/p>\n","protected":false},"excerpt":{"rendered":"<p>Embouts pour tige pour Icon ou Carbon v1<\/p>\n","protected":false},"featured_media":6465,"comment_status":"open","ping_status":"closed","template":"","meta":{"_acf_changed":false},"product_brand":[],"product_cat":[51],"product_tag":[],"marques-de-produit":[],"class_list":{"0":"post-3000","1":"product","2":"type-product","3":"status-publish","4":"has-post-thumbnail","6":"product_cat-accessoires-examvision","8":"first","9":"instock","10":"taxable","11":"shipping-taxable","12":"purchasable","13":"product-type-simple"},"acf":[],"_links":{"self":[{"href":"https:\/\/www.synca.com\/fr-ca\/wp-json\/wp\/v2\/product\/3000","targetHints":{"allow":["GET"]}}],"collection":[{"href":"https:\/\/www.synca.com\/fr-ca\/wp-json\/wp\/v2\/product"}],"about":[{"href":"https:\/\/www.synca.com\/fr-ca\/wp-json\/wp\/v2\/types\/product"}],"replies":[{"embeddable":true,"href":"https:\/\/www.synca.com\/fr-ca\/wp-json\/wp\/v2\/comments?post=3000"}],"version-history":[{"count":3,"href":"https:\/\/www.synca.com\/fr-ca\/wp-json\/wp\/v2\/product\/3000\/revisions"}],"predecessor-version":[{"id":19619,"href":"https:\/\/www.synca.com\/fr-ca\/wp-json\/wp\/v2\/product\/3000\/revisions\/19619"}],"wp:featuredmedia":[{"embeddable":true,"href":"https:\/\/www.synca.com\/fr-ca\/wp-json\/wp\/v2\/media\/6465"}],"wp:attachment":[{"href":"https:\/\/www.synca.com\/fr-ca\/wp-json\/wp\/v2\/media?parent=3000"}],"wp:term":[{"taxonomy":"product_brand","embeddable":true,"href":"https:\/\/www.synca.com\/fr-ca\/wp-json\/wp\/v2\/product_brand?post=3000"},{"taxonomy":"product_cat","embeddable":true,"href":"https:\/\/www.synca.com\/fr-ca\/wp-json\/wp\/v2\/product_cat?post=3000"},{"taxonomy":"product_tag","embeddable":true,"href":"https:\/\/www.synca.com\/fr-ca\/wp-json\/wp\/v2\/product_tag?post=3000"},{"taxonomy":"marques-de-produit","embeddable":true,"href":"https:\/\/www.synca.com\/fr-ca\/wp-json\/wp\/v2\/marques-de-produit?post=3000"}],"curies":[{"name":"wp","href":"https:\/\/api.w.org\/{rel}","templated":true}]}}