{"id":2996,"date":"2023-01-25T18:01:57","date_gmt":"2023-01-25T18:01:57","guid":{"rendered":"https:\/\/synca-13730204208.futehost.ca\/?post_type=product&#038;p=2996"},"modified":"2025-08-19T15:37:40","modified_gmt":"2025-08-19T19:37:40","slug":"embouts-pour-tige-pour-panto-ou-sports-v2","status":"publish","type":"product","link":"https:\/\/www.synca.com\/fr-ca\/produit\/embouts-pour-tige-pour-panto-ou-sports-v2\/","title":{"rendered":"Embouts pour tige pour monture ExamVision"},"content":{"rendered":"<p><strong>NOTE: Pour \u00e9viter les frais d\u2019exp\u00e9dition pour cet item (sera envoy\u00e9 par la poste), svp t\u00e9l\u00e9phoner au 1-800-667-9622 poste 1<\/strong><\/p>\n<p>Offert pour les montures \u00abPanto\u00bb, \u00abSports v2\u00bb, \u00abCarbon v2\u00bb et \u00abCurve\u00bb<\/p>\n<p>Quantit\u00e9: 2<\/p>\n","protected":false},"excerpt":{"rendered":"<p>Embouts pour tige pour Panto ou Sports v2<\/p>\n","protected":false},"featured_media":6469,"comment_status":"open","ping_status":"closed","template":"","meta":{"_acf_changed":false},"product_brand":[],"product_cat":[51],"product_tag":[],"marques-de-produit":[],"class_list":{"0":"post-2996","1":"product","2":"type-product","3":"status-publish","4":"has-post-thumbnail","6":"product_cat-accessoires-examvision","8":"first","9":"instock","10":"taxable","11":"shipping-taxable","12":"purchasable","13":"product-type-variable"},"acf":[],"_links":{"self":[{"href":"https:\/\/www.synca.com\/fr-ca\/wp-json\/wp\/v2\/product\/2996","targetHints":{"allow":["GET"]}}],"collection":[{"href":"https:\/\/www.synca.com\/fr-ca\/wp-json\/wp\/v2\/product"}],"about":[{"href":"https:\/\/www.synca.com\/fr-ca\/wp-json\/wp\/v2\/types\/product"}],"replies":[{"embeddable":true,"href":"https:\/\/www.synca.com\/fr-ca\/wp-json\/wp\/v2\/comments?post=2996"}],"version-history":[{"count":4,"href":"https:\/\/www.synca.com\/fr-ca\/wp-json\/wp\/v2\/product\/2996\/revisions"}],"predecessor-version":[{"id":17397,"href":"https:\/\/www.synca.com\/fr-ca\/wp-json\/wp\/v2\/product\/2996\/revisions\/17397"}],"wp:featuredmedia":[{"embeddable":true,"href":"https:\/\/www.synca.com\/fr-ca\/wp-json\/wp\/v2\/media\/6469"}],"wp:attachment":[{"href":"https:\/\/www.synca.com\/fr-ca\/wp-json\/wp\/v2\/media?parent=2996"}],"wp:term":[{"taxonomy":"product_brand","embeddable":true,"href":"https:\/\/www.synca.com\/fr-ca\/wp-json\/wp\/v2\/product_brand?post=2996"},{"taxonomy":"product_cat","embeddable":true,"href":"https:\/\/www.synca.com\/fr-ca\/wp-json\/wp\/v2\/product_cat?post=2996"},{"taxonomy":"product_tag","embeddable":true,"href":"https:\/\/www.synca.com\/fr-ca\/wp-json\/wp\/v2\/product_tag?post=2996"},{"taxonomy":"marques-de-produit","embeddable":true,"href":"https:\/\/www.synca.com\/fr-ca\/wp-json\/wp\/v2\/marques-de-produit?post=2996"}],"curies":[{"name":"wp","href":"https:\/\/api.w.org\/{rel}","templated":true}]}}