{"id":2968,"date":"2023-01-25T17:49:09","date_gmt":"2023-01-25T22:49:09","guid":{"rendered":"https:\/\/synca-13730204208.futehost.ca\/?post_type=product&#038;p=2968"},"modified":"2026-01-19T16:32:12","modified_gmt":"2026-01-19T21:32:12","slug":"examvision-embouts-dextension-qui-contourne-loreille-paire","status":"publish","type":"product","link":"https:\/\/www.synca.com\/fr-ca\/produit\/examvision-embouts-dextension-qui-contourne-loreille-paire\/","title":{"rendered":"ExamVision embouts d&rsquo;extension qui contourne l&rsquo;oreille (paire)"},"content":{"rendered":"<p><strong>NOTE: Pour \u00e9viter les frais d&rsquo;exp\u00e9dition pour cet item (sera envoy\u00e9 par la poste), svp t\u00e9l\u00e9phoner au 1-800-667-9622 poste 1<\/strong><\/p>\n<p>Quantit\u00e9: 2<\/p>\n","protected":false},"excerpt":{"rendered":"<p>ExamVision embouts d&rsquo;extension qui contourne l&rsquo;oreille (paire)<\/p>\n","protected":false},"featured_media":6497,"comment_status":"open","ping_status":"closed","template":"","meta":{"_acf_changed":false},"product_brand":[],"product_cat":[51],"product_tag":[],"marques-de-produit":[76],"class_list":{"0":"post-2968","1":"product","2":"type-product","3":"status-publish","4":"has-post-thumbnail","6":"product_cat-accessoires-examvision","7":"marques-de-produit-examvision","9":"first","10":"instock","11":"taxable","12":"shipping-taxable","13":"purchasable","14":"product-type-simple"},"acf":[],"_links":{"self":[{"href":"https:\/\/www.synca.com\/fr-ca\/wp-json\/wp\/v2\/product\/2968","targetHints":{"allow":["GET"]}}],"collection":[{"href":"https:\/\/www.synca.com\/fr-ca\/wp-json\/wp\/v2\/product"}],"about":[{"href":"https:\/\/www.synca.com\/fr-ca\/wp-json\/wp\/v2\/types\/product"}],"replies":[{"embeddable":true,"href":"https:\/\/www.synca.com\/fr-ca\/wp-json\/wp\/v2\/comments?post=2968"}],"version-history":[{"count":3,"href":"https:\/\/www.synca.com\/fr-ca\/wp-json\/wp\/v2\/product\/2968\/revisions"}],"predecessor-version":[{"id":17372,"href":"https:\/\/www.synca.com\/fr-ca\/wp-json\/wp\/v2\/product\/2968\/revisions\/17372"}],"wp:featuredmedia":[{"embeddable":true,"href":"https:\/\/www.synca.com\/fr-ca\/wp-json\/wp\/v2\/media\/6497"}],"wp:attachment":[{"href":"https:\/\/www.synca.com\/fr-ca\/wp-json\/wp\/v2\/media?parent=2968"}],"wp:term":[{"taxonomy":"product_brand","embeddable":true,"href":"https:\/\/www.synca.com\/fr-ca\/wp-json\/wp\/v2\/product_brand?post=2968"},{"taxonomy":"product_cat","embeddable":true,"href":"https:\/\/www.synca.com\/fr-ca\/wp-json\/wp\/v2\/product_cat?post=2968"},{"taxonomy":"product_tag","embeddable":true,"href":"https:\/\/www.synca.com\/fr-ca\/wp-json\/wp\/v2\/product_tag?post=2968"},{"taxonomy":"marques-de-produit","embeddable":true,"href":"https:\/\/www.synca.com\/fr-ca\/wp-json\/wp\/v2\/marques-de-produit?post=2968"}],"curies":[{"name":"wp","href":"https:\/\/api.w.org\/{rel}","templated":true}]}}