{"id":2926,"date":"2023-01-25T17:15:28","date_gmt":"2023-01-25T17:15:28","guid":{"rendered":"https:\/\/synca-13730204208.futehost.ca\/?post_type=product&#038;p=2926"},"modified":"2026-01-19T16:23:23","modified_gmt":"2026-01-19T21:23:23","slug":"examvision-attaches-pour-cable-de-lumiere-au-led","status":"publish","type":"product","link":"https:\/\/www.synca.com\/fr-ca\/produit\/examvision-attaches-pour-cable-de-lumiere-au-led\/","title":{"rendered":"ExamVision attaches pour c\u00e2ble de lumi\u00e8re au DEL"},"content":{"rendered":"<p><strong>NOTE: Pour \u00e9viter les frais d&rsquo;exp\u00e9dition pour cet item (sera envoy\u00e9 par la poste), svp t\u00e9l\u00e9phoner au 1-800-667-9622 poste 1<\/strong><\/p>\n<p>Noir<\/p>\n<p>Quantit\u00e9: 2<\/p>\n","protected":false},"excerpt":{"rendered":"<p>Attaches pour c\u00e2ble de lumi\u00e8re au DEL<\/p>\n","protected":false},"featured_media":6540,"comment_status":"open","ping_status":"closed","template":"","meta":{"_acf_changed":false},"product_brand":[],"product_cat":[51],"product_tag":[],"marques-de-produit":[],"class_list":{"0":"post-2926","1":"product","2":"type-product","3":"status-publish","4":"has-post-thumbnail","6":"product_cat-accessoires-examvision","8":"first","9":"instock","10":"taxable","11":"shipping-taxable","12":"purchasable","13":"product-type-simple"},"acf":[],"_links":{"self":[{"href":"https:\/\/www.synca.com\/fr-ca\/wp-json\/wp\/v2\/product\/2926","targetHints":{"allow":["GET"]}}],"collection":[{"href":"https:\/\/www.synca.com\/fr-ca\/wp-json\/wp\/v2\/product"}],"about":[{"href":"https:\/\/www.synca.com\/fr-ca\/wp-json\/wp\/v2\/types\/product"}],"replies":[{"embeddable":true,"href":"https:\/\/www.synca.com\/fr-ca\/wp-json\/wp\/v2\/comments?post=2926"}],"version-history":[{"count":7,"href":"https:\/\/www.synca.com\/fr-ca\/wp-json\/wp\/v2\/product\/2926\/revisions"}],"predecessor-version":[{"id":22787,"href":"https:\/\/www.synca.com\/fr-ca\/wp-json\/wp\/v2\/product\/2926\/revisions\/22787"}],"wp:featuredmedia":[{"embeddable":true,"href":"https:\/\/www.synca.com\/fr-ca\/wp-json\/wp\/v2\/media\/6540"}],"wp:attachment":[{"href":"https:\/\/www.synca.com\/fr-ca\/wp-json\/wp\/v2\/media?parent=2926"}],"wp:term":[{"taxonomy":"product_brand","embeddable":true,"href":"https:\/\/www.synca.com\/fr-ca\/wp-json\/wp\/v2\/product_brand?post=2926"},{"taxonomy":"product_cat","embeddable":true,"href":"https:\/\/www.synca.com\/fr-ca\/wp-json\/wp\/v2\/product_cat?post=2926"},{"taxonomy":"product_tag","embeddable":true,"href":"https:\/\/www.synca.com\/fr-ca\/wp-json\/wp\/v2\/product_tag?post=2926"},{"taxonomy":"marques-de-produit","embeddable":true,"href":"https:\/\/www.synca.com\/fr-ca\/wp-json\/wp\/v2\/marques-de-produit?post=2926"}],"curies":[{"name":"wp","href":"https:\/\/api.w.org\/{rel}","templated":true}]}}