{"id":2909,"date":"2023-01-25T14:39:43","date_gmt":"2023-01-25T14:39:43","guid":{"rendered":"https:\/\/synca-13730204208.futehost.ca\/?post_type=product&#038;p=2909"},"modified":"2026-01-19T16:16:30","modified_gmt":"2026-01-19T21:16:30","slug":"examvision-nose-pad-transparent-2-pieces","status":"publish","type":"product","link":"https:\/\/www.synca.com\/fr-ca\/produit\/examvision-nose-pad-transparent-2-pieces\/","title":{"rendered":"ExamVision nose pad transparent (2 pi\u00e8ces)"},"content":{"rendered":"<p><strong>NOTE: Pour \u00e9viter les frais d&rsquo;exp\u00e9dition pour cet item (sera envoy\u00e9 par la poste), svp t\u00e9l\u00e9phoner au 1-800-667-9622 poste 1<\/strong><\/p>\n","protected":false},"excerpt":{"rendered":"<p>Nose pad<\/p>\n","protected":false},"featured_media":6556,"comment_status":"open","ping_status":"closed","template":"","meta":{"_acf_changed":false},"product_brand":[],"product_cat":[51],"product_tag":[],"marques-de-produit":[76],"class_list":{"0":"post-2909","1":"product","2":"type-product","3":"status-publish","4":"has-post-thumbnail","6":"product_cat-accessoires-examvision","7":"marques-de-produit-examvision","9":"first","10":"instock","11":"taxable","12":"shipping-taxable","13":"purchasable","14":"product-type-variable"},"acf":[],"_links":{"self":[{"href":"https:\/\/www.synca.com\/fr-ca\/wp-json\/wp\/v2\/product\/2909","targetHints":{"allow":["GET"]}}],"collection":[{"href":"https:\/\/www.synca.com\/fr-ca\/wp-json\/wp\/v2\/product"}],"about":[{"href":"https:\/\/www.synca.com\/fr-ca\/wp-json\/wp\/v2\/types\/product"}],"replies":[{"embeddable":true,"href":"https:\/\/www.synca.com\/fr-ca\/wp-json\/wp\/v2\/comments?post=2909"}],"version-history":[{"count":4,"href":"https:\/\/www.synca.com\/fr-ca\/wp-json\/wp\/v2\/product\/2909\/revisions"}],"predecessor-version":[{"id":16323,"href":"https:\/\/www.synca.com\/fr-ca\/wp-json\/wp\/v2\/product\/2909\/revisions\/16323"}],"wp:featuredmedia":[{"embeddable":true,"href":"https:\/\/www.synca.com\/fr-ca\/wp-json\/wp\/v2\/media\/6556"}],"wp:attachment":[{"href":"https:\/\/www.synca.com\/fr-ca\/wp-json\/wp\/v2\/media?parent=2909"}],"wp:term":[{"taxonomy":"product_brand","embeddable":true,"href":"https:\/\/www.synca.com\/fr-ca\/wp-json\/wp\/v2\/product_brand?post=2909"},{"taxonomy":"product_cat","embeddable":true,"href":"https:\/\/www.synca.com\/fr-ca\/wp-json\/wp\/v2\/product_cat?post=2909"},{"taxonomy":"product_tag","embeddable":true,"href":"https:\/\/www.synca.com\/fr-ca\/wp-json\/wp\/v2\/product_tag?post=2909"},{"taxonomy":"marques-de-produit","embeddable":true,"href":"https:\/\/www.synca.com\/fr-ca\/wp-json\/wp\/v2\/marques-de-produit?post=2909"}],"curies":[{"name":"wp","href":"https:\/\/api.w.org\/{rel}","templated":true}]}}