{"id":18143,"date":"2023-10-20T10:18:03","date_gmt":"2023-10-20T14:18:03","guid":{"rendered":"https:\/\/www.synca.com\/?post_type=product&#038;p=18143"},"modified":"2025-08-18T10:43:09","modified_gmt":"2025-08-18T14:43:09","slug":"ena-shiny-trousse-dessai","status":"publish","type":"product","link":"https:\/\/www.synca.com\/fr-ca\/produit\/ena-shiny-trousse-dessai\/","title":{"rendered":"ENA Shiny trousse d&rsquo;essai"},"content":{"rendered":"<p><strong>Contient:<\/strong><br \/>\n1 \u2013 p\u00e2te \u00e0 diamond de 0,5g SHINY A 3\u00b5m<br \/>\n1 \u2013 p\u00e2te \u00e0 diamond de 0,5g SHINY B 1\u00b5m<br \/>\n1 \u2013 p\u00e2te de 4g SHINY C<br \/>\n2 \u2013 brosses \u00e0 poils de ch\u00e8vre RA<br \/>\n1 \u2013 disques SHINY FD<br \/>\n1 \u2013 roues SHINY F<br \/>\n1 \u2013 mandrins RA<br \/>\n2 \u2013 embouts pour bloc d\u2019air SHINY G<br \/>\n1 \u2013 pointe en caoutchouc SHINY<\/p>\n<p>Obtenez des restaurations ENA HRi lustr\u00e9es en utilisant le syst\u00e8me de polissage \u00abShiny\u00bb de Micerium. \u00abShiny\u00bb est un syst\u00e8me en trois \u00e9tapes rapides utilisant des p\u00e2tes \u00e0 polir au diamant et d\u2019oxyde d\u2019aluminium. Il est sp\u00e9cifiquement con\u00e7u pour le composite nanohybride et polira rapidement les restaurations tout en pr\u00e9servant une anatomie naturelle.<\/p>\n","protected":false},"excerpt":{"rendered":"<p>ENA Shiny trousse d&rsquo;essai<\/p>\n","protected":false},"featured_media":10942,"comment_status":"open","ping_status":"closed","template":"","meta":{"_acf_changed":false},"product_brand":[],"product_cat":[84,83,89],"product_tag":[],"marques-de-produit":[],"class_list":{"0":"post-18143","1":"product","2":"type-product","3":"status-publish","4":"has-post-thumbnail","6":"product_cat-ena-hri-bio-function","7":"product_cat-ena-hri","8":"product_cat-accessoires-micerium","10":"first","11":"instock","12":"taxable","13":"shipping-taxable","14":"purchasable","15":"product-type-simple"},"acf":[],"_links":{"self":[{"href":"https:\/\/www.synca.com\/fr-ca\/wp-json\/wp\/v2\/product\/18143","targetHints":{"allow":["GET"]}}],"collection":[{"href":"https:\/\/www.synca.com\/fr-ca\/wp-json\/wp\/v2\/product"}],"about":[{"href":"https:\/\/www.synca.com\/fr-ca\/wp-json\/wp\/v2\/types\/product"}],"replies":[{"embeddable":true,"href":"https:\/\/www.synca.com\/fr-ca\/wp-json\/wp\/v2\/comments?post=18143"}],"version-history":[{"count":2,"href":"https:\/\/www.synca.com\/fr-ca\/wp-json\/wp\/v2\/product\/18143\/revisions"}],"predecessor-version":[{"id":18145,"href":"https:\/\/www.synca.com\/fr-ca\/wp-json\/wp\/v2\/product\/18143\/revisions\/18145"}],"wp:featuredmedia":[{"embeddable":true,"href":"https:\/\/www.synca.com\/fr-ca\/wp-json\/wp\/v2\/media\/10942"}],"wp:attachment":[{"href":"https:\/\/www.synca.com\/fr-ca\/wp-json\/wp\/v2\/media?parent=18143"}],"wp:term":[{"taxonomy":"product_brand","embeddable":true,"href":"https:\/\/www.synca.com\/fr-ca\/wp-json\/wp\/v2\/product_brand?post=18143"},{"taxonomy":"product_cat","embeddable":true,"href":"https:\/\/www.synca.com\/fr-ca\/wp-json\/wp\/v2\/product_cat?post=18143"},{"taxonomy":"product_tag","embeddable":true,"href":"https:\/\/www.synca.com\/fr-ca\/wp-json\/wp\/v2\/product_tag?post=18143"},{"taxonomy":"marques-de-produit","embeddable":true,"href":"https:\/\/www.synca.com\/fr-ca\/wp-json\/wp\/v2\/marques-de-produit?post=18143"}],"curies":[{"name":"wp","href":"https:\/\/api.w.org\/{rel}","templated":true}]}}