{"id":16096,"date":"2023-09-19T09:55:07","date_gmt":"2023-09-19T13:55:07","guid":{"rendered":"https:\/\/synca-13730204208.futehost.ca\/?post_type=product&#038;p=16096"},"modified":"2026-01-20T14:51:30","modified_gmt":"2026-01-20T19:51:30","slug":"examvision-cable-de-remplacement-faites-le-vous-meme-pour-lumiere-del","status":"publish","type":"product","link":"https:\/\/www.synca.com\/fr-ca\/produit\/examvision-cable-de-remplacement-faites-le-vous-meme-pour-lumiere-del\/","title":{"rendered":"ExamVision cable de remplacement (faites-le vous-m\u00eame) pour lumi\u00e8re DEL"},"content":{"rendered":"<p><strong><span style=\"color: #ff0000;\">Si vous avez un doute sur votre compatibilit\u00e9, t\u00e9l\u00e9phonez au 1-800-667-9622 poste 231<\/span><\/strong><\/p>\n<p>Compatible avec:<br \/>\n\u2022 lumi\u00e8re Nano<br \/>\n\u2022 lumi\u00e8re Focus Bright<br \/>\n\u2022 lumi\u00e8re Focus True<\/p>\n","protected":false},"excerpt":{"rendered":"<p>ExamVision cable de remplacement (faites-le vous-m\u00eame) pour lumi\u00e8re DEL<\/p>\n","protected":false},"featured_media":16097,"comment_status":"open","ping_status":"closed","template":"","meta":{"_acf_changed":false},"product_brand":[],"product_cat":[51],"product_tag":[],"marques-de-produit":[],"class_list":{"0":"post-16096","1":"product","2":"type-product","3":"status-publish","4":"has-post-thumbnail","6":"product_cat-accessoires-examvision","8":"first","9":"instock","10":"taxable","11":"shipping-taxable","12":"purchasable","13":"product-type-simple"},"acf":[],"_links":{"self":[{"href":"https:\/\/www.synca.com\/fr-ca\/wp-json\/wp\/v2\/product\/16096","targetHints":{"allow":["GET"]}}],"collection":[{"href":"https:\/\/www.synca.com\/fr-ca\/wp-json\/wp\/v2\/product"}],"about":[{"href":"https:\/\/www.synca.com\/fr-ca\/wp-json\/wp\/v2\/types\/product"}],"replies":[{"embeddable":true,"href":"https:\/\/www.synca.com\/fr-ca\/wp-json\/wp\/v2\/comments?post=16096"}],"version-history":[{"count":2,"href":"https:\/\/www.synca.com\/fr-ca\/wp-json\/wp\/v2\/product\/16096\/revisions"}],"predecessor-version":[{"id":19616,"href":"https:\/\/www.synca.com\/fr-ca\/wp-json\/wp\/v2\/product\/16096\/revisions\/19616"}],"wp:featuredmedia":[{"embeddable":true,"href":"https:\/\/www.synca.com\/fr-ca\/wp-json\/wp\/v2\/media\/16097"}],"wp:attachment":[{"href":"https:\/\/www.synca.com\/fr-ca\/wp-json\/wp\/v2\/media?parent=16096"}],"wp:term":[{"taxonomy":"product_brand","embeddable":true,"href":"https:\/\/www.synca.com\/fr-ca\/wp-json\/wp\/v2\/product_brand?post=16096"},{"taxonomy":"product_cat","embeddable":true,"href":"https:\/\/www.synca.com\/fr-ca\/wp-json\/wp\/v2\/product_cat?post=16096"},{"taxonomy":"product_tag","embeddable":true,"href":"https:\/\/www.synca.com\/fr-ca\/wp-json\/wp\/v2\/product_tag?post=16096"},{"taxonomy":"marques-de-produit","embeddable":true,"href":"https:\/\/www.synca.com\/fr-ca\/wp-json\/wp\/v2\/marques-de-produit?post=16096"}],"curies":[{"name":"wp","href":"https:\/\/api.w.org\/{rel}","templated":true}]}}