{"id":13625,"date":"2023-08-18T12:23:26","date_gmt":"2023-08-18T16:23:26","guid":{"rendered":"https:\/\/synca-13730204208.futehost.ca\/?post_type=product&#038;p=13625"},"modified":"2023-08-18T15:17:56","modified_gmt":"2023-08-18T19:17:56","slug":"wh-canette-de-lubrification-f1-capuchon-non-inclus","status":"publish","type":"product","link":"https:\/\/www.synca.com\/fr-ca\/produit\/wh-canette-de-lubrification-f1-capuchon-non-inclus\/","title":{"rendered":"W&#038;H canette de lubrification f1 (capuchon non-inclus)"},"content":{"rendered":"<p>Quantit\u00e9: 1<\/p>\n<p>Capuchon non-inclus \u2013 ils sont r\u00e9utilisables et vendus s\u00e9par\u00e9ment.<\/p>\n","protected":false},"excerpt":{"rendered":"<p>W&amp;H canette de lubrification f1 (capuchon non-inclus)<\/p>\n","protected":false},"featured_media":13633,"comment_status":"open","ping_status":"closed","template":"","meta":{"_acf_changed":false},"product_brand":[],"product_cat":[619,624],"product_tag":[],"marques-de-produit":[],"class_list":{"0":"post-13625","1":"product","2":"type-product","3":"status-publish","4":"has-post-thumbnail","6":"product_cat-implantmed-classic","7":"product_cat-implantmed","9":"first","10":"instock","11":"taxable","12":"shipping-taxable","13":"purchasable","14":"product-type-simple"},"acf":[],"_links":{"self":[{"href":"https:\/\/www.synca.com\/fr-ca\/wp-json\/wp\/v2\/product\/13625","targetHints":{"allow":["GET"]}}],"collection":[{"href":"https:\/\/www.synca.com\/fr-ca\/wp-json\/wp\/v2\/product"}],"about":[{"href":"https:\/\/www.synca.com\/fr-ca\/wp-json\/wp\/v2\/types\/product"}],"replies":[{"embeddable":true,"href":"https:\/\/www.synca.com\/fr-ca\/wp-json\/wp\/v2\/comments?post=13625"}],"version-history":[{"count":1,"href":"https:\/\/www.synca.com\/fr-ca\/wp-json\/wp\/v2\/product\/13625\/revisions"}],"predecessor-version":[{"id":13636,"href":"https:\/\/www.synca.com\/fr-ca\/wp-json\/wp\/v2\/product\/13625\/revisions\/13636"}],"wp:featuredmedia":[{"embeddable":true,"href":"https:\/\/www.synca.com\/fr-ca\/wp-json\/wp\/v2\/media\/13633"}],"wp:attachment":[{"href":"https:\/\/www.synca.com\/fr-ca\/wp-json\/wp\/v2\/media?parent=13625"}],"wp:term":[{"taxonomy":"product_brand","embeddable":true,"href":"https:\/\/www.synca.com\/fr-ca\/wp-json\/wp\/v2\/product_brand?post=13625"},{"taxonomy":"product_cat","embeddable":true,"href":"https:\/\/www.synca.com\/fr-ca\/wp-json\/wp\/v2\/product_cat?post=13625"},{"taxonomy":"product_tag","embeddable":true,"href":"https:\/\/www.synca.com\/fr-ca\/wp-json\/wp\/v2\/product_tag?post=13625"},{"taxonomy":"marques-de-produit","embeddable":true,"href":"https:\/\/www.synca.com\/fr-ca\/wp-json\/wp\/v2\/marques-de-produit?post=13625"}],"curies":[{"name":"wp","href":"https:\/\/api.w.org\/{rel}","templated":true}]}}