{"id":10600,"date":"2023-05-23T15:32:38","date_gmt":"2023-05-23T19:32:38","guid":{"rendered":"https:\/\/synca-13730204208.futehost.ca\/?post_type=product&#038;p=10600"},"modified":"2026-02-25T14:08:27","modified_gmt":"2026-02-25T19:08:27","slug":"tempspan-temporary-cb-recharge","status":"publish","type":"product","link":"https:\/\/www.synca.com\/fr-ca\/produit\/tempspan-temporary-cb-recharge\/","title":{"rendered":"TempSpan\u00ae Temporary C&#038;B recharge A2"},"content":{"rendered":"<p><span style=\"color: #ff0000;\"><strong>NOTE:\u00a0<\/strong>Les teintes A0, A1, A3, A3.5, B1 et C2 sont offertes en commande sp\u00e9ciale seulement. SVP t\u00e9l\u00e9phonez au 1-800-667-9622 poste 1.<\/span><\/p>\n<p><strong>Contient:<\/strong><br \/>\n1 &#8211; cartouche <strong>A2<\/strong> de 50ml avec embouts \u00e0 malaxer<br \/>\naccessories<\/p>\n","protected":false},"excerpt":{"rendered":"<p>TempSpan\u00ae Temporary C&amp;B recharge<\/p>\n","protected":false},"featured_media":10601,"comment_status":"open","ping_status":"closed","template":"","meta":{"_acf_changed":false},"product_brand":[],"product_cat":[217],"product_tag":[],"marques-de-produit":[],"class_list":{"0":"post-10600","1":"product","2":"type-product","3":"status-publish","4":"has-post-thumbnail","6":"product_cat-tempspan","8":"first","9":"instock","10":"taxable","11":"shipping-taxable","12":"purchasable","13":"product-type-simple"},"acf":[],"_links":{"self":[{"href":"https:\/\/www.synca.com\/fr-ca\/wp-json\/wp\/v2\/product\/10600","targetHints":{"allow":["GET"]}}],"collection":[{"href":"https:\/\/www.synca.com\/fr-ca\/wp-json\/wp\/v2\/product"}],"about":[{"href":"https:\/\/www.synca.com\/fr-ca\/wp-json\/wp\/v2\/types\/product"}],"replies":[{"embeddable":true,"href":"https:\/\/www.synca.com\/fr-ca\/wp-json\/wp\/v2\/comments?post=10600"}],"version-history":[{"count":3,"href":"https:\/\/www.synca.com\/fr-ca\/wp-json\/wp\/v2\/product\/10600\/revisions"}],"predecessor-version":[{"id":24178,"href":"https:\/\/www.synca.com\/fr-ca\/wp-json\/wp\/v2\/product\/10600\/revisions\/24178"}],"wp:featuredmedia":[{"embeddable":true,"href":"https:\/\/www.synca.com\/fr-ca\/wp-json\/wp\/v2\/media\/10601"}],"wp:attachment":[{"href":"https:\/\/www.synca.com\/fr-ca\/wp-json\/wp\/v2\/media?parent=10600"}],"wp:term":[{"taxonomy":"product_brand","embeddable":true,"href":"https:\/\/www.synca.com\/fr-ca\/wp-json\/wp\/v2\/product_brand?post=10600"},{"taxonomy":"product_cat","embeddable":true,"href":"https:\/\/www.synca.com\/fr-ca\/wp-json\/wp\/v2\/product_cat?post=10600"},{"taxonomy":"product_tag","embeddable":true,"href":"https:\/\/www.synca.com\/fr-ca\/wp-json\/wp\/v2\/product_tag?post=10600"},{"taxonomy":"marques-de-produit","embeddable":true,"href":"https:\/\/www.synca.com\/fr-ca\/wp-json\/wp\/v2\/marques-de-produit?post=10600"}],"curies":[{"name":"wp","href":"https:\/\/api.w.org\/{rel}","templated":true}]}}