{"id":963,"date":"2022-11-17T14:12:33","date_gmt":"2022-11-17T14:12:33","guid":{"rendered":"https:\/\/synca-13730204208.futehost.ca\/?page_id=963"},"modified":"2024-09-17T12:08:37","modified_gmt":"2024-09-17T16:08:37","slug":"nos-politiques","status":"publish","type":"page","link":"https:\/\/www.synca.com\/fr-ca\/nos-politiques\/","title":{"rendered":"Nos politiques"},"content":{"rendered":"\t\t<div data-elementor-type=\"wp-page\" data-elementor-id=\"963\" class=\"elementor elementor-963\" data-elementor-post-type=\"page\">\n\t\t\t\t\t\t<section class=\"elementor-section elementor-top-section elementor-element elementor-element-bff658a elementor-section-boxed elementor-section-height-default elementor-section-height-default\" data-id=\"bff658a\" data-element_type=\"section\" data-settings=\"{&quot;background_background&quot;:&quot;classic&quot;}\">\n\t\t\t\t\t\t<div class=\"elementor-container elementor-column-gap-default\">\n\t\t\t\t\t<div class=\"elementor-column elementor-col-100 elementor-top-column elementor-element elementor-element-2d9e9c7\" data-id=\"2d9e9c7\" data-element_type=\"column\">\n\t\t\t<div class=\"elementor-widget-wrap elementor-element-populated\">\n\t\t\t\t\t\t<div class=\"elementor-element elementor-element-d930c81 elementor-widget elementor-widget-heading\" data-id=\"d930c81\" data-element_type=\"widget\" data-widget_type=\"heading.default\">\n\t\t\t\t<div class=\"elementor-widget-container\">\n\t\t\t\t\t<h2 class=\"elementor-heading-title elementor-size-default\">Nos politiques<\/h2>\t\t\t\t<\/div>\n\t\t\t\t<\/div>\n\t\t\t\t\t<\/div>\n\t\t<\/div>\n\t\t\t\t\t<\/div>\n\t\t<\/section>\n\t\t\t\t<section class=\"elementor-section elementor-top-section elementor-element elementor-element-3c59ede elementor-section-boxed elementor-section-height-default elementor-section-height-default\" data-id=\"3c59ede\" data-element_type=\"section\" data-settings=\"{&quot;background_background&quot;:&quot;classic&quot;}\">\n\t\t\t\t\t\t<div class=\"elementor-container elementor-column-gap-default\">\n\t\t\t\t\t<div class=\"elementor-column elementor-col-50 elementor-top-column elementor-element elementor-element-f2c6070\" data-id=\"f2c6070\" data-element_type=\"column\">\n\t\t\t<div class=\"elementor-widget-wrap elementor-element-populated\">\n\t\t\t\t\t\t<div class=\"elementor-element elementor-element-e78b86f elementor-widget elementor-widget-heading\" data-id=\"e78b86f\" data-element_type=\"widget\" data-widget_type=\"heading.default\">\n\t\t\t\t<div class=\"elementor-widget-container\">\n\t\t\t\t\t<h3 class=\"elementor-heading-title elementor-size-default\">Commandes:<\/h3>\t\t\t\t<\/div>\n\t\t\t\t<\/div>\n\t\t\t\t<div class=\"elementor-element elementor-element-4f21350 elementor-widget elementor-widget-text-editor\" data-id=\"4f21350\" data-element_type=\"widget\" data-widget_type=\"text-editor.default\">\n\t\t\t\t<div class=\"elementor-widget-container\">\n\t\t\t\t\t\t\t\t\t<p>Les commandes de mat\u00e9riaux dentaires peuvent \u00eatre pass\u00e9es par t\u00e9l\u00e9phone, de 8h30 \u00e0 17h, heure de l&rsquo;Est. Les nouvelles commandes pour les t\u00e9lescopes ou produits sp\u00e9cialis\u00e9s (lunettes d&rsquo;agrandissement, syst\u00e8me d&rsquo;\u00e9clairage, Calaject, EZ DAM, syst\u00e8me de blanchiment Brillance) peuvent \u00eatre pass\u00e9es directement aupr\u00e8s de votre repr\u00e9sentant en produits Synca local.7<\/p>\t\t\t\t\t\t\t\t<\/div>\n\t\t\t\t<\/div>\n\t\t\t\t<div class=\"elementor-element elementor-element-6271fb1 elementor-widget elementor-widget-heading\" data-id=\"6271fb1\" data-element_type=\"widget\" data-widget_type=\"heading.default\">\n\t\t\t\t<div class=\"elementor-widget-container\">\n\t\t\t\t\t<h3 class=\"elementor-heading-title elementor-size-default\">Garantie de satisfaction:\n<\/h3>\t\t\t\t<\/div>\n\t\t\t\t<\/div>\n\t\t\t\t<div class=\"elementor-element elementor-element-8c8147e elementor-widget elementor-widget-text-editor\" data-id=\"8c8147e\" data-element_type=\"widget\" data-widget_type=\"text-editor.default\">\n\t\t\t\t<div class=\"elementor-widget-container\">\n\t\t\t\t\t\t\t\t\t<p>Nous croyons que vous ne pouvez pas vraiment d\u00e9terminer si vous aimez utiliser un produit sans l\u2019avoir essay\u00e9. La plupart des mat\u00e9riaux dentaires et les autres produits vendus par Synca sont donc couverts par une garantie de satisfaction de 30 jours. Si vous n\u2019\u00eates pas satisfait des r\u00e9sultats, nous reprendrons le produit sans qu\u2019il vous en co\u00fbte un sou. Avant de commander, informez-vous pour savoir si cette politique s\u2019applique \u00e0 votre achat. Pour retourner un produit, vous devez d\u2019abord t\u00e9l\u00e9phoner chez Synca pour obtenir un \u00abnum\u00e9ro d\u2019autorisation de retour\u00bb et nous retourner le ou les produit(s) \u00e0 vos frais.<\/p><p>Les lunettes d&rsquo;agrandissement et lumi\u00e8res ExamVision poss\u00e8dent une garantie de satisfaction de 45 jours.<\/p>\t\t\t\t\t\t\t\t<\/div>\n\t\t\t\t<\/div>\n\t\t\t\t<div class=\"elementor-element elementor-element-8f203f6 elementor-widget elementor-widget-heading\" data-id=\"8f203f6\" data-element_type=\"widget\" data-widget_type=\"heading.default\">\n\t\t\t\t<div class=\"elementor-widget-container\">\n\t\t\t\t\t<h3 class=\"elementor-heading-title elementor-size-default\">Produits non remboursables:\n\n<\/h3>\t\t\t\t<\/div>\n\t\t\t\t<\/div>\n\t\t\t\t<div class=\"elementor-element elementor-element-a30745f elementor-widget elementor-widget-text-editor\" data-id=\"a30745f\" data-element_type=\"widget\" data-widget_type=\"text-editor.default\">\n\t\t\t\t<div class=\"elementor-widget-container\">\n\t\t\t\t\t\t\t\t\tLes produits suivants ne sont pas remboursables : ExamVision Visionshield (L-XL-MAX), Adaptateur pour les Visionshield, visi\u00e8res DFENSE, jaquettes Synca.\t\t\t\t\t\t\t\t<\/div>\n\t\t\t\t<\/div>\n\t\t\t\t<div class=\"elementor-element elementor-element-568fce4 elementor-widget elementor-widget-heading\" data-id=\"568fce4\" data-element_type=\"widget\" data-widget_type=\"heading.default\">\n\t\t\t\t<div class=\"elementor-widget-container\">\n\t\t\t\t\t<h3 class=\"elementor-heading-title elementor-size-default\">Notre engagement de qualit\u00e9 continue:\n\n<\/h3>\t\t\t\t<\/div>\n\t\t\t\t<\/div>\n\t\t\t\t<div class=\"elementor-element elementor-element-725c1d2 elementor-widget elementor-widget-text-editor\" data-id=\"725c1d2\" data-element_type=\"widget\" data-widget_type=\"text-editor.default\">\n\t\t\t\t<div class=\"elementor-widget-container\">\n\t\t\t\t\t\t\t\t\t<p>Synca poss\u00e8de un syst\u00e8me d&rsquo;assurance qualit\u00e9 et b\u00e9n\u00e9ficie d&rsquo;une certification ISO 13485:2016. Synca d\u00e9tient une licence d&rsquo;\u00e9tablissement m\u00e9dical \u00e0 jour, telle que requise par Sant\u00e9 Canada. Synca est le circuit de distribution autoris\u00e9 et attitr\u00e9 des produits pr\u00e9sent\u00e9s sur ce site web.<\/p>\t\t\t\t\t\t\t\t<\/div>\n\t\t\t\t<\/div>\n\t\t\t\t<div class=\"elementor-element elementor-element-19d2916 elementor-widget elementor-widget-heading\" data-id=\"19d2916\" data-element_type=\"widget\" data-widget_type=\"heading.default\">\n\t\t\t\t<div class=\"elementor-widget-container\">\n\t\t\t\t\t<h3 class=\"elementor-heading-title elementor-size-default\">Num\u00e9ros de lot:\n\n<\/h3>\t\t\t\t<\/div>\n\t\t\t\t<\/div>\n\t\t\t\t<div class=\"elementor-element elementor-element-1c26e8e elementor-widget elementor-widget-text-editor\" data-id=\"1c26e8e\" data-element_type=\"widget\" data-widget_type=\"text-editor.default\">\n\t\t\t\t<div class=\"elementor-widget-container\">\n\t\t\t\t\t\t\t\t\tIl est conseill\u00e9 d\u2019inscrire les num\u00e9ros de lot utilis\u00e9 dans le dossier du patient.\t\t\t\t\t\t\t\t<\/div>\n\t\t\t\t<\/div>\n\t\t\t\t\t<\/div>\n\t\t<\/div>\n\t\t\t\t<div class=\"elementor-column elementor-col-50 elementor-top-column elementor-element elementor-element-4513b90\" data-id=\"4513b90\" data-element_type=\"column\">\n\t\t\t<div class=\"elementor-widget-wrap elementor-element-populated\">\n\t\t\t\t\t\t<div class=\"elementor-element elementor-element-1d34775 elementor-widget elementor-widget-heading\" data-id=\"1d34775\" data-element_type=\"widget\" data-widget_type=\"heading.default\">\n\t\t\t\t<div class=\"elementor-widget-container\">\n\t\t\t\t\t<h3 class=\"elementor-heading-title elementor-size-default\">Prix:<\/h3>\t\t\t\t<\/div>\n\t\t\t\t<\/div>\n\t\t\t\t<div class=\"elementor-element elementor-element-899052c elementor-widget elementor-widget-text-editor\" data-id=\"899052c\" data-element_type=\"widget\" data-widget_type=\"text-editor.default\">\n\t\t\t\t<div class=\"elementor-widget-container\">\n\t\t\t\t\t\t\t\t\tLes prix peuvent changer sans pr\u00e9avis, principalement en raison des fluctuations des taux de change. Vous pouvez consulter la plupart de nos prix \u00e0 jour via notre panier d&rsquo;achat en ligne : ca.synca.com, ou en contactant votre repr\u00e9sentant en produits Synca local. Synca n&rsquo;est pas responsable en cas d&rsquo;erreur de prix sur le site web.\n\t\t\t\t\t\t\t\t<\/div>\n\t\t\t\t<\/div>\n\t\t\t\t<div class=\"elementor-element elementor-element-ed58163 elementor-widget elementor-widget-heading\" data-id=\"ed58163\" data-element_type=\"widget\" data-widget_type=\"heading.default\">\n\t\t\t\t<div class=\"elementor-widget-container\">\n\t\t\t\t\t<h3 class=\"elementor-heading-title elementor-size-default\">Retours et produits d\u00e9fectueux:\n<\/h3>\t\t\t\t<\/div>\n\t\t\t\t<\/div>\n\t\t\t\t<div class=\"elementor-element elementor-element-9ce91f5 elementor-widget elementor-widget-text-editor\" data-id=\"9ce91f5\" data-element_type=\"widget\" data-widget_type=\"text-editor.default\">\n\t\t\t\t<div class=\"elementor-widget-container\">\n\t\t\t\t\t\t\t\t\tLes mat\u00e9riaux dentaires dans leur emballage original intact peuvent \u00eatre retourn\u00e9s \u00e0 vos frais jusqu\u2019\u00e0 deux mois apr\u00e8s la date d\u2019achat. Vous pouvez retourner les bo\u00eetes scell\u00e9es de 10 trousses d&rsquo;Endoret (KMU15-US) pour un remboursement seulement \u00e0 l&rsquo;int\u00e9rieur de 30 jours apr\u00e8s votre date d&rsquo;achat. Apr\u00e8s 2 \u00e0 4 mois, un frais de remise en inventaire de 25% est applicable. Les mat\u00e9riaux dentaires ne peuvent \u00eatre retourn\u00e9s apr\u00e8s 4 mois suivant la date d\u2019achat. Si un mat\u00e9riau est d\u00e9fectueux et n&rsquo;a pas atteint sa date de p\u00e9remption, Synca le remplacera par un produit \u00e9quivalent et couvrira tous les frais d&rsquo;envoi. Vous devez d\u2019abord t\u00e9l\u00e9phoner chez Synca pour obtenir un \u00abnum\u00e9ro d\u2019autorisation de retour\u00bb.\t\t\t\t\t\t\t\t<\/div>\n\t\t\t\t<\/div>\n\t\t\t\t<div class=\"elementor-element elementor-element-0e687fb elementor-widget elementor-widget-heading\" data-id=\"0e687fb\" data-element_type=\"widget\" data-widget_type=\"heading.default\">\n\t\t\t\t<div class=\"elementor-widget-container\">\n\t\t\t\t\t<h3 class=\"elementor-heading-title elementor-size-default\">Frais de transport:\n\n<\/h3>\t\t\t\t<\/div>\n\t\t\t\t<\/div>\n\t\t\t\t<div class=\"elementor-element elementor-element-19951f9 elementor-widget elementor-widget-text-editor\" data-id=\"19951f9\" data-element_type=\"widget\" data-widget_type=\"text-editor.default\">\n\t\t\t\t<div class=\"elementor-widget-container\">\n\t\t\t\t\t\t\t\t\t<p>Au lieu d\u2019inclure les co\u00fbts du transport dans nos prix, les commandes de mat\u00e9riaux dentaires sont sujettes \u00e0 un frais de transport unique de 14,95$*. Appelez-nous avant 15h, et 95% des commandes sont livr\u00e9es en 48h ou moins \u00e0 travers le pays. Certains produits plus lourds sont exp\u00e9di\u00e9s dans l\u2019Ouest canadien par voie terrestre, ce qui peut prendre jusqu\u2019\u00e0 5 jours. Les commandes de produits sp\u00e9cialis\u00e9s ont diff\u00e9rents tarifs de livraison. Les co\u00fbts de livraison pour les laboratoires et les denturologistes sont inclus dans le prix pour les commandes de 250$ ou plus de produits fibr\u00e9s. Appelez Synca dans les 48 heures suivant la r\u00e9ception de marchandise endommag\u00e9e durant le transport.<\/p>\n<p><em>*Peut changer sans pr\u00e9avis.<\/em><\/p>\t\t\t\t\t\t\t\t<\/div>\n\t\t\t\t<\/div>\n\t\t\t\t<div class=\"elementor-element elementor-element-920400c elementor-widget elementor-widget-heading\" data-id=\"920400c\" data-element_type=\"widget\" data-widget_type=\"heading.default\">\n\t\t\t\t<div class=\"elementor-widget-container\">\n\t\t\t\t\t<h3 class=\"elementor-heading-title elementor-size-default\">Information sur vos colis:\n\n\n<\/h3>\t\t\t\t<\/div>\n\t\t\t\t<\/div>\n\t\t\t\t<div class=\"elementor-element elementor-element-68f71b8 elementor-widget elementor-widget-text-editor\" data-id=\"68f71b8\" data-element_type=\"widget\" data-widget_type=\"text-editor.default\">\n\t\t\t\t<div class=\"elementor-widget-container\">\n\t\t\t\t\t\t\t\t\t<p>Pour toute information concernant vos colis, veuillez communiquer avec notre d\u00e9partement d&rsquo;exp\u00e9dition au <a href=\"mailto:infoshipping@synca.com\"><strong>infoshipping@synca.com<\/strong><\/a>.<\/p>\t\t\t\t\t\t\t\t<\/div>\n\t\t\t\t<\/div>\n\t\t\t\t\t<\/div>\n\t\t<\/div>\n\t\t\t\t\t<\/div>\n\t\t<\/section>\n\t\t\t\t<\/div>\n\t\t","protected":false},"excerpt":{"rendered":"<p>Nos politiques Commandes: Les commandes de mat\u00e9riaux dentaires peuvent \u00eatre pass\u00e9es par t\u00e9l\u00e9phone, de 8h30 \u00e0 17h, heure de l&rsquo;Est. Les nouvelles commandes pour les t\u00e9lescopes ou produits sp\u00e9cialis\u00e9s (lunettes d&rsquo;agrandissement, syst\u00e8me d&rsquo;\u00e9clairage, Calaject, EZ DAM, syst\u00e8me de blanchiment Brillance) peuvent \u00eatre pass\u00e9es directement aupr\u00e8s de votre repr\u00e9sentant en produits Synca local.7 Garantie de satisfaction: [&hellip;]<\/p>\n","protected":false},"author":1,"featured_media":0,"parent":0,"menu_order":20,"comment_status":"closed","ping_status":"closed","template":"","meta":{"_acf_changed":false,"footnotes":""},"class_list":["post-963","page","type-page","status-publish","hentry"],"acf":[],"_links":{"self":[{"href":"https:\/\/www.synca.com\/fr-ca\/wp-json\/wp\/v2\/pages\/963","targetHints":{"allow":["GET"]}}],"collection":[{"href":"https:\/\/www.synca.com\/fr-ca\/wp-json\/wp\/v2\/pages"}],"about":[{"href":"https:\/\/www.synca.com\/fr-ca\/wp-json\/wp\/v2\/types\/page"}],"author":[{"embeddable":true,"href":"https:\/\/www.synca.com\/fr-ca\/wp-json\/wp\/v2\/users\/1"}],"replies":[{"embeddable":true,"href":"https:\/\/www.synca.com\/fr-ca\/wp-json\/wp\/v2\/comments?post=963"}],"version-history":[{"count":19,"href":"https:\/\/www.synca.com\/fr-ca\/wp-json\/wp\/v2\/pages\/963\/revisions"}],"predecessor-version":[{"id":21042,"href":"https:\/\/www.synca.com\/fr-ca\/wp-json\/wp\/v2\/pages\/963\/revisions\/21042"}],"wp:attachment":[{"href":"https:\/\/www.synca.com\/fr-ca\/wp-json\/wp\/v2\/media?parent=963"}],"curies":[{"name":"wp","href":"https:\/\/api.w.org\/{rel}","templated":true}]}}