{"id":95,"date":"2022-08-22T13:27:13","date_gmt":"2022-08-22T17:27:13","guid":{"rendered":"https:\/\/synca-13730204208.futehost.ca\/?page_id=95"},"modified":"2025-11-19T12:04:50","modified_gmt":"2025-11-19T17:04:50","slug":"contact","status":"publish","type":"page","link":"https:\/\/www.synca.com\/fr-ca\/contact\/","title":{"rendered":"Contact"},"content":{"rendered":"\t\t<div data-elementor-type=\"wp-page\" data-elementor-id=\"95\" class=\"elementor elementor-95 elementor-12603\" data-elementor-post-type=\"page\">\n\t\t\t\t\t\t<section class=\"elementor-section elementor-top-section elementor-element elementor-element-f5b7793 elementor-section-full_width elementor-section-height-min-height banners elementor-section-height-default elementor-section-items-middle\" data-id=\"f5b7793\" data-element_type=\"section\" data-settings=\"{&quot;background_background&quot;:&quot;classic&quot;}\">\n\t\t\t\t\t\t<div class=\"elementor-container elementor-column-gap-default\">\n\t\t\t\t\t<div class=\"elementor-column elementor-col-50 elementor-top-column elementor-element elementor-element-c795e68\" data-id=\"c795e68\" data-element_type=\"column\">\n\t\t\t<div class=\"elementor-widget-wrap elementor-element-populated\">\n\t\t\t\t\t\t<div class=\"elementor-element elementor-element-81cc036 elementor-widget elementor-widget-heading\" data-id=\"81cc036\" data-element_type=\"widget\" data-widget_type=\"heading.default\">\n\t\t\t\t<div class=\"elementor-widget-container\">\n\t\t\t\t\t<h1 class=\"elementor-heading-title elementor-size-default\">SYNCA<\/h1>\t\t\t\t<\/div>\n\t\t\t\t<\/div>\n\t\t\t\t<div class=\"elementor-element elementor-element-325198e elementor-widget elementor-widget-heading\" data-id=\"325198e\" data-element_type=\"widget\" data-widget_type=\"heading.default\">\n\t\t\t\t<div class=\"elementor-widget-container\">\n\t\t\t\t\t<h2 class=\"elementor-heading-title elementor-size-default\">Contactez notre \u00e9quipe de professionnels<\/h2>\t\t\t\t<\/div>\n\t\t\t\t<\/div>\n\t\t\t\t\t<\/div>\n\t\t<\/div>\n\t\t\t\t<div class=\"elementor-column elementor-col-50 elementor-top-column elementor-element elementor-element-556179c elementor-hidden-tablet elementor-hidden-mobile\" data-id=\"556179c\" data-element_type=\"column\">\n\t\t\t<div class=\"elementor-widget-wrap\">\n\t\t\t\t\t\t\t<\/div>\n\t\t<\/div>\n\t\t\t\t\t<\/div>\n\t\t<\/section>\n\t\t\t\t<section class=\"elementor-section elementor-top-section elementor-element elementor-element-625f682 elementor-section-boxed elementor-section-height-default elementor-section-height-default\" data-id=\"625f682\" data-element_type=\"section\" data-settings=\"{&quot;background_background&quot;:&quot;classic&quot;}\">\n\t\t\t\t\t\t<div class=\"elementor-container elementor-column-gap-default\">\n\t\t\t\t\t<div class=\"elementor-column elementor-col-100 elementor-top-column elementor-element elementor-element-40c666d6\" data-id=\"40c666d6\" data-element_type=\"column\" data-settings=\"{&quot;background_background&quot;:&quot;classic&quot;}\">\n\t\t\t<div class=\"elementor-widget-wrap elementor-element-populated\">\n\t\t\t\t\t\t<section class=\"elementor-section elementor-inner-section elementor-element elementor-element-28fdb4f elementor-section-full_width elementor-section-height-default elementor-section-height-default\" data-id=\"28fdb4f\" data-element_type=\"section\">\n\t\t\t\t\t\t<div class=\"elementor-container elementor-column-gap-default\">\n\t\t\t\t\t<div class=\"elementor-column elementor-col-50 elementor-inner-column elementor-element elementor-element-b965c16\" data-id=\"b965c16\" data-element_type=\"column\" data-settings=\"{&quot;background_background&quot;:&quot;classic&quot;}\">\n\t\t\t<div class=\"elementor-widget-wrap elementor-element-populated\">\n\t\t\t\t\t\t<section class=\"elementor-section elementor-inner-section elementor-element elementor-element-bec41de elementor-section-boxed elementor-section-height-default elementor-section-height-default\" data-id=\"bec41de\" data-element_type=\"section\">\n\t\t\t\t\t\t<div class=\"elementor-container elementor-column-gap-default\">\n\t\t\t\t\t<div class=\"elementor-column elementor-col-100 elementor-inner-column elementor-element elementor-element-9dbe853\" data-id=\"9dbe853\" data-element_type=\"column\" data-settings=\"{&quot;background_background&quot;:&quot;classic&quot;}\">\n\t\t\t<div class=\"elementor-widget-wrap elementor-element-populated\">\n\t\t\t\t\t\t<div class=\"elementor-element elementor-element-73a222a elementor-widget elementor-widget-heading\" data-id=\"73a222a\" data-element_type=\"widget\" data-widget_type=\"heading.default\">\n\t\t\t\t<div class=\"elementor-widget-container\">\n\t\t\t\t\t<h2 class=\"elementor-heading-title elementor-size-default\">Nos coordonn\u00e9es :<\/h2>\t\t\t\t<\/div>\n\t\t\t\t<\/div>\n\t\t\t\t<div class=\"elementor-element elementor-element-b7aa84b elementor-position-left elementor-tablet-position-left elementor-view-default elementor-widget elementor-widget-icon-box\" data-id=\"b7aa84b\" data-element_type=\"widget\" data-widget_type=\"icon-box.default\">\n\t\t\t\t<div class=\"elementor-widget-container\">\n\t\t\t\t\t\t\t<div class=\"elementor-icon-box-wrapper\">\n\n\t\t\t\t\t\t<div class=\"elementor-icon-box-icon\">\n\t\t\t\t<a href=\"tel:18006679622\" class=\"elementor-icon\" tabindex=\"-1\" aria-label=\"&lt;strong&gt;1-800-667-9622&lt;\/strong&gt;\">\n\t\t\t\t<svg xmlns=\"http:\/\/www.w3.org\/2000\/svg\" xmlns:xlink=\"http:\/\/www.w3.org\/1999\/xlink\" width=\"43.805\" height=\"43.811\" viewBox=\"0 0 43.805 43.811\"><defs><clipPath id=\"clip-path\"><rect id=\"Rectangle_162\" data-name=\"Rectangle 162\" width=\"43.805\" height=\"43.811\" fill=\"#fff\"><\/rect><\/clipPath><\/defs><g id=\"Groupe_193\" data-name=\"Groupe 193\" clip-path=\"url(#clip-path)\"><path id=\"Trac&#xE9;_78\" data-name=\"Trac&#xE9; 78\" d=\"M20.2,2.721A19.263,19.263,0,1,0,41.1,20.211a18.968,18.968,0,0,0-2.216-7.4,16.921,16.921,0,0,0-3.062-4.187c-.211-.192-.373-.369-.584-.575A18.946,18.946,0,0,0,20.2,2.721m-.472-2.6C13.563.74,9.164,3.453,5.294,7.608A22.8,22.8,0,0,0,1.28,14.527,21.907,21.907,0,1,0,19.731.116\" transform=\"translate(0 0)\" fill=\"#fff\" fill-rule=\"evenodd\"><\/path><path id=\"Trac&#xE9;_79\" data-name=\"Trac&#xE9; 79\" d=\"M263.755,262.981c.07-.23.106-.472.153-.707.079-.393.163-.784.244-1.176.024-.116.048-.233.072-.35a2.5,2.5,0,0,0-1.972-2.937l-2.168-.426a2.5,2.5,0,0,0-2.937,1.972l-.051.244a15.08,15.08,0,0,1-6.237-6.243l.239-.05a2.5,2.5,0,0,0,1.972-2.937l-.426-2.168a2.5,2.5,0,0,0-2.937-1.972l-1.11.23c-.811.168-1.653.166-2.033,1.038a5.4,5.4,0,0,0-.286,1.373,7.287,7.287,0,0,0-.041,1.526,11.212,11.212,0,0,0,.876,3.555,17.475,17.475,0,0,0,3.835,5.575,18.531,18.531,0,0,0,3.505,2.766,14.266,14.266,0,0,0,3.665,1.6,9.231,9.231,0,0,0,3.466.3c.688-.082,1.642-.184,2.021-.858a1.742,1.742,0,0,0,.149-.357\" transform=\"translate(-233.343 -233.312)\" fill=\"#fff\"><\/path><\/g><\/svg>\t\t\t\t<\/a>\n\t\t\t<\/div>\n\t\t\t\n\t\t\t\t\t\t<div class=\"elementor-icon-box-content\">\n\n\t\t\t\t\t\t\t\t\t<h3 class=\"elementor-icon-box-title\">\n\t\t\t\t\t\t<a href=\"tel:18006679622\" >\n\t\t\t\t\t\t\t<strong>1-800-667-9622<\/strong>\t\t\t\t\t\t<\/a>\n\t\t\t\t\t<\/h3>\n\t\t\t\t\n\t\t\t\t\n\t\t\t<\/div>\n\t\t\t\n\t\t<\/div>\n\t\t\t\t\t\t<\/div>\n\t\t\t\t<\/div>\n\t\t\t\t<div class=\"elementor-element elementor-element-163be5a elementor-position-left elementor-tablet-position-left elementor-view-default elementor-widget elementor-widget-icon-box\" data-id=\"163be5a\" data-element_type=\"widget\" data-widget_type=\"icon-box.default\">\n\t\t\t\t<div class=\"elementor-widget-container\">\n\t\t\t\t\t\t\t<div class=\"elementor-icon-box-wrapper\">\n\n\t\t\t\t\t\t<div class=\"elementor-icon-box-icon\">\n\t\t\t\t<a href=\"https:\/\/www.google.com\/maps?q=337+Marion,+Le+Gardeur,+QC,+J5Z+4W8,+Canada&#038;um=1&#038;ie=UTF-8&#038;sa=X&#038;ved=2ahUKEwjOiOzLmYv9AhVfM1kFHUQmAnoQ_AUoAXoECAEQAw\" target=\"_blank\" class=\"elementor-icon\" tabindex=\"-1\" aria-label=\"337 Marion, &lt;br&gt; Le Gardeur, QC,&lt;br&gt; J5Z 4W8, Canada\" rel=\"noopener\">\n\t\t\t\t<svg xmlns=\"http:\/\/www.w3.org\/2000\/svg\" xmlns:xlink=\"http:\/\/www.w3.org\/1999\/xlink\" id=\"Groupe_196\" data-name=\"Groupe 196\" width=\"43.805\" height=\"43.811\" viewBox=\"0 0 43.805 43.811\"><defs><clipPath id=\"clip-path\"><rect id=\"Rectangle_163\" data-name=\"Rectangle 163\" width=\"43.805\" height=\"43.811\" fill=\"#fff\"><\/rect><\/clipPath><\/defs><g id=\"Groupe_195\" data-name=\"Groupe 195\" clip-path=\"url(#clip-path)\"><path id=\"Trac&#xE9;_80\" data-name=\"Trac&#xE9; 80\" d=\"M249.177,192.018a9.362,9.362,0,0,0-9.363,9.362c0,5.171,9.363,14.368,9.363,14.368s9.362-9.2,9.362-14.368a9.362,9.362,0,0,0-9.362-9.362m0,12.421a3.738,3.738,0,1,1,3.738-3.738,3.738,3.738,0,0,1-3.738,3.738\" transform=\"translate(-227.274 -181.977)\" fill=\"#fff\" fill-rule=\"evenodd\"><\/path><path id=\"Trac&#xE9;_81\" data-name=\"Trac&#xE9; 81\" d=\"M20.2,2.72A19.263,19.263,0,1,0,41.1,20.21a18.968,18.968,0,0,0-2.216-7.4,16.921,16.921,0,0,0-3.062-4.187c-.211-.192-.373-.369-.584-.575A18.946,18.946,0,0,0,20.2,2.72m-.472-2.6C13.563.739,9.164,3.452,5.294,7.607A22.8,22.8,0,0,0,1.28,14.526,21.907,21.907,0,1,0,19.731.115\" transform=\"translate(0 0.001)\" fill=\"#fff\" fill-rule=\"evenodd\"><\/path><\/g><\/svg>\t\t\t\t<\/a>\n\t\t\t<\/div>\n\t\t\t\n\t\t\t\t\t\t<div class=\"elementor-icon-box-content\">\n\n\t\t\t\t\t\t\t\t\t<h3 class=\"elementor-icon-box-title\">\n\t\t\t\t\t\t<a href=\"https:\/\/www.google.com\/maps?q=337+Marion,+Le+Gardeur,+QC,+J5Z+4W8,+Canada&#038;um=1&#038;ie=UTF-8&#038;sa=X&#038;ved=2ahUKEwjOiOzLmYv9AhVfM1kFHUQmAnoQ_AUoAXoECAEQAw\" target=\"_blank\" rel=\"noopener\">\n\t\t\t\t\t\t\t337 Marion, <br> Le Gardeur, QC,<br> J5Z 4W8, Canada\t\t\t\t\t\t<\/a>\n\t\t\t\t\t<\/h3>\n\t\t\t\t\n\t\t\t\t\n\t\t\t<\/div>\n\t\t\t\n\t\t<\/div>\n\t\t\t\t\t\t<\/div>\n\t\t\t\t<\/div>\n\t\t\t\t\t<\/div>\n\t\t<\/div>\n\t\t\t\t\t<\/div>\n\t\t<\/section>\n\t\t\t\t\t<\/div>\n\t\t<\/div>\n\t\t\t\t<div class=\"elementor-column elementor-col-50 elementor-inner-column elementor-element elementor-element-b55faad\" data-id=\"b55faad\" data-element_type=\"column\" data-settings=\"{&quot;background_background&quot;:&quot;classic&quot;}\">\n\t\t\t<div class=\"elementor-widget-wrap elementor-element-populated\">\n\t\t\t\t\t\t<div class=\"elementor-element elementor-element-3f01a88e elementor-widget elementor-widget-heading\" data-id=\"3f01a88e\" data-element_type=\"widget\" data-widget_type=\"heading.default\">\n\t\t\t\t<div class=\"elementor-widget-container\">\n\t\t\t\t\t<h2 class=\"elementor-heading-title elementor-size-default\">Notre \u00e9quipe de sp\u00e9cialistes vous aidera dans votre demande personnelle en quelques \u00e9tapes simples:<\/h2>\t\t\t\t<\/div>\n\t\t\t\t<\/div>\n\t\t\t\t<div class=\"elementor-element elementor-element-ec1131c uael-cf7-button-center uael-cf7-style-box uael-cf7-input-size-sm uael-cf7-btn-size-sm uael-cf7-highlight-style-default elementor-widget elementor-widget-uael-cf7-styler\" data-id=\"ec1131c\" data-element_type=\"widget\" data-widget_type=\"uael-cf7-styler.default\">\n\t\t\t\t<div class=\"elementor-widget-container\">\n\t\t\t\t\t\t\t\t\t<div class = \"uael-cf7-container\">\n\t\t\t\t\t\t<div class = \"uael-cf7 uael-cf7-style elementor-clickable\">\n\t\t\t\t\t\t\n<div class=\"wpcf7 no-js\" id=\"wpcf7-f23148-o1\" lang=\"fr-CA\" dir=\"ltr\" data-wpcf7-id=\"23148\">\n<div class=\"screen-reader-response\"><p role=\"status\" aria-live=\"polite\" aria-atomic=\"true\"><\/p> <ul><\/ul><\/div>\n<form action=\"\/fr-ca\/wp-json\/wp\/v2\/pages\/95#wpcf7-f23148-o1\" method=\"post\" class=\"wpcf7-form init\" aria-label=\"Contact form\" novalidate=\"novalidate\" data-status=\"init\">\n<fieldset class=\"hidden-fields-container\"><input type=\"hidden\" name=\"_wpcf7\" value=\"23148\" \/><input type=\"hidden\" name=\"_wpcf7_version\" value=\"6.1\" \/><input type=\"hidden\" name=\"_wpcf7_locale\" value=\"fr_CA\" \/><input type=\"hidden\" name=\"_wpcf7_unit_tag\" value=\"wpcf7-f23148-o1\" \/><input type=\"hidden\" name=\"_wpcf7_container_post\" value=\"0\" \/><input type=\"hidden\" name=\"_wpcf7_posted_data_hash\" value=\"\" \/><input type=\"hidden\" name=\"_wpcf7_recaptcha_response\" value=\"\" \/>\n<\/fieldset>\n<div class=\"col-container\">\n\t<p><span class=\"col-50\"><label> Pr\u00e9nom<span style=\"color:#ff0000;\">*<\/span><br \/>\n<span class=\"wpcf7-form-control-wrap\" data-name=\"first-name\"><input size=\"40\" maxlength=\"400\" class=\"wpcf7-form-control wpcf7-text wpcf7-validates-as-required\" autocomplete=\"name\" aria-required=\"true\" aria-invalid=\"false\" value=\"\" type=\"text\" name=\"first-name\" \/><\/span> <\/label><\/span><br \/>\n<span class=\"col-50\"><label> Nom de famille<span style=\"color:#ff0000;\">*<\/span><br \/>\n<span class=\"wpcf7-form-control-wrap\" data-name=\"last-name\"><input size=\"40\" maxlength=\"400\" class=\"wpcf7-form-control wpcf7-text wpcf7-validates-as-required\" autocomplete=\"name\" aria-required=\"true\" aria-invalid=\"false\" value=\"\" type=\"text\" name=\"last-name\" \/><\/span> <\/label><\/span>\n\t<\/p>\n<\/div>\n<div class=\"col-container\">\n\t<p><span class=\"col-100\"><label> Profil<span style=\"color:#ff0000;\">*<\/span><br \/>\n<span class=\"wpcf7-form-control-wrap\" data-name=\"profil\"><select class=\"wpcf7-form-control wpcf7-select wpcf7-validates-as-required select\" aria-required=\"true\" aria-invalid=\"false\" name=\"profil\"><option value=\"\">VOUS DEVEZ EN S\u00c9LECTIONNER UN<\/option><option value=\"Docteur(e) OU Hygi\u00e9niste OU \u00c9tudiant(e)\">Docteur(e) OU Hygi\u00e9niste OU \u00c9tudiant(e)<\/option><option value=\"Laboratoire OU Denturologiste\">Laboratoire OU Denturologiste<\/option><option value=\"Autre\">Autre<\/option><\/select><\/span><\/label><\/span>\n\t<\/p>\n<\/div>\n<div class=\"col-container\">\n\t<p><span class=\"col-50\"><label> T\u00e9l\u00e9phone<span style=\"color:#ff0000;\">*<\/span><br \/>\n<span class=\"wpcf7-form-control-wrap\" data-name=\"phone\"><input size=\"40\" maxlength=\"400\" class=\"wpcf7-form-control wpcf7-tel wpcf7-validates-as-required wpcf7-text wpcf7-validates-as-tel\" aria-required=\"true\" aria-invalid=\"false\" value=\"\" type=\"tel\" name=\"phone\" \/><\/span><\/label><\/span><br \/>\n<span class=\"col-50\"><label> Courriel<span style=\"color:#ff0000;\">*<\/span><br \/>\n<span class=\"wpcf7-form-control-wrap\" data-name=\"your-email\"><input size=\"40\" maxlength=\"400\" class=\"wpcf7-form-control wpcf7-email wpcf7-validates-as-required wpcf7-text wpcf7-validates-as-email\" autocomplete=\"email\" aria-required=\"true\" aria-invalid=\"false\" value=\"\" type=\"email\" name=\"your-email\" \/><\/span> <\/label><\/span>\n\t<\/p>\n<\/div>\n<div class=\"col-container\">\n\t<p><span class=\"col-100\"><label> Type de demande<span style=\"color:#ff0000;\">*<\/span><br \/>\n<span class=\"wpcf7-form-control-wrap\" data-name=\"request-type\"><select class=\"wpcf7-form-control wpcf7-select wpcf7-validates-as-required select\" aria-required=\"true\" aria-invalid=\"false\" name=\"request-type\"><option value=\"\">VOUS DEVEZ EN S\u00c9LECTIONNER UN<\/option><option value=\"Rendez-vous de vente\">Rendez-vous de vente<\/option><option value=\"Service et soutien apr\u00e8s-vente\">Service et soutien apr\u00e8s-vente<\/option><option value=\"Information g\u00e9n\u00e9rale\">Information g\u00e9n\u00e9rale<\/option><option value=\"Autre\">Autre<\/option><\/select><\/span><\/label><\/span>\n\t<\/p>\n<\/div>\n<div class=\"col-container\">\n\t<p><span class=\"col-100\"><label> Type de produit<span style=\"color:#ff0000;\">*<\/span><br \/>\n<span class=\"wpcf7-form-control-wrap\" data-name=\"product-type\"><select class=\"wpcf7-form-control wpcf7-select wpcf7-validates-as-required select\" aria-required=\"true\" aria-invalid=\"false\" name=\"product-type\"><option value=\"\">VOUS DEVEZ EN S\u00c9LECTIONNER UN<\/option><option value=\"Lunettes et lumi\u00e8res\">Lunettes et lumi\u00e8res<\/option><option value=\"Microscope\">Microscope<\/option><option value=\"CADI, capteurs et cam\u00e9ras\">CADI, capteurs et cam\u00e9ras<\/option><option value=\"Machine PAN\">Machine PAN<\/option><option value=\"Scanneurs 3D et produits CAD\/CAM\">Scanneurs 3D et produits CAD\/CAM<\/option><option value=\"Implantologie\">Implantologie<\/option><option value=\"Mat\u00e9riaux\">Mat\u00e9riaux<\/option><option value=\"EZ DAM, blanchiment ou autre\">EZ DAM, blanchiment ou autre<\/option><\/select><\/span><\/label><\/span>\n\t<\/p>\n<\/div>\n<div class=\"col-container\">\n\t<p><span class=\"col-50\"><label>Province<span style=\"color:#ff0000;\">*<\/span><br \/>\n<span class=\"wpcf7-form-control-wrap\" data-name=\"province\"><select class=\"wpcf7-form-control wpcf7-select wpcf7-validates-as-required select\" aria-required=\"true\" aria-invalid=\"false\" name=\"province\"><option value=\"\">CHOISISSEZ<\/option><option value=\"\u00c0 l&#039;ext\u00e9rieur du Canada\">\u00c0 l&#039;ext\u00e9rieur du Canada<\/option><option value=\"Alberta\">Alberta<\/option><option value=\"British Columbia\">British Columbia<\/option><option value=\"Manitoba\">Manitoba<\/option><option value=\"New Brunswick\">New Brunswick<\/option><option value=\"Newfoundland and Labrador\">Newfoundland and Labrador<\/option><option value=\"Northwest Territories\">Northwest Territories<\/option><option value=\"Nova Scotia\">Nova Scotia<\/option><option value=\"Nunavut\">Nunavut<\/option><option value=\"Ontario\">Ontario<\/option><option value=\"Prince Edward Island\">Prince Edward Island<\/option><option value=\"Qu\u00e9bec\">Qu\u00e9bec<\/option><option value=\"Saskatchewan\">Saskatchewan<\/option><option value=\"Yukon\">Yukon<\/option><\/select><\/span><\/label><\/span><br \/>\n<span class=\"col-50\"><label>Code postal<br \/>\n<span class=\"wpcf7-form-control-wrap\" data-name=\"postal-code\"><input size=\"40\" maxlength=\"400\" class=\"wpcf7-form-control wpcf7-text\" aria-invalid=\"false\" value=\"\" type=\"text\" name=\"postal-code\" \/><\/span><\/label><\/span>\n\t<\/p>\n<\/div>\n<div class=\"col-container\">\n\t<p><span class=\"col-50\"><label> Pour vous joindre (jour)<br \/>\n<span class=\"wpcf7-form-control-wrap\" data-name=\"days\"><select class=\"wpcf7-form-control wpcf7-select select\" aria-invalid=\"false\" name=\"days\"><option value=\"\">Lundi au dimanche<\/option><option value=\"Lundi au Vendredi\">Lundi au Vendredi<\/option><option value=\"Lundi\">Lundi<\/option><option value=\"Mardi\">Mardi<\/option><option value=\"Mercredi\">Mercredi<\/option><option value=\"Jeudi\">Jeudi<\/option><option value=\"Vendredi\">Vendredi<\/option><option value=\"Samedi\">Samedi<\/option><option value=\"Dimanche\">Dimanche<\/option><\/select><\/span><\/label><\/span><br \/>\n<span class=\"col-50\"><label> Pour vous joindre (heure)<br \/>\n<span class=\"wpcf7-form-control-wrap\" data-name=\"hours\"><select class=\"wpcf7-form-control wpcf7-select select\" aria-invalid=\"false\" name=\"hours\"><option value=\"\">En tout temps<\/option><option value=\"Matin\">Matin<\/option><option value=\"Apr\u00e8s-midi\">Apr\u00e8s-midi<\/option><option value=\"Soir\">Soir<\/option><\/select><\/span><\/label><\/span>\n\t<\/p>\n<\/div>\n<div class=\"col-container\">\n\t<p><span class=\"col-100\"><label>Message<span style=\"color:#ff0000;\">*<\/span><br \/>\n<span class=\"wpcf7-form-control-wrap\" data-name=\"your-message\"><textarea cols=\"40\" rows=\"4\" maxlength=\"2000\" class=\"wpcf7-form-control wpcf7-textarea wpcf7-validates-as-required\" aria-required=\"true\" aria-invalid=\"false\" name=\"your-message\"><\/textarea><\/span> <\/label><\/span>\n\t<\/p>\n<\/div>\n<p><input class=\"wpcf7-form-control wpcf7-submit has-spinner\" type=\"submit\" value=\"Envoyer\" \/>\n<\/p><div class=\"wpcf7-response-output\" aria-hidden=\"true\"><\/div>\n<\/form>\n<\/div>\n\t\t\t\t\t<\/div>\n\t\t\t\t<\/div>\n\t\t\t\t\t\t\t\t<\/div>\n\t\t\t\t<\/div>\n\t\t\t\t\t<\/div>\n\t\t<\/div>\n\t\t\t\t\t<\/div>\n\t\t<\/section>\n\t\t\t\t\t<\/div>\n\t\t<\/div>\n\t\t\t\t\t<\/div>\n\t\t<\/section>\n\t\t\t\t<\/div>\n\t\t","protected":false},"excerpt":{"rendered":"<p>SYNCA Contactez notre \u00e9quipe de professionnels Nos coordonn\u00e9es : 1-800-667-9622 337 Marion, Le Gardeur, QC, J5Z 4W8, Canada Notre \u00e9quipe de sp\u00e9cialistes vous aidera dans votre demande personnelle en quelques \u00e9tapes simples: Pr\u00e9nom* Nom de famille* T\u00e9l\u00e9phone* Courriel* Type de demande* VOUS DEVEZ EN S\u00c9LECTIONNER UNRendez-vous de venteService et soutien apr\u00e8s-venteInformation g\u00e9n\u00e9raleAutre Type de produit* [&hellip;]<\/p>\n","protected":false},"author":1,"featured_media":0,"parent":0,"menu_order":9,"comment_status":"closed","ping_status":"closed","template":"","meta":{"_acf_changed":false,"footnotes":""},"class_list":["post-95","page","type-page","status-publish","hentry"],"acf":[],"_links":{"self":[{"href":"https:\/\/www.synca.com\/fr-ca\/wp-json\/wp\/v2\/pages\/95","targetHints":{"allow":["GET"]}}],"collection":[{"href":"https:\/\/www.synca.com\/fr-ca\/wp-json\/wp\/v2\/pages"}],"about":[{"href":"https:\/\/www.synca.com\/fr-ca\/wp-json\/wp\/v2\/types\/page"}],"author":[{"embeddable":true,"href":"https:\/\/www.synca.com\/fr-ca\/wp-json\/wp\/v2\/users\/1"}],"replies":[{"embeddable":true,"href":"https:\/\/www.synca.com\/fr-ca\/wp-json\/wp\/v2\/comments?post=95"}],"version-history":[{"count":26,"href":"https:\/\/www.synca.com\/fr-ca\/wp-json\/wp\/v2\/pages\/95\/revisions"}],"predecessor-version":[{"id":23154,"href":"https:\/\/www.synca.com\/fr-ca\/wp-json\/wp\/v2\/pages\/95\/revisions\/23154"}],"wp:attachment":[{"href":"https:\/\/www.synca.com\/fr-ca\/wp-json\/wp\/v2\/media?parent=95"}],"curies":[{"name":"wp","href":"https:\/\/api.w.org\/{rel}","templated":true}]}}