{"id":92,"date":"2022-08-22T13:26:36","date_gmt":"2022-08-22T13:26:36","guid":{"rendered":"https:\/\/synca-13730204208.futehost.ca\/?page_id=92"},"modified":"2025-06-20T12:06:12","modified_gmt":"2025-06-20T16:06:12","slug":"a-propos","status":"publish","type":"page","link":"https:\/\/www.synca.com\/fr-ca\/a-propos\/","title":{"rendered":"\u00c0 propos"},"content":{"rendered":"\t\t<div data-elementor-type=\"wp-page\" data-elementor-id=\"92\" class=\"elementor elementor-92\" data-elementor-post-type=\"page\">\n\t\t\t\t\t\t<section class=\"elementor-section elementor-top-section elementor-element elementor-element-15bc593 elementor-section-full_width elementor-section-height-min-height elementor-section-height-default elementor-section-items-middle\" data-id=\"15bc593\" data-element_type=\"section\" data-settings=\"{&quot;background_background&quot;:&quot;classic&quot;}\">\n\t\t\t\t\t\t<div class=\"elementor-container elementor-column-gap-default\">\n\t\t\t\t\t<div class=\"elementor-column elementor-col-50 elementor-top-column elementor-element elementor-element-15a3acb\" data-id=\"15a3acb\" data-element_type=\"column\">\n\t\t\t<div class=\"elementor-widget-wrap elementor-element-populated\">\n\t\t\t\t\t\t<div class=\"elementor-element elementor-element-813c190 elementor-widget elementor-widget-heading\" data-id=\"813c190\" data-element_type=\"widget\" data-widget_type=\"heading.default\">\n\t\t\t\t<div class=\"elementor-widget-container\">\n\t\t\t\t\t<h1 class=\"elementor-heading-title elementor-size-default\">SYNCA<\/h1>\t\t\t\t<\/div>\n\t\t\t\t<\/div>\n\t\t\t\t<div class=\"elementor-element elementor-element-821c662 elementor-widget elementor-widget-heading\" data-id=\"821c662\" data-element_type=\"widget\" data-widget_type=\"heading.default\">\n\t\t\t\t<div class=\"elementor-widget-container\">\n\t\t\t\t\t<h2 class=\"elementor-heading-title elementor-size-default\">Solutions innovatrices pour votre succ\u00e8s<\/h2>\t\t\t\t<\/div>\n\t\t\t\t<\/div>\n\t\t\t\t\t<\/div>\n\t\t<\/div>\n\t\t\t\t<div class=\"elementor-column elementor-col-50 elementor-top-column elementor-element elementor-element-6e05e0d elementor-hidden-tablet elementor-hidden-mobile\" data-id=\"6e05e0d\" data-element_type=\"column\">\n\t\t\t<div class=\"elementor-widget-wrap\">\n\t\t\t\t\t\t\t<\/div>\n\t\t<\/div>\n\t\t\t\t\t<\/div>\n\t\t<\/section>\n\t\t\t\t<section class=\"elementor-section elementor-top-section elementor-element elementor-element-a7ac026 elementor-section-full_width elementor-section-height-default elementor-section-height-default\" data-id=\"a7ac026\" data-element_type=\"section\" data-settings=\"{&quot;background_background&quot;:&quot;classic&quot;}\">\n\t\t\t\t\t\t<div class=\"elementor-container elementor-column-gap-default\">\n\t\t\t\t\t<div class=\"elementor-column elementor-col-50 elementor-top-column elementor-element elementor-element-fba30ef\" data-id=\"fba30ef\" data-element_type=\"column\">\n\t\t\t<div class=\"elementor-widget-wrap elementor-element-populated\">\n\t\t\t\t\t\t<div class=\"elementor-element elementor-element-e6b92a1 elementor-widget elementor-widget-heading\" data-id=\"e6b92a1\" data-element_type=\"widget\" data-widget_type=\"heading.default\">\n\t\t\t\t<div class=\"elementor-widget-container\">\n\t\t\t\t\t<h2 class=\"elementor-heading-title elementor-size-default\">\u00c0 propos de nous<\/h2>\t\t\t\t<\/div>\n\t\t\t\t<\/div>\n\t\t\t\t<div class=\"elementor-element elementor-element-721e62d elementor-widget elementor-widget-text-editor\" data-id=\"721e62d\" data-element_type=\"widget\" data-widget_type=\"text-editor.default\">\n\t\t\t\t<div class=\"elementor-widget-container\">\n\t\t\t\t\t\t\t\t\tLa compagnie Synca a \u00e9t\u00e9 fond\u00e9e en 1986 dans le but de fournir des produits exceptionnels qu\u2019aucun autre distributeur n\u2019offrait aux cabinets dentaires. Aujourd\u2019hui, plus de 35 ans plus tard, Synca est un fabricant et distributeur de renomm\u00e9e mondiale, qui continue de vous offrir des produits d\u2019exception que vous ne retrouverez pas aupr\u00e8s de votre distributeur de produits dentaires local. Nous mettons tout en \u0153uvre pour vous permettre d\u2019am\u00e9liorer votre pratique et simplifier l\u2019int\u00e9gration rapide et facile de nouvelles solutions, et ce, \u00e0 moindre risque.\t\t\t\t\t\t\t\t<\/div>\n\t\t\t\t<\/div>\n\t\t\t\t\t<\/div>\n\t\t<\/div>\n\t\t\t\t<div class=\"elementor-column elementor-col-50 elementor-top-column elementor-element elementor-element-1b0e891\" data-id=\"1b0e891\" data-element_type=\"column\">\n\t\t\t<div class=\"elementor-widget-wrap elementor-element-populated\">\n\t\t\t\t\t\t<div class=\"elementor-element elementor-element-b5e33e1 img-overflow elementor-widget elementor-widget-image\" data-id=\"b5e33e1\" data-element_type=\"widget\" data-widget_type=\"image.default\">\n\t\t\t\t<div class=\"elementor-widget-container\">\n\t\t\t\t\t\t\t\t\t\t\t\t\t\t\t<img fetchpriority=\"high\" decoding=\"async\" width=\"814\" height=\"494\" src=\"https:\/\/www.synca.com\/wp-content\/uploads\/2023\/02\/strat-1-apropos.png\" class=\"attachment-large size-large wp-image-7016\" alt=\"\" srcset=\"https:\/\/www.synca.com\/wp-content\/uploads\/2023\/02\/strat-1-apropos.png 814w, https:\/\/www.synca.com\/wp-content\/uploads\/2023\/02\/strat-1-apropos-500x303.png 500w, https:\/\/www.synca.com\/wp-content\/uploads\/2023\/02\/strat-1-apropos-768x466.png 768w\" sizes=\"(max-width: 814px) 100vw, 814px\" title=\"\">\t\t\t\t\t\t\t\t\t\t\t\t\t\t\t<\/div>\n\t\t\t\t<\/div>\n\t\t\t\t\t<\/div>\n\t\t<\/div>\n\t\t\t\t\t<\/div>\n\t\t<\/section>\n\t\t\t\t<section class=\"elementor-section elementor-top-section elementor-element elementor-element-d93b1df elementor-section-full_width elementor-reverse-tablet elementor-reverse-mobile elementor-section-height-default elementor-section-height-default\" data-id=\"d93b1df\" data-element_type=\"section\" data-settings=\"{&quot;background_background&quot;:&quot;classic&quot;}\">\n\t\t\t\t\t\t<div class=\"elementor-container elementor-column-gap-default\">\n\t\t\t\t\t<div class=\"elementor-column elementor-col-50 elementor-top-column elementor-element elementor-element-a57c783\" data-id=\"a57c783\" data-element_type=\"column\">\n\t\t\t<div class=\"elementor-widget-wrap elementor-element-populated\">\n\t\t\t\t\t\t<div class=\"elementor-element elementor-element-7b18280 img-overflow elementor-widget elementor-widget-image\" data-id=\"7b18280\" data-element_type=\"widget\" data-widget_type=\"image.default\">\n\t\t\t\t<div class=\"elementor-widget-container\">\n\t\t\t\t\t\t\t\t\t\t\t\t\t\t\t<img decoding=\"async\" width=\"814\" height=\"613\" src=\"https:\/\/www.synca.com\/wp-content\/uploads\/2023\/02\/strate-2-apropos.png\" class=\"attachment-large size-large wp-image-7025\" alt=\"\" srcset=\"https:\/\/www.synca.com\/wp-content\/uploads\/2023\/02\/strate-2-apropos.png 814w, https:\/\/www.synca.com\/wp-content\/uploads\/2023\/02\/strate-2-apropos-500x377.png 500w, https:\/\/www.synca.com\/wp-content\/uploads\/2023\/02\/strate-2-apropos-768x578.png 768w\" sizes=\"(max-width: 814px) 100vw, 814px\" title=\"\">\t\t\t\t\t\t\t\t\t\t\t\t\t\t\t<\/div>\n\t\t\t\t<\/div>\n\t\t\t\t\t<\/div>\n\t\t<\/div>\n\t\t\t\t<div class=\"elementor-column elementor-col-50 elementor-top-column elementor-element elementor-element-5864270\" data-id=\"5864270\" data-element_type=\"column\">\n\t\t\t<div class=\"elementor-widget-wrap elementor-element-populated\">\n\t\t\t\t\t\t<div class=\"elementor-element elementor-element-ba7b9b3 elementor-widget elementor-widget-heading\" data-id=\"ba7b9b3\" data-element_type=\"widget\" data-widget_type=\"heading.default\">\n\t\t\t\t<div class=\"elementor-widget-container\">\n\t\t\t\t\t<h2 class=\"elementor-heading-title elementor-size-default\">Une mission d\u2019innovation\nconstante<\/h2>\t\t\t\t<\/div>\n\t\t\t\t<\/div>\n\t\t\t\t<div class=\"elementor-element elementor-element-06a6364 elementor-widget elementor-widget-text-editor\" data-id=\"06a6364\" data-element_type=\"widget\" data-widget_type=\"text-editor.default\">\n\t\t\t\t<div class=\"elementor-widget-container\">\n\t\t\t\t\t\t\t\t\t<p>Nous sommes \u00e0 l\u2019\u00e9coute des besoins des professionnels dentaires afin de vous proposer de nouvelles approches. Nous sommes les partenaires du d\u00e9veloppement et de l\u2019am\u00e9lioration de votre pratique de dentisterie. Nous fabriquons des produits innovants en constante \u00e9volution pour offrir \u00e0 votre client\u00e8le les meilleures solutions pour leurs soins dentaires.<\/p><p>\u00a0<\/p><h3>Certaines de nos plus r\u00e9centes innovations incluent:<\/h3>\t\t\t\t\t\t\t\t<\/div>\n\t\t\t\t<\/div>\n\t\t\t\t<div class=\"elementor-element elementor-element-636447d elementor-icon-list--layout-traditional elementor-list-item-link-full_width elementor-widget elementor-widget-icon-list\" data-id=\"636447d\" data-element_type=\"widget\" data-widget_type=\"icon-list.default\">\n\t\t\t\t<div class=\"elementor-widget-container\">\n\t\t\t\t\t\t\t<ul class=\"elementor-icon-list-items\">\n\t\t\t\t\t\t\t<li class=\"elementor-icon-list-item\">\n\t\t\t\t\t\t\t\t\t\t\t<span class=\"elementor-icon-list-icon\">\n\t\t\t\t\t\t\t<svg xmlns=\"http:\/\/www.w3.org\/2000\/svg\" width=\"8\" height=\"8\" viewBox=\"0 0 8 8\"><circle id=\"Ellipse_67\" data-name=\"Ellipse 67\" cx=\"4\" cy=\"4\" r=\"4\" fill=\"#263d95\"><\/circle><\/svg>\t\t\t\t\t\t<\/span>\n\t\t\t\t\t\t\t\t\t\t<span class=\"elementor-icon-list-text\">EZ DAM\u00ae - Le meilleur syst\u00e8me d\u2019isolation dentaire.<\/span>\n\t\t\t\t\t\t\t\t\t<\/li>\n\t\t\t\t\t\t\t\t<li class=\"elementor-icon-list-item\">\n\t\t\t\t\t\t\t\t\t\t\t<span class=\"elementor-icon-list-icon\">\n\t\t\t\t\t\t\t<svg xmlns=\"http:\/\/www.w3.org\/2000\/svg\" width=\"8\" height=\"8\" viewBox=\"0 0 8 8\"><circle id=\"Ellipse_67\" data-name=\"Ellipse 67\" cx=\"4\" cy=\"4\" r=\"4\" fill=\"#263d95\"><\/circle><\/svg>\t\t\t\t\t\t<\/span>\n\t\t\t\t\t\t\t\t\t\t<span class=\"elementor-icon-list-text\">FiBER FORCE\u00ae &amp; CST\u00ae \u2013 Des structures fibr\u00e9es qui remplacent le m\u00e9tal dans les proth\u00e8ses amovibles, les proth\u00e8ses sur implants et hybrides.<\/span>\n\t\t\t\t\t\t\t\t\t<\/li>\n\t\t\t\t\t\t\t\t<li class=\"elementor-icon-list-item\">\n\t\t\t\t\t\t\t\t\t\t\t<span class=\"elementor-icon-list-icon\">\n\t\t\t\t\t\t\t<svg xmlns=\"http:\/\/www.w3.org\/2000\/svg\" width=\"8\" height=\"8\" viewBox=\"0 0 8 8\"><circle id=\"Ellipse_67\" data-name=\"Ellipse 67\" cx=\"4\" cy=\"4\" r=\"4\" fill=\"#263d95\"><\/circle><\/svg>\t\t\t\t\t\t<\/span>\n\t\t\t\t\t\t\t\t\t\t<span class=\"elementor-icon-list-text\">Biolight\u00ae DUAL &amp; Biolight\u00ae ST - Des tenons endodontiques de qualit\u00e9 sup\u00e9rieure.<\/span>\n\t\t\t\t\t\t\t\t\t<\/li>\n\t\t\t\t\t\t<\/ul>\n\t\t\t\t\t\t<\/div>\n\t\t\t\t<\/div>\n\t\t\t\t\t<\/div>\n\t\t<\/div>\n\t\t\t\t\t<\/div>\n\t\t<\/section>\n\t\t\t\t<section class=\"elementor-section elementor-top-section elementor-element elementor-element-23790f2 elementor-section-full_width elementor-section-height-default elementor-section-height-default\" data-id=\"23790f2\" data-element_type=\"section\" data-settings=\"{&quot;background_background&quot;:&quot;classic&quot;}\">\n\t\t\t\t\t\t<div class=\"elementor-container elementor-column-gap-default\">\n\t\t\t\t\t<div class=\"elementor-column elementor-col-50 elementor-top-column elementor-element elementor-element-001887b\" data-id=\"001887b\" data-element_type=\"column\">\n\t\t\t<div class=\"elementor-widget-wrap elementor-element-populated\">\n\t\t\t\t\t\t<div class=\"elementor-element elementor-element-f109cda elementor-widget elementor-widget-heading\" data-id=\"f109cda\" data-element_type=\"widget\" data-widget_type=\"heading.default\">\n\t\t\t\t<div class=\"elementor-widget-container\">\n\t\t\t\t\t<h2 class=\"elementor-heading-title elementor-size-default\">Fiers distributeurs de produits d\u2019exception<\/h2>\t\t\t\t<\/div>\n\t\t\t\t<\/div>\n\t\t\t\t<div class=\"elementor-element elementor-element-5fc31b5 elementor-widget elementor-widget-text-editor\" data-id=\"5fc31b5\" data-element_type=\"widget\" data-widget_type=\"text-editor.default\">\n\t\t\t\t<div class=\"elementor-widget-container\">\n\t\t\t\t\t\t\t\t\tNotre fiert\u00e9 est de vous offrir une gamme de produits exceptionnels. Nous s\u00e9lectionnons avec soin les fournisseurs et limitons notre offre aux meilleurs produits pour am\u00e9liorer votre pratique dentaire. Nous ne l\u00e9sinons pas sur la qualit\u00e9, nous vous accompagnons dans vos choix et nous vous recommandons le bon produit qui r\u00e9pond \u00e0 vos besoins. \t\t\t\t\t\t\t\t<\/div>\n\t\t\t\t<\/div>\n\t\t\t\t<div class=\"elementor-element elementor-element-589ab0f elementor-icon-list--layout-traditional elementor-list-item-link-full_width elementor-widget elementor-widget-icon-list\" data-id=\"589ab0f\" data-element_type=\"widget\" data-widget_type=\"icon-list.default\">\n\t\t\t\t<div class=\"elementor-widget-container\">\n\t\t\t\t\t\t\t<ul class=\"elementor-icon-list-items\">\n\t\t\t\t\t\t\t<li class=\"elementor-icon-list-item\">\n\t\t\t\t\t\t\t\t\t\t\t<span class=\"elementor-icon-list-icon\">\n\t\t\t\t\t\t\t<svg xmlns=\"http:\/\/www.w3.org\/2000\/svg\" width=\"8\" height=\"8\" viewBox=\"0 0 8 8\"><circle id=\"Ellipse_67\" data-name=\"Ellipse 67\" cx=\"4\" cy=\"4\" r=\"4\" fill=\"#263d95\"><\/circle><\/svg>\t\t\t\t\t\t<\/span>\n\t\t\t\t\t\t\t\t\t\t<span class=\"elementor-icon-list-text\">ExamVision \u2013 Les meilleurs syst\u00e8mes de lunettes d\u2019agrandissement et d\u2019\u00e9clairage \u00e0 l\u2019\u00e9chelle internationale.<\/span>\n\t\t\t\t\t\t\t\t\t<\/li>\n\t\t\t\t\t\t\t\t<li class=\"elementor-icon-list-item\">\n\t\t\t\t\t\t\t\t\t\t\t<span class=\"elementor-icon-list-icon\">\n\t\t\t\t\t\t\t<svg xmlns=\"http:\/\/www.w3.org\/2000\/svg\" width=\"8\" height=\"8\" viewBox=\"0 0 8 8\"><circle id=\"Ellipse_67\" data-name=\"Ellipse 67\" cx=\"4\" cy=\"4\" r=\"4\" fill=\"#263d95\"><\/circle><\/svg>\t\t\t\t\t\t<\/span>\n\t\t\t\t\t\t\t\t\t\t<span class=\"elementor-icon-list-text\">CJ Optik \u2013 Microscope dentaire ergonomique, con\u00e7u et fabriqu\u00e9 en Allemagne.<\/span>\n\t\t\t\t\t\t\t\t\t<\/li>\n\t\t\t\t\t\t\t\t<li class=\"elementor-icon-list-item\">\n\t\t\t\t\t\t\t\t\t\t\t<span class=\"elementor-icon-list-icon\">\n\t\t\t\t\t\t\t<svg xmlns=\"http:\/\/www.w3.org\/2000\/svg\" width=\"8\" height=\"8\" viewBox=\"0 0 8 8\"><circle id=\"Ellipse_67\" data-name=\"Ellipse 67\" cx=\"4\" cy=\"4\" r=\"4\" fill=\"#263d95\"><\/circle><\/svg>\t\t\t\t\t\t<\/span>\n\t\t\t\t\t\t\t\t\t\t<span class=\"elementor-icon-list-text\">Micerium \u2013 Des syst\u00e8mes de composites directs et indirects hautement esth\u00e9tiques.<\/span>\n\t\t\t\t\t\t\t\t\t<\/li>\n\t\t\t\t\t\t<\/ul>\n\t\t\t\t\t\t<\/div>\n\t\t\t\t<\/div>\n\t\t\t\t\t<\/div>\n\t\t<\/div>\n\t\t\t\t<div class=\"elementor-column elementor-col-50 elementor-top-column elementor-element elementor-element-20d7b73\" data-id=\"20d7b73\" data-element_type=\"column\">\n\t\t\t<div class=\"elementor-widget-wrap elementor-element-populated\">\n\t\t\t\t\t\t<section class=\"elementor-section elementor-inner-section elementor-element elementor-element-359b182 elementor-section-full_width elementor-section-content-middle elementor-section-height-default elementor-section-height-default\" data-id=\"359b182\" data-element_type=\"section\">\n\t\t\t\t\t\t<div class=\"elementor-container elementor-column-gap-default\">\n\t\t\t\t\t<div class=\"elementor-column elementor-col-50 elementor-inner-column elementor-element elementor-element-3fb6f35 card\" data-id=\"3fb6f35\" data-element_type=\"column\">\n\t\t\t<div class=\"elementor-widget-wrap elementor-element-populated\">\n\t\t\t\t\t\t<div class=\"elementor-element elementor-element-ede8ad6 elementor-widget elementor-widget-image\" data-id=\"ede8ad6\" data-element_type=\"widget\" data-widget_type=\"image.default\">\n\t\t\t\t<div class=\"elementor-widget-container\">\n\t\t\t\t\t\t\t\t\t\t\t\t\t\t\t<img decoding=\"async\" width=\"194\" height=\"194\" src=\"https:\/\/www.synca.com\/wp-content\/uploads\/2023\/02\/Image-2.png\" class=\"attachment-large size-large wp-image-7069\" alt=\"\" srcset=\"https:\/\/www.synca.com\/wp-content\/uploads\/2023\/02\/Image-2.png 194w, https:\/\/www.synca.com\/wp-content\/uploads\/2023\/02\/Image-2-100x100.png 100w\" sizes=\"(max-width: 194px) 100vw, 194px\" title=\"\">\t\t\t\t\t\t\t\t\t\t\t\t\t\t\t<\/div>\n\t\t\t\t<\/div>\n\t\t\t\t\t<\/div>\n\t\t<\/div>\n\t\t\t\t<div class=\"elementor-column elementor-col-50 elementor-inner-column elementor-element elementor-element-1e62122 card\" data-id=\"1e62122\" data-element_type=\"column\">\n\t\t\t<div class=\"elementor-widget-wrap elementor-element-populated\">\n\t\t\t\t\t\t<div class=\"elementor-element elementor-element-1f3ceb5 elementor-widget elementor-widget-image\" data-id=\"1f3ceb5\" data-element_type=\"widget\" data-widget_type=\"image.default\">\n\t\t\t\t<div class=\"elementor-widget-container\">\n\t\t\t\t\t\t\t\t\t\t\t\t\t\t\t<img loading=\"lazy\" decoding=\"async\" width=\"206\" height=\"155\" src=\"https:\/\/www.synca.com\/wp-content\/uploads\/2023\/02\/Image-3.png\" class=\"attachment-large size-large wp-image-7075\" alt=\"\" title=\"\">\t\t\t\t\t\t\t\t\t\t\t\t\t\t\t<\/div>\n\t\t\t\t<\/div>\n\t\t\t\t\t<\/div>\n\t\t<\/div>\n\t\t\t\t\t<\/div>\n\t\t<\/section>\n\t\t\t\t<section class=\"elementor-section elementor-inner-section elementor-element elementor-element-6a33fa9 elementor-section-full_width elementor-section-content-middle elementor-section-height-default elementor-section-height-default\" data-id=\"6a33fa9\" data-element_type=\"section\">\n\t\t\t\t\t\t<div class=\"elementor-container elementor-column-gap-default\">\n\t\t\t\t\t<div class=\"elementor-column elementor-col-50 elementor-inner-column elementor-element elementor-element-a722ee3 card\" data-id=\"a722ee3\" data-element_type=\"column\">\n\t\t\t<div class=\"elementor-widget-wrap elementor-element-populated\">\n\t\t\t\t\t\t<div class=\"elementor-element elementor-element-e62bda4 elementor-widget elementor-widget-image\" data-id=\"e62bda4\" data-element_type=\"widget\" data-widget_type=\"image.default\">\n\t\t\t\t<div class=\"elementor-widget-container\">\n\t\t\t\t\t\t\t\t\t\t\t\t\t\t\t<img loading=\"lazy\" decoding=\"async\" width=\"128\" height=\"155\" src=\"https:\/\/www.synca.com\/wp-content\/uploads\/2023\/02\/Image-4.png\" class=\"attachment-large size-large wp-image-7078\" alt=\"\" title=\"\">\t\t\t\t\t\t\t\t\t\t\t\t\t\t\t<\/div>\n\t\t\t\t<\/div>\n\t\t\t\t\t<\/div>\n\t\t<\/div>\n\t\t\t\t<div class=\"elementor-column elementor-col-50 elementor-inner-column elementor-element elementor-element-b272c6a card\" data-id=\"b272c6a\" data-element_type=\"column\">\n\t\t\t<div class=\"elementor-widget-wrap elementor-element-populated\">\n\t\t\t\t\t\t<div class=\"elementor-element elementor-element-540f715 elementor-widget elementor-widget-image\" data-id=\"540f715\" data-element_type=\"widget\" data-widget_type=\"image.default\">\n\t\t\t\t<div class=\"elementor-widget-container\">\n\t\t\t\t\t\t\t\t\t\t\t\t\t\t\t<img loading=\"lazy\" decoding=\"async\" width=\"214\" height=\"79\" src=\"https:\/\/www.synca.com\/wp-content\/uploads\/2023\/02\/Image-5.png\" class=\"attachment-large size-large wp-image-7090\" alt=\"\" title=\"\">\t\t\t\t\t\t\t\t\t\t\t\t\t\t\t<\/div>\n\t\t\t\t<\/div>\n\t\t\t\t\t<\/div>\n\t\t<\/div>\n\t\t\t\t\t<\/div>\n\t\t<\/section>\n\t\t\t\t\t<\/div>\n\t\t<\/div>\n\t\t\t\t\t<\/div>\n\t\t<\/section>\n\t\t\t\t<\/div>\n\t\t","protected":false},"excerpt":{"rendered":"<p>SYNCA Solutions innovatrices pour votre succ\u00e8s \u00c0 propos de nous La compagnie Synca a \u00e9t\u00e9 fond\u00e9e en 1986 dans le but de fournir des produits exceptionnels qu\u2019aucun autre distributeur n\u2019offrait aux cabinets dentaires. Aujourd\u2019hui, plus de 35 ans plus tard, Synca est un fabricant et distributeur de renomm\u00e9e mondiale, qui continue de vous offrir des [&hellip;]<\/p>\n","protected":false},"author":1,"featured_media":0,"parent":0,"menu_order":8,"comment_status":"closed","ping_status":"closed","template":"","meta":{"_acf_changed":false,"footnotes":""},"class_list":["post-92","page","type-page","status-publish","hentry"],"acf":[],"_links":{"self":[{"href":"https:\/\/www.synca.com\/fr-ca\/wp-json\/wp\/v2\/pages\/92","targetHints":{"allow":["GET"]}}],"collection":[{"href":"https:\/\/www.synca.com\/fr-ca\/wp-json\/wp\/v2\/pages"}],"about":[{"href":"https:\/\/www.synca.com\/fr-ca\/wp-json\/wp\/v2\/types\/page"}],"author":[{"embeddable":true,"href":"https:\/\/www.synca.com\/fr-ca\/wp-json\/wp\/v2\/users\/1"}],"replies":[{"embeddable":true,"href":"https:\/\/www.synca.com\/fr-ca\/wp-json\/wp\/v2\/comments?post=92"}],"version-history":[{"count":18,"href":"https:\/\/www.synca.com\/fr-ca\/wp-json\/wp\/v2\/pages\/92\/revisions"}],"predecessor-version":[{"id":22467,"href":"https:\/\/www.synca.com\/fr-ca\/wp-json\/wp\/v2\/pages\/92\/revisions\/22467"}],"wp:attachment":[{"href":"https:\/\/www.synca.com\/fr-ca\/wp-json\/wp\/v2\/media?parent=92"}],"curies":[{"name":"wp","href":"https:\/\/api.w.org\/{rel}","templated":true}]}}