{"id":8523,"date":"2023-02-12T20:42:05","date_gmt":"2023-02-13T01:42:05","guid":{"rendered":"https:\/\/synca-13730204208.futehost.ca\/?page_id=8523"},"modified":"2025-11-19T12:08:55","modified_gmt":"2025-11-19T17:08:55","slug":"rendez-vous-avec-un-representant","status":"publish","type":"page","link":"https:\/\/www.synca.com\/fr-ca\/rendez-vous-avec-un-representant\/","title":{"rendered":"Rendez-vous avec un repr\u00e9sentant (2025)"},"content":{"rendered":"\t\t<div data-elementor-type=\"wp-page\" data-elementor-id=\"8523\" class=\"elementor elementor-8523\" data-elementor-post-type=\"page\">\n\t\t\t\t\t\t<section class=\"elementor-section elementor-top-section elementor-element elementor-element-0f12c8d elementor-section-boxed elementor-section-height-default elementor-section-height-default\" data-id=\"0f12c8d\" data-element_type=\"section\" data-settings=\"{&quot;background_background&quot;:&quot;classic&quot;}\">\n\t\t\t\t\t\t<div class=\"elementor-container elementor-column-gap-default\">\n\t\t\t\t\t<div class=\"elementor-column elementor-col-100 elementor-top-column elementor-element elementor-element-1370c27\" data-id=\"1370c27\" data-element_type=\"column\" data-settings=\"{&quot;background_background&quot;:&quot;classic&quot;}\">\n\t\t\t<div class=\"elementor-widget-wrap elementor-element-populated\">\n\t\t\t\t\t\t<div class=\"elementor-element elementor-element-91d3790 elementor-widget elementor-widget-menu-anchor\" data-id=\"91d3790\" data-element_type=\"widget\" data-widget_type=\"menu-anchor.default\">\n\t\t\t\t<div class=\"elementor-widget-container\">\n\t\t\t\t\t\t\t<div class=\"elementor-menu-anchor\" id=\"rdv-exam-vision\"><\/div>\n\t\t\t\t\t\t<\/div>\n\t\t\t\t<\/div>\n\t\t\t\t<section class=\"elementor-section elementor-inner-section elementor-element elementor-element-2411087 elementor-section-boxed elementor-section-height-default elementor-section-height-default\" data-id=\"2411087\" data-element_type=\"section\" id=\"#rdv-exam-vision\" data-settings=\"{&quot;background_background&quot;:&quot;classic&quot;}\">\n\t\t\t\t\t\t<div class=\"elementor-container elementor-column-gap-default\">\n\t\t\t\t\t<div class=\"elementor-column elementor-col-100 elementor-inner-column elementor-element elementor-element-22e52f0\" data-id=\"22e52f0\" data-element_type=\"column\" data-settings=\"{&quot;background_background&quot;:&quot;classic&quot;}\">\n\t\t\t<div class=\"elementor-widget-wrap elementor-element-populated\">\n\t\t\t\t\t\t<div class=\"elementor-element elementor-element-334175f elementor-widget elementor-widget-heading\" data-id=\"334175f\" data-element_type=\"widget\" data-widget_type=\"heading.default\">\n\t\t\t\t<div class=\"elementor-widget-container\">\n\t\t\t\t\t<h2 class=\"elementor-heading-title elementor-size-default\">Notre \u00e9quipe de sp\u00e9cialistes vous aidera dans votre demande personnelle en quelques \u00e9tapes simples:\n<\/h2>\t\t\t\t<\/div>\n\t\t\t\t<\/div>\n\t\t\t\t<div class=\"elementor-element elementor-element-e934c45 uael-cf7-button-center uael-cf7-style-box uael-cf7-input-size-sm uael-cf7-btn-size-sm uael-cf7-highlight-style-default elementor-widget elementor-widget-uael-cf7-styler\" data-id=\"e934c45\" data-element_type=\"widget\" data-widget_type=\"uael-cf7-styler.default\">\n\t\t\t\t<div class=\"elementor-widget-container\">\n\t\t\t\t\t\t\t\t\t<div class = \"uael-cf7-container\">\n\t\t\t\t\t\t<div class = \"uael-cf7 uael-cf7-style elementor-clickable\">\n\t\t\t\t\t\t\n<div class=\"wpcf7 no-js\" id=\"wpcf7-f23148-o1\" lang=\"fr-CA\" dir=\"ltr\" data-wpcf7-id=\"23148\">\n<div class=\"screen-reader-response\"><p role=\"status\" aria-live=\"polite\" aria-atomic=\"true\"><\/p> <ul><\/ul><\/div>\n<form action=\"\/fr-ca\/wp-json\/wp\/v2\/pages\/8523#wpcf7-f23148-o1\" method=\"post\" class=\"wpcf7-form init\" aria-label=\"Contact form\" novalidate=\"novalidate\" data-status=\"init\">\n<fieldset class=\"hidden-fields-container\"><input type=\"hidden\" name=\"_wpcf7\" value=\"23148\" \/><input type=\"hidden\" name=\"_wpcf7_version\" value=\"6.1\" \/><input type=\"hidden\" name=\"_wpcf7_locale\" value=\"fr_CA\" \/><input type=\"hidden\" name=\"_wpcf7_unit_tag\" value=\"wpcf7-f23148-o1\" \/><input type=\"hidden\" name=\"_wpcf7_container_post\" value=\"0\" \/><input type=\"hidden\" name=\"_wpcf7_posted_data_hash\" value=\"\" \/><input type=\"hidden\" name=\"_wpcf7_recaptcha_response\" value=\"\" \/>\n<\/fieldset>\n<div class=\"col-container\">\n\t<p><span class=\"col-50\"><label> Pr\u00e9nom<span style=\"color:#ff0000;\">*<\/span><br \/>\n<span class=\"wpcf7-form-control-wrap\" data-name=\"first-name\"><input size=\"40\" maxlength=\"400\" class=\"wpcf7-form-control wpcf7-text wpcf7-validates-as-required\" autocomplete=\"name\" aria-required=\"true\" aria-invalid=\"false\" value=\"\" type=\"text\" name=\"first-name\" \/><\/span> <\/label><\/span><br \/>\n<span class=\"col-50\"><label> Nom de famille<span style=\"color:#ff0000;\">*<\/span><br \/>\n<span class=\"wpcf7-form-control-wrap\" data-name=\"last-name\"><input size=\"40\" maxlength=\"400\" class=\"wpcf7-form-control wpcf7-text wpcf7-validates-as-required\" autocomplete=\"name\" aria-required=\"true\" aria-invalid=\"false\" value=\"\" type=\"text\" name=\"last-name\" \/><\/span> <\/label><\/span>\n\t<\/p>\n<\/div>\n<div class=\"col-container\">\n\t<p><span class=\"col-100\"><label> Profil<span style=\"color:#ff0000;\">*<\/span><br \/>\n<span class=\"wpcf7-form-control-wrap\" data-name=\"profil\"><select class=\"wpcf7-form-control wpcf7-select wpcf7-validates-as-required select\" aria-required=\"true\" aria-invalid=\"false\" name=\"profil\"><option value=\"\">VOUS DEVEZ EN S\u00c9LECTIONNER UN<\/option><option value=\"Docteur(e) OU Hygi\u00e9niste OU \u00c9tudiant(e)\">Docteur(e) OU Hygi\u00e9niste OU \u00c9tudiant(e)<\/option><option value=\"Laboratoire OU Denturologiste\">Laboratoire OU Denturologiste<\/option><option value=\"Autre\">Autre<\/option><\/select><\/span><\/label><\/span>\n\t<\/p>\n<\/div>\n<div class=\"col-container\">\n\t<p><span class=\"col-50\"><label> T\u00e9l\u00e9phone<span style=\"color:#ff0000;\">*<\/span><br \/>\n<span class=\"wpcf7-form-control-wrap\" data-name=\"phone\"><input size=\"40\" maxlength=\"400\" class=\"wpcf7-form-control wpcf7-tel wpcf7-validates-as-required wpcf7-text wpcf7-validates-as-tel\" aria-required=\"true\" aria-invalid=\"false\" value=\"\" type=\"tel\" name=\"phone\" \/><\/span><\/label><\/span><br \/>\n<span class=\"col-50\"><label> Courriel<span style=\"color:#ff0000;\">*<\/span><br \/>\n<span class=\"wpcf7-form-control-wrap\" data-name=\"your-email\"><input size=\"40\" maxlength=\"400\" class=\"wpcf7-form-control wpcf7-email wpcf7-validates-as-required wpcf7-text wpcf7-validates-as-email\" autocomplete=\"email\" aria-required=\"true\" aria-invalid=\"false\" value=\"\" type=\"email\" name=\"your-email\" \/><\/span> <\/label><\/span>\n\t<\/p>\n<\/div>\n<div class=\"col-container\">\n\t<p><span class=\"col-100\"><label> Type de demande<span style=\"color:#ff0000;\">*<\/span><br \/>\n<span class=\"wpcf7-form-control-wrap\" data-name=\"request-type\"><select class=\"wpcf7-form-control wpcf7-select wpcf7-validates-as-required select\" aria-required=\"true\" aria-invalid=\"false\" name=\"request-type\"><option value=\"\">VOUS DEVEZ EN S\u00c9LECTIONNER UN<\/option><option value=\"Rendez-vous de vente\">Rendez-vous de vente<\/option><option value=\"Service et soutien apr\u00e8s-vente\">Service et soutien apr\u00e8s-vente<\/option><option value=\"Information g\u00e9n\u00e9rale\">Information g\u00e9n\u00e9rale<\/option><option value=\"Autre\">Autre<\/option><\/select><\/span><\/label><\/span>\n\t<\/p>\n<\/div>\n<div class=\"col-container\">\n\t<p><span class=\"col-100\"><label> Type de produit<span style=\"color:#ff0000;\">*<\/span><br \/>\n<span class=\"wpcf7-form-control-wrap\" data-name=\"product-type\"><select class=\"wpcf7-form-control wpcf7-select wpcf7-validates-as-required select\" aria-required=\"true\" aria-invalid=\"false\" name=\"product-type\"><option value=\"\">VOUS DEVEZ EN S\u00c9LECTIONNER UN<\/option><option value=\"Lunettes et lumi\u00e8res\">Lunettes et lumi\u00e8res<\/option><option value=\"Microscope\">Microscope<\/option><option value=\"CADI, capteurs et cam\u00e9ras\">CADI, capteurs et cam\u00e9ras<\/option><option value=\"Machine PAN\">Machine PAN<\/option><option value=\"Scanneurs 3D et produits CAD\/CAM\">Scanneurs 3D et produits CAD\/CAM<\/option><option value=\"Implantologie\">Implantologie<\/option><option value=\"Mat\u00e9riaux\">Mat\u00e9riaux<\/option><option value=\"EZ DAM, blanchiment ou autre\">EZ DAM, blanchiment ou autre<\/option><\/select><\/span><\/label><\/span>\n\t<\/p>\n<\/div>\n<div class=\"col-container\">\n\t<p><span class=\"col-50\"><label>Province<span style=\"color:#ff0000;\">*<\/span><br \/>\n<span class=\"wpcf7-form-control-wrap\" data-name=\"province\"><select class=\"wpcf7-form-control wpcf7-select wpcf7-validates-as-required select\" aria-required=\"true\" aria-invalid=\"false\" name=\"province\"><option value=\"\">CHOISISSEZ<\/option><option value=\"\u00c0 l&#039;ext\u00e9rieur du Canada\">\u00c0 l&#039;ext\u00e9rieur du Canada<\/option><option value=\"Alberta\">Alberta<\/option><option value=\"British Columbia\">British Columbia<\/option><option value=\"Manitoba\">Manitoba<\/option><option value=\"New Brunswick\">New Brunswick<\/option><option value=\"Newfoundland and Labrador\">Newfoundland and Labrador<\/option><option value=\"Northwest Territories\">Northwest Territories<\/option><option value=\"Nova Scotia\">Nova Scotia<\/option><option value=\"Nunavut\">Nunavut<\/option><option value=\"Ontario\">Ontario<\/option><option value=\"Prince Edward Island\">Prince Edward Island<\/option><option value=\"Qu\u00e9bec\">Qu\u00e9bec<\/option><option value=\"Saskatchewan\">Saskatchewan<\/option><option value=\"Yukon\">Yukon<\/option><\/select><\/span><\/label><\/span><br \/>\n<span class=\"col-50\"><label>Code postal<br \/>\n<span class=\"wpcf7-form-control-wrap\" data-name=\"postal-code\"><input size=\"40\" maxlength=\"400\" class=\"wpcf7-form-control wpcf7-text\" aria-invalid=\"false\" value=\"\" type=\"text\" name=\"postal-code\" \/><\/span><\/label><\/span>\n\t<\/p>\n<\/div>\n<div class=\"col-container\">\n\t<p><span class=\"col-50\"><label> Pour vous joindre (jour)<br \/>\n<span class=\"wpcf7-form-control-wrap\" data-name=\"days\"><select class=\"wpcf7-form-control wpcf7-select select\" aria-invalid=\"false\" name=\"days\"><option value=\"\">Lundi au dimanche<\/option><option value=\"Lundi au Vendredi\">Lundi au Vendredi<\/option><option value=\"Lundi\">Lundi<\/option><option value=\"Mardi\">Mardi<\/option><option value=\"Mercredi\">Mercredi<\/option><option value=\"Jeudi\">Jeudi<\/option><option value=\"Vendredi\">Vendredi<\/option><option value=\"Samedi\">Samedi<\/option><option value=\"Dimanche\">Dimanche<\/option><\/select><\/span><\/label><\/span><br \/>\n<span class=\"col-50\"><label> Pour vous joindre (heure)<br \/>\n<span class=\"wpcf7-form-control-wrap\" data-name=\"hours\"><select class=\"wpcf7-form-control wpcf7-select select\" aria-invalid=\"false\" name=\"hours\"><option value=\"\">En tout temps<\/option><option value=\"Matin\">Matin<\/option><option value=\"Apr\u00e8s-midi\">Apr\u00e8s-midi<\/option><option value=\"Soir\">Soir<\/option><\/select><\/span><\/label><\/span>\n\t<\/p>\n<\/div>\n<div class=\"col-container\">\n\t<p><span class=\"col-100\"><label>Message<span style=\"color:#ff0000;\">*<\/span><br \/>\n<span class=\"wpcf7-form-control-wrap\" data-name=\"your-message\"><textarea cols=\"40\" rows=\"4\" maxlength=\"2000\" class=\"wpcf7-form-control wpcf7-textarea wpcf7-validates-as-required\" aria-required=\"true\" aria-invalid=\"false\" name=\"your-message\"><\/textarea><\/span> <\/label><\/span>\n\t<\/p>\n<\/div>\n<p><input class=\"wpcf7-form-control wpcf7-submit has-spinner\" type=\"submit\" value=\"Envoyer\" \/>\n<\/p><div class=\"wpcf7-response-output\" aria-hidden=\"true\"><\/div>\n<\/form>\n<\/div>\n\t\t\t\t\t<\/div>\n\t\t\t\t<\/div>\n\t\t\t\t\t\t\t\t<\/div>\n\t\t\t\t<\/div>\n\t\t\t\t\t<\/div>\n\t\t<\/div>\n\t\t\t\t\t<\/div>\n\t\t<\/section>\n\t\t\t\t\t<\/div>\n\t\t<\/div>\n\t\t\t\t\t<\/div>\n\t\t<\/section>\n\t\t\t\t<\/div>\n\t\t","protected":false},"excerpt":{"rendered":"<p>Notre \u00e9quipe de sp\u00e9cialistes vous aidera dans votre demande personnelle en quelques \u00e9tapes simples: Pr\u00e9nom* Nom de famille* T\u00e9l\u00e9phone* Courriel* Type de demande* VOUS DEVEZ EN S\u00c9LECTIONNER UNRendez-vous de venteService et soutien apr\u00e8s-venteInformation g\u00e9n\u00e9raleAutre Type de produit* VOUS DEVEZ EN S\u00c9LECTIONNER UNLunettes et lumi\u00e8resMicroscopeCADI, capteurs et cam\u00e9rasMachine PANScanneurs 3D et produits CAD\/CAMImplantologieMat\u00e9riauxEZ DAM, blanchiment ou [&hellip;]<\/p>\n","protected":false},"author":1,"featured_media":0,"parent":0,"menu_order":2,"comment_status":"closed","ping_status":"closed","template":"","meta":{"_acf_changed":false,"footnotes":""},"class_list":["post-8523","page","type-page","status-publish","hentry"],"acf":[],"_links":{"self":[{"href":"https:\/\/www.synca.com\/fr-ca\/wp-json\/wp\/v2\/pages\/8523","targetHints":{"allow":["GET"]}}],"collection":[{"href":"https:\/\/www.synca.com\/fr-ca\/wp-json\/wp\/v2\/pages"}],"about":[{"href":"https:\/\/www.synca.com\/fr-ca\/wp-json\/wp\/v2\/types\/page"}],"author":[{"embeddable":true,"href":"https:\/\/www.synca.com\/fr-ca\/wp-json\/wp\/v2\/users\/1"}],"replies":[{"embeddable":true,"href":"https:\/\/www.synca.com\/fr-ca\/wp-json\/wp\/v2\/comments?post=8523"}],"version-history":[{"count":44,"href":"https:\/\/www.synca.com\/fr-ca\/wp-json\/wp\/v2\/pages\/8523\/revisions"}],"predecessor-version":[{"id":23163,"href":"https:\/\/www.synca.com\/fr-ca\/wp-json\/wp\/v2\/pages\/8523\/revisions\/23163"}],"wp:attachment":[{"href":"https:\/\/www.synca.com\/fr-ca\/wp-json\/wp\/v2\/media?parent=8523"}],"curies":[{"name":"wp","href":"https:\/\/api.w.org\/{rel}","templated":true}]}}